{"id":873,"date":"2015-07-03T19:37:34","date_gmt":"2015-07-03T19:37:34","guid":{"rendered":"https:\/\/www.bazarmerlin.com\/inicio\/?post_type=product&#038;p=873"},"modified":"2022-10-14T22:36:25","modified_gmt":"2022-10-14T22:36:25","slug":"sensor-cosmico-o-piramide-plana-17-cms-de-diametro","status":"publish","type":"product","link":"https:\/\/www.bazarmerlin.com\/inicio\/producto\/sensor-cosmico-o-piramide-plana-17-cms-de-diametro\/","title":{"rendered":"Sensor Cosmico O Piramide Plana &#8211; 2 Piezas De 17 Cms"},"content":{"rendered":"<p><strong>SENSOR C\u00d3SMICO O PIR\u00c1MIDE PLANA EN ACETATO &#8211; 2 Piezas<\/strong><br \/>\n<em>-Para Enmarcar de 17 Cm de Di\u00e1metro-<\/em><\/p>\n<p>&nbsp;<\/p>\n<p>*LOGRA LO QUE DESEAS EN AMOR Y EN ABUNDANCIA*<\/p>\n<p>Al poner en tu recamara INTENSIFICA TUS RELACIONES SEXUALES por encima de lo normal.<\/p>\n<p>Col\u00f3calo bajo tu almohada y obt\u00e9n un descanso mas profundo y reparador.<\/p>\n<p>UN SENSOR en nuestra habitaci\u00f3n retrasa el envejecimiento. Esta cient\u00edficamente comprobado que la acci\u00f3n de la pir\u00e1mide produce una recarga en las reservas de energ\u00eda del cuerpo, lo cual revitaliza el organismo con mayor, salud mental y optimismo.<\/p>\n<p>UN SENSOR en el monitor de la computadora neutraliza las emisiones electromagn\u00e9ticas altamente nocivas para el cuerpo humano. Igualmente con el celular, el horno de microondas, el televisor, etc.<\/p>\n<p>Uno de las mayores beneficios que reporta EL SENSOR es su capacidad para disminuir o eliminar el dolor, Por ejemplo, de cabeza, c\u00f3licos, muela, o\u00eddo o migra\u00f1a al solo contacto con la parte afectada.<\/p>\n<p>*EL DISCO PLANO emite ENERG\u00cdA DE PIR\u00c1MIDE, sin necesidad de tener las Medidas, Volumen o Restricciones de Alineamiento de una Pir\u00e1mide Convencional*<\/p>\n<p>&nbsp;<\/p>\n<p>&nbsp;<\/p>\n<p><strong>BAZAR MERL\u00cdN\u00ae<\/strong><br \/>\n<strong>El Lugar M\u00e1s M\u00edstico de Guadalajara<\/strong><br \/>\n<strong>ENVIAMOS A TODO M\u00c9XICO<\/strong><\/p>\n<!-- AddThis Advanced Settings generic via filter on the_content --><!-- AddThis Share Buttons generic via filter on the_content -->","protected":false},"excerpt":{"rendered":"<p>SENSOR C\u00d3SMICO O PIR\u00c1MIDE PLANA EN ACETATO &#8211; 2 Piezas -Para Enmarcar de 17 Cm de Di\u00e1metro- &nbsp; *LOGRA LO QUE DESEAS EN AMOR Y EN ABUNDANCIA* Al poner en tu recamara INTENSIFICA TUS RELACIONES SEXUALES por encima de lo normal. Col\u00f3calo bajo tu almohada y obt\u00e9n un descanso mas profundo y reparador. UN SENSOR&hellip;<!-- AddThis Advanced Settings generic via filter on get_the_excerpt --><!-- AddThis Share Buttons generic via filter on get_the_excerpt --><\/p>\n","protected":false},"featured_media":10363,"template":"","meta":[],"product_cat":[14],"product_tag":[654],"_links":{"self":[{"href":"https:\/\/www.bazarmerlin.com\/inicio\/wp-json\/wp\/v2\/product\/873"}],"collection":[{"href":"https:\/\/www.bazarmerlin.com\/inicio\/wp-json\/wp\/v2\/product"}],"about":[{"href":"https:\/\/www.bazarmerlin.com\/inicio\/wp-json\/wp\/v2\/types\/product"}],"wp:featuredmedia":[{"embeddable":true,"href":"https:\/\/www.bazarmerlin.com\/inicio\/wp-json\/wp\/v2\/media\/10363"}],"wp:attachment":[{"href":"https:\/\/www.bazarmerlin.com\/inicio\/wp-json\/wp\/v2\/media?parent=873"}],"wp:term":[{"taxonomy":"product_cat","embeddable":true,"href":"https:\/\/www.bazarmerlin.com\/inicio\/wp-json\/wp\/v2\/product_cat?post=873"},{"taxonomy":"product_tag","embeddable":true,"href":"https:\/\/www.bazarmerlin.com\/inicio\/wp-json\/wp\/v2\/product_tag?post=873"}],"curies":[{"name":"wp","href":"https:\/\/api.w.org\/{rel}","templated":true}]}}