{"id":8731,"date":"2022-05-20T22:52:41","date_gmt":"2022-05-20T22:52:41","guid":{"rendered":"https:\/\/www.bazarmerlin.com\/inicio\/?post_type=product&#038;p=8731"},"modified":"2022-12-01T21:46:27","modified_gmt":"2022-12-01T21:46:27","slug":"aceite-rey-salomon-poderoso-dominador-original","status":"publish","type":"product","link":"https:\/\/www.bazarmerlin.com\/inicio\/producto\/aceite-rey-salomon-poderoso-dominador-original\/","title":{"rendered":"Aceite Rey Salom\u00f3n &#8211; Poderoso Dominador Original"},"content":{"rendered":"<p><strong>LEGITIMO ACEITE REY SALOM\u00d3N DOMINADOR<\/strong><\/p>\n<p>&nbsp;<\/p>\n<p>Utiliza est\u00e9 aceite para dominar todas las oportunidades que se te presenten.<br \/>\nAtrae prosperidad en todas las \u00e1reas importantes de tu vida.<\/p>\n<p>Y LOGRA TAMBIEN PROTECCI\u00d3N.<\/p>\n<p>&nbsp;<\/p>\n<p>&nbsp;<\/p>\n<p><strong>BAZAR MERLIN<\/strong><br \/>\n<strong>El Lugar M\u00e1s M\u00edstico de Guadalajara<\/strong><br \/>\n<strong>ENVIAMOS A TODO M\u00c9XICO<\/strong>&#8230;<\/p>\n<!-- AddThis Advanced Settings generic via filter on the_content --><!-- AddThis Share Buttons generic via filter on the_content -->","protected":false},"excerpt":{"rendered":"<p>LEGITIMO ACEITE REY SALOM\u00d3N DOMINADOR &nbsp; Utiliza est\u00e9 aceite para dominar todas las oportunidades que se te presenten. Atrae prosperidad en todas las \u00e1reas importantes de tu vida. Y LOGRA TAMBIEN PROTECCI\u00d3N. &nbsp; &nbsp; BAZAR MERLIN El Lugar M\u00e1s M\u00edstico de Guadalajara ENVIAMOS A TODO M\u00c9XICO&#8230;<!-- AddThis Advanced Settings generic via filter on get_the_excerpt --><!-- AddThis Share Buttons generic via filter on get_the_excerpt --><\/p>\n","protected":false},"featured_media":10923,"template":"","meta":[],"product_cat":[20],"product_tag":[1923,1924],"_links":{"self":[{"href":"https:\/\/www.bazarmerlin.com\/inicio\/wp-json\/wp\/v2\/product\/8731"}],"collection":[{"href":"https:\/\/www.bazarmerlin.com\/inicio\/wp-json\/wp\/v2\/product"}],"about":[{"href":"https:\/\/www.bazarmerlin.com\/inicio\/wp-json\/wp\/v2\/types\/product"}],"wp:featuredmedia":[{"embeddable":true,"href":"https:\/\/www.bazarmerlin.com\/inicio\/wp-json\/wp\/v2\/media\/10923"}],"wp:attachment":[{"href":"https:\/\/www.bazarmerlin.com\/inicio\/wp-json\/wp\/v2\/media?parent=8731"}],"wp:term":[{"taxonomy":"product_cat","embeddable":true,"href":"https:\/\/www.bazarmerlin.com\/inicio\/wp-json\/wp\/v2\/product_cat?post=8731"},{"taxonomy":"product_tag","embeddable":true,"href":"https:\/\/www.bazarmerlin.com\/inicio\/wp-json\/wp\/v2\/product_tag?post=8731"}],"curies":[{"name":"wp","href":"https:\/\/api.w.org\/{rel}","templated":true}]}}