{"id":8733,"date":"2022-05-20T22:57:20","date_gmt":"2022-05-20T22:57:20","guid":{"rendered":"https:\/\/www.bazarmerlin.com\/inicio\/?post_type=product&#038;p=8733"},"modified":"2022-06-08T23:42:37","modified_gmt":"2022-06-08T23:42:37","slug":"locion-astral-7x7-contra-todo-dano-y-trabajos-de-magia","status":"publish","type":"product","link":"https:\/\/www.bazarmerlin.com\/inicio\/producto\/locion-astral-7x7-contra-todo-dano-y-trabajos-de-magia\/","title":{"rendered":"Loci\u00f3n Astral 7&#215;7 Contra Todo Da\u00f1o Y Trabajos De Magia"},"content":{"rendered":"<p><strong>PODEROSA LOCI\u00d3N ASTRAL 7 X 7 CONTRA TODO<\/strong><br \/>\n<em><strong>EFECTIVA CONTRA TRABAJOS DE MAGIA NEGRA Y TODO TIPO DE DA\u00d1O<\/strong><\/em><\/p>\n<p>&nbsp;<\/p>\n<p>Sus 49 esencias verdaderamente m\u00e1gicas te ayudar\u00e1n a abrir caminos en: Dinero, Amor, Trabajo Y Juegos de azar.<\/p>\n<p>Este poderosa loci\u00f3n est\u00e1 fabricada con 49 esencias m\u00edsticas las cuales son cargadas de forma magn\u00e9tica para obtener que decir y conseguirlo sin obst\u00e1culo alguno.<\/p>\n<p>Sirve contra todo da\u00f1o ya que desde la m\u00e1s remota antig\u00fcedad sus fuerzas naturales al ej\u00e9rcito poderes magn\u00e9ticos positivos sobre las personas que lo usan.<\/p>\n<p>Conforme el paso de los a\u00f1os se han realizado diversos estudios por alquimistas de alto poder, para detectar las fuerzas astrales y as\u00ed lograron reunir 49 esencias verdaderamente M\u00edsticas (7 x 7) obteniendo los m\u00e1s positivos poderes magn\u00e9ticos y para lograr un infalible proceso de la Alimentaci\u00f3n este poderoso perfume est\u00e1 reforzado con el poder magn\u00e9tico de 7 esencias de atracci\u00f3n.<\/p>\n<p>&nbsp;<\/p>\n<p>&nbsp;<\/p>\n<p><strong>BAZAR MERLIN\u00ae<\/strong><br \/>\n<strong>El Lugar M\u00e1s M\u00edstico de Guadalajara<\/strong><br \/>\n<strong>ENVIAMOS A TODO M\u00c9XICO&#8230;<\/strong><\/p>\n<!-- AddThis Advanced Settings generic via filter on the_content --><!-- AddThis Share Buttons generic via filter on the_content -->","protected":false},"excerpt":{"rendered":"<p>PODEROSA LOCI\u00d3N ASTRAL 7 X 7 CONTRA TODO EFECTIVA CONTRA TRABAJOS DE MAGIA NEGRA Y TODO TIPO DE DA\u00d1O &nbsp; Sus 49 esencias verdaderamente m\u00e1gicas te ayudar\u00e1n a abrir caminos en: Dinero, Amor, Trabajo Y Juegos de azar. Este poderosa loci\u00f3n est\u00e1 fabricada con 49 esencias m\u00edsticas las cuales son cargadas de forma magn\u00e9tica para&hellip;<!-- AddThis Advanced Settings generic via filter on get_the_excerpt --><!-- AddThis Share Buttons generic via filter on get_the_excerpt --><\/p>\n","protected":false},"featured_media":8734,"template":"","meta":[],"product_cat":[14],"product_tag":[1925],"_links":{"self":[{"href":"https:\/\/www.bazarmerlin.com\/inicio\/wp-json\/wp\/v2\/product\/8733"}],"collection":[{"href":"https:\/\/www.bazarmerlin.com\/inicio\/wp-json\/wp\/v2\/product"}],"about":[{"href":"https:\/\/www.bazarmerlin.com\/inicio\/wp-json\/wp\/v2\/types\/product"}],"wp:featuredmedia":[{"embeddable":true,"href":"https:\/\/www.bazarmerlin.com\/inicio\/wp-json\/wp\/v2\/media\/8734"}],"wp:attachment":[{"href":"https:\/\/www.bazarmerlin.com\/inicio\/wp-json\/wp\/v2\/media?parent=8733"}],"wp:term":[{"taxonomy":"product_cat","embeddable":true,"href":"https:\/\/www.bazarmerlin.com\/inicio\/wp-json\/wp\/v2\/product_cat?post=8733"},{"taxonomy":"product_tag","embeddable":true,"href":"https:\/\/www.bazarmerlin.com\/inicio\/wp-json\/wp\/v2\/product_tag?post=8733"}],"curies":[{"name":"wp","href":"https:\/\/api.w.org\/{rel}","templated":true}]}}