{"id":8738,"date":"2022-05-20T23:09:33","date_gmt":"2022-05-20T23:09:33","guid":{"rendered":"https:\/\/www.bazarmerlin.com\/inicio\/?post_type=product&#038;p=8738"},"modified":"2022-11-11T00:21:50","modified_gmt":"2022-11-11T00:21:50","slug":"poderoso-amuleto-mano-de-fatima-en-chapa-de-oro","status":"publish","type":"product","link":"https:\/\/www.bazarmerlin.com\/inicio\/producto\/poderoso-amuleto-mano-de-fatima-en-chapa-de-oro\/","title":{"rendered":"Poderoso Amuleto Mano De F\u00e1tima En Chapa De Oro"},"content":{"rendered":"<p><strong>PODEROSO AMULETO MANO DE FATIMA<\/strong><br \/>\n<em><strong>2.8 Cm de Altura<\/strong><\/em><\/p>\n<p>&nbsp;<\/p>\n<p>FINA CHAPA DE ORO<\/p>\n<p>La Mano de F\u00e1tima es un amuleto protector de origen isl\u00e1mico, representa una mano con sus dedos juntos se\u00f1alando hacia abajo y un ojo. En los pa\u00edses \u00e1rabes se conoce tambi\u00e9n como &#8220;Hamsa&#8221;, que significa cinco, el n\u00famero de dedos de la mano.<\/p>\n<p>La Hamsa sirve como advertencia y proteccion contra el mal de ojo (en hebreo ayin hara, en yidish aynore o ahore, en arabe ayin hasad), como una \u201cmano protectora\u201d o \u201cMano de Dios\u201d.<\/p>\n<p>Tiene tres poderosas funciones este amuleto: Proteger de todo mal, especialmente de las enfermedades; atraer la buena suerte, dado que la mano es la que guarda todo lo bueno que la vida puede darnos y, as\u00ed retiene la felicidad y ayuda a potenciar la paciencia..<\/p>\n<p>Se coloca en la entrada de la casa para que proteja a toda la familia y el hogar, tambi\u00e9n se puede llevar colgada del cuello.<\/p>\n<p>&nbsp;<\/p>\n<p>&nbsp;<\/p>\n<p><strong>BAZAR MERLIN<\/strong><br \/>\n<strong>El Lugar M\u00e1s M\u00edstico de Guadalajara<\/strong><br \/>\n<strong>ENVIAMOS A TODO M\u00c9XICO&#8230;<\/strong><\/p>\n<!-- AddThis Advanced Settings generic via filter on the_content --><!-- AddThis Share Buttons generic via filter on the_content -->","protected":false},"excerpt":{"rendered":"<p>PODEROSO AMULETO MANO DE FATIMA 2.8 Cm de Altura &nbsp; FINA CHAPA DE ORO La Mano de F\u00e1tima es un amuleto protector de origen isl\u00e1mico, representa una mano con sus dedos juntos se\u00f1alando hacia abajo y un ojo. En los pa\u00edses \u00e1rabes se conoce tambi\u00e9n como &#8220;Hamsa&#8221;, que significa cinco, el n\u00famero de dedos de&hellip;<!-- AddThis Advanced Settings generic via filter on get_the_excerpt --><!-- AddThis Share Buttons generic via filter on get_the_excerpt --><\/p>\n","protected":false},"featured_media":10715,"template":"","meta":[],"product_cat":[12],"product_tag":[1927],"_links":{"self":[{"href":"https:\/\/www.bazarmerlin.com\/inicio\/wp-json\/wp\/v2\/product\/8738"}],"collection":[{"href":"https:\/\/www.bazarmerlin.com\/inicio\/wp-json\/wp\/v2\/product"}],"about":[{"href":"https:\/\/www.bazarmerlin.com\/inicio\/wp-json\/wp\/v2\/types\/product"}],"wp:featuredmedia":[{"embeddable":true,"href":"https:\/\/www.bazarmerlin.com\/inicio\/wp-json\/wp\/v2\/media\/10715"}],"wp:attachment":[{"href":"https:\/\/www.bazarmerlin.com\/inicio\/wp-json\/wp\/v2\/media?parent=8738"}],"wp:term":[{"taxonomy":"product_cat","embeddable":true,"href":"https:\/\/www.bazarmerlin.com\/inicio\/wp-json\/wp\/v2\/product_cat?post=8738"},{"taxonomy":"product_tag","embeddable":true,"href":"https:\/\/www.bazarmerlin.com\/inicio\/wp-json\/wp\/v2\/product_tag?post=8738"}],"curies":[{"name":"wp","href":"https:\/\/api.w.org\/{rel}","templated":true}]}}