{"id":8740,"date":"2022-05-20T23:13:21","date_gmt":"2022-05-20T23:13:21","guid":{"rendered":"https:\/\/www.bazarmerlin.com\/inicio\/?post_type=product&#038;p=8740"},"modified":"2022-06-08T23:42:37","modified_gmt":"2022-06-08T23:42:37","slug":"estrella-de-david-chapa-de-oro-garantizada-y-con-7-metales","status":"publish","type":"product","link":"https:\/\/www.bazarmerlin.com\/inicio\/producto\/estrella-de-david-chapa-de-oro-garantizada-y-con-7-metales\/","title":{"rendered":"Estrella De David Chapa De Oro Garantizada Y Con 7 Metales"},"content":{"rendered":"<p><strong>ESTRELLA DE DAVID EN CHAPA DE ORO.<\/strong><br \/>\n<em><strong>TALISM\u00c1N DE PROTECCI\u00d3N CONTRA MALEFICIOS<\/strong><\/em><\/p>\n<p>&nbsp;<\/p>\n<p>Mide 3.2 CM de Altura Aproximado Considerando Pasa Cadena.<\/p>\n<p>Una de las protecciones mas poderosas contra todo tipo de da\u00f1os, adem\u00e1s atrae suerte en el amor, dinero, trabajo, amistades y salud !!! Todo esto por la poderosa simbologia y todos los cuarzos que contiene adentro&#8230;..<\/p>\n<p>LA ESTRELLA DE DAVID no es solo un s\u00edmbolo jud\u00edo, ya que dicha estrella aparece en Egipto, en sumerios, etc. pongamos que es un s\u00edmbolo universal, al igual que la cruz. El origen exacto no se sabe, ero la estrella de David o tambi\u00e9n llamada &#8220;SELLO DE SALOM\u00d3N&#8221;, trasciende lo religioso.<\/p>\n<p>EL TRIANGULO representa la sabiduria y la divinidad, pero tambi\u00e9n representa lo femenino y el deseo de acceder a &#8220;algo&#8221; elevado.<\/p>\n<p>EL TRIANGULO INVERTIDO de la Estrella de David simboliza lo masculino, Dios por encima del hombre.<\/p>\n<p>LOS DOS TRI\u00c1NGULOS UNIDOS que forman la estrella de David, crean 6 peque\u00f1os tri\u00e1ngulos y dicha uni\u00f3n crea una armonia entre el Hombre-Mujer, lo divino en el hombre, el cielo y la tierra en armonia, el polo positivo y el negativo en equilibrio. Es decir la uni\u00f3n con el cosmos o con la naturaleza c\u00f3smica.<\/p>\n<p>RESUMIENDO: La estrella de David representa el equilibrio de la naturaleza, nuestra uni\u00f3n con el todo y la armon\u00eda en la b\u00fasqueda de la sabidur\u00eda&#8230;<\/p>\n<p>&nbsp;<\/p>\n<p>&nbsp;<\/p>\n<p><strong>BAZAR MERLIN\u00ae<\/strong><br \/>\n<strong>El Lugar M\u00e1s M\u00edstico de Guadalajara<\/strong><br \/>\n<strong>ENVIAMOS A TODO M\u00c9XICO\u2026<\/strong><\/p>\n<!-- AddThis Advanced Settings generic via filter on the_content --><!-- AddThis Share Buttons generic via filter on the_content -->","protected":false},"excerpt":{"rendered":"<p>ESTRELLA DE DAVID EN CHAPA DE ORO. TALISM\u00c1N DE PROTECCI\u00d3N CONTRA MALEFICIOS &nbsp; Mide 3.2 CM de Altura Aproximado Considerando Pasa Cadena. Una de las protecciones mas poderosas contra todo tipo de da\u00f1os, adem\u00e1s atrae suerte en el amor, dinero, trabajo, amistades y salud !!! Todo esto por la poderosa simbologia y todos los cuarzos&hellip;<!-- AddThis Advanced Settings generic via filter on get_the_excerpt --><!-- AddThis Share Buttons generic via filter on get_the_excerpt --><\/p>\n","protected":false},"featured_media":8741,"template":"","meta":[],"product_cat":[12],"product_tag":[1928],"_links":{"self":[{"href":"https:\/\/www.bazarmerlin.com\/inicio\/wp-json\/wp\/v2\/product\/8740"}],"collection":[{"href":"https:\/\/www.bazarmerlin.com\/inicio\/wp-json\/wp\/v2\/product"}],"about":[{"href":"https:\/\/www.bazarmerlin.com\/inicio\/wp-json\/wp\/v2\/types\/product"}],"wp:featuredmedia":[{"embeddable":true,"href":"https:\/\/www.bazarmerlin.com\/inicio\/wp-json\/wp\/v2\/media\/8741"}],"wp:attachment":[{"href":"https:\/\/www.bazarmerlin.com\/inicio\/wp-json\/wp\/v2\/media?parent=8740"}],"wp:term":[{"taxonomy":"product_cat","embeddable":true,"href":"https:\/\/www.bazarmerlin.com\/inicio\/wp-json\/wp\/v2\/product_cat?post=8740"},{"taxonomy":"product_tag","embeddable":true,"href":"https:\/\/www.bazarmerlin.com\/inicio\/wp-json\/wp\/v2\/product_tag?post=8740"}],"curies":[{"name":"wp","href":"https:\/\/api.w.org\/{rel}","templated":true}]}}