{"id":8742,"date":"2022-05-20T23:18:31","date_gmt":"2022-05-20T23:18:31","guid":{"rendered":"https:\/\/www.bazarmerlin.com\/inicio\/?post_type=product&#038;p=8742"},"modified":"2022-06-08T23:42:37","modified_gmt":"2022-06-08T23:42:37","slug":"locion-violetas-peticiones-y-liberacion-de-problemas","status":"publish","type":"product","link":"https:\/\/www.bazarmerlin.com\/inicio\/producto\/locion-violetas-peticiones-y-liberacion-de-problemas\/","title":{"rendered":"Loci\u00f3n Violetas &#8211; Peticiones Y Liberaci\u00f3n De Problemas"},"content":{"rendered":"<p><strong>LOCI\u00d3N VIOLETAS PETICIONES Y LIBERACI\u00d3N<\/strong><br \/>\n<em><strong>CONTIENE 500 ML<\/strong><\/em><\/p>\n<p>&nbsp;<\/p>\n<p>Loci\u00f3n genuina, \u00fatil para inclinar situaciones adversas o peticiones, liberaciones de problemas, atrae el amor a tu vida<\/p>\n<p>Con mucha fe \u00fasela despu\u00e9s del ba\u00f1\u00f3 en todo el cuerpo \u00f3 ri\u00e9gala en tu hogar, negocio, etc.<\/p>\n<p>&nbsp;<\/p>\n<p>&nbsp;<\/p>\n<p><strong>BAZAR MERLIN\u00ae<\/strong><br \/>\n<strong>El Lugar M\u00e1s M\u00edstico de Guadalajara<\/strong><br \/>\n<strong>ENVIAMOS A TODO M\u00c9XICO&#8230;<\/strong><\/p>\n<!-- AddThis Advanced Settings generic via filter on the_content --><!-- AddThis Share Buttons generic via filter on the_content -->","protected":false},"excerpt":{"rendered":"<p>LOCI\u00d3N VIOLETAS PETICIONES Y LIBERACI\u00d3N CONTIENE 500 ML &nbsp; Loci\u00f3n genuina, \u00fatil para inclinar situaciones adversas o peticiones, liberaciones de problemas, atrae el amor a tu vida Con mucha fe \u00fasela despu\u00e9s del ba\u00f1\u00f3 en todo el cuerpo \u00f3 ri\u00e9gala en tu hogar, negocio, etc. &nbsp; &nbsp; BAZAR MERLIN\u00ae El Lugar M\u00e1s M\u00edstico de Guadalajara&hellip;<!-- AddThis Advanced Settings generic via filter on get_the_excerpt --><!-- AddThis Share Buttons generic via filter on get_the_excerpt --><\/p>\n","protected":false},"featured_media":8743,"template":"","meta":[],"product_cat":[14],"product_tag":[1929,1930],"_links":{"self":[{"href":"https:\/\/www.bazarmerlin.com\/inicio\/wp-json\/wp\/v2\/product\/8742"}],"collection":[{"href":"https:\/\/www.bazarmerlin.com\/inicio\/wp-json\/wp\/v2\/product"}],"about":[{"href":"https:\/\/www.bazarmerlin.com\/inicio\/wp-json\/wp\/v2\/types\/product"}],"wp:featuredmedia":[{"embeddable":true,"href":"https:\/\/www.bazarmerlin.com\/inicio\/wp-json\/wp\/v2\/media\/8743"}],"wp:attachment":[{"href":"https:\/\/www.bazarmerlin.com\/inicio\/wp-json\/wp\/v2\/media?parent=8742"}],"wp:term":[{"taxonomy":"product_cat","embeddable":true,"href":"https:\/\/www.bazarmerlin.com\/inicio\/wp-json\/wp\/v2\/product_cat?post=8742"},{"taxonomy":"product_tag","embeddable":true,"href":"https:\/\/www.bazarmerlin.com\/inicio\/wp-json\/wp\/v2\/product_tag?post=8742"}],"curies":[{"name":"wp","href":"https:\/\/api.w.org\/{rel}","templated":true}]}}