{"id":8749,"date":"2022-05-20T23:34:30","date_gmt":"2022-05-20T23:34:30","guid":{"rendered":"https:\/\/www.bazarmerlin.com\/inicio\/?post_type=product&#038;p=8749"},"modified":"2022-09-28T20:55:38","modified_gmt":"2022-09-28T20:55:38","slug":"balsamo-santisima-muerte-lo-mejor-contra-brujerias-y-dolores","status":"publish","type":"product","link":"https:\/\/www.bazarmerlin.com\/inicio\/producto\/balsamo-santisima-muerte-lo-mejor-contra-brujerias-y-dolores\/","title":{"rendered":"B\u00e1lsamo Sant\u00edsima Muerte Lo Mejor Contra Brujer\u00edas Y Dolores"},"content":{"rendered":"<p><strong>\u00a0AUTENTICO B\u00c1LSAMO SANTISIMA MUERTE &#8211; IMPORTADO\u00a0<\/strong><br \/>\n<em><strong>PARA LIMPIAS, CURACIONES Y TRABAJOS ESPIRITUALES<\/strong><\/em><\/p>\n<p>&nbsp;<\/p>\n<p>DA MUCHA SUERTE.<\/p>\n<p>La elaboraci\u00f3n de estos ART\u00cdCULOS ESOTERICOS M\u00c1GICOS viene desde tiempos muy remotos,eran utilizados en los templos espirituales. La funci\u00f3n de ellos es la de PURIFICAR TODA ENERG\u00cdA negativa en nuestro hogar, negocio o a nivel personal.<\/p>\n<p>La elaboraci\u00f3n de estos se basa principalmente en la mezcla de diversas plantas, flores y raices, as\u00ed como la mezcla de distintas fragancias, todas ellas cumpliendo una FUNCI\u00d3N MISTICA Y DE PROTECCI\u00d3N hacia tal o cual fin.<\/p>\n<p>En la elaboraci\u00f3n de estos b\u00e1lsamos son indispensables las oraciones ya que a trav\u00e9s de ellas canalizamos esa energ\u00eda que llegamos a tener.<\/p>\n<p>Si el DINERO no te rinde o simplemente no llega, con esta loci\u00f3n especial el DINERO volver\u00e1 a fluir tus EMPRESAS ser\u00e1n EXITOSAS y tu te sentir\u00e1s seguro de poder proveer todo para EL BIENESTAR DE TU FAMILIA no lo pienses m\u00e1s, cambia tu SUERTE y vida con el original B\u00e1lsamo Sant\u00edsima Muerte.<\/p>\n<p>Ideal para tus limpias de casa y negocio la mejor es B\u00e1lsamo Sant\u00edsima Muerte que elimina las malas vibras que no te permiten avanzar \u00fasala ahora mismo y notar\u00e1s un cambio en tu VIDA Y NEGOCIOS.<\/p>\n<p>&#8212; PRODUCTO IMPORTADO &#8212;<\/p>\n<p>&nbsp;<\/p>\n<p>&nbsp;<\/p>\n<p><strong>BAZAR MERLIN<\/strong><br \/>\n<strong>El Lugar M\u00e1s M\u00edstico de Guadalajara<\/strong><br \/>\n<strong>ENVIAMOS A TODO M\u00c9XICO&#8230;<\/strong><\/p>\n<!-- AddThis Advanced Settings generic via filter on the_content --><!-- AddThis Share Buttons generic via filter on the_content -->","protected":false},"excerpt":{"rendered":"<p>\u00a0AUTENTICO B\u00c1LSAMO SANTISIMA MUERTE &#8211; IMPORTADO\u00a0 PARA LIMPIAS, CURACIONES Y TRABAJOS ESPIRITUALES &nbsp; DA MUCHA SUERTE. La elaboraci\u00f3n de estos ART\u00cdCULOS ESOTERICOS M\u00c1GICOS viene desde tiempos muy remotos,eran utilizados en los templos espirituales. La funci\u00f3n de ellos es la de PURIFICAR TODA ENERG\u00cdA negativa en nuestro hogar, negocio o a nivel personal. La elaboraci\u00f3n de&hellip;<!-- AddThis Advanced Settings generic via filter on get_the_excerpt --><!-- AddThis Share Buttons generic via filter on get_the_excerpt --><\/p>\n","protected":false},"featured_media":10142,"template":"","meta":[],"product_cat":[14],"product_tag":[1934],"_links":{"self":[{"href":"https:\/\/www.bazarmerlin.com\/inicio\/wp-json\/wp\/v2\/product\/8749"}],"collection":[{"href":"https:\/\/www.bazarmerlin.com\/inicio\/wp-json\/wp\/v2\/product"}],"about":[{"href":"https:\/\/www.bazarmerlin.com\/inicio\/wp-json\/wp\/v2\/types\/product"}],"wp:featuredmedia":[{"embeddable":true,"href":"https:\/\/www.bazarmerlin.com\/inicio\/wp-json\/wp\/v2\/media\/10142"}],"wp:attachment":[{"href":"https:\/\/www.bazarmerlin.com\/inicio\/wp-json\/wp\/v2\/media?parent=8749"}],"wp:term":[{"taxonomy":"product_cat","embeddable":true,"href":"https:\/\/www.bazarmerlin.com\/inicio\/wp-json\/wp\/v2\/product_cat?post=8749"},{"taxonomy":"product_tag","embeddable":true,"href":"https:\/\/www.bazarmerlin.com\/inicio\/wp-json\/wp\/v2\/product_tag?post=8749"}],"curies":[{"name":"wp","href":"https:\/\/api.w.org\/{rel}","templated":true}]}}