{"id":8753,"date":"2022-05-23T17:09:23","date_gmt":"2022-05-23T17:09:23","guid":{"rendered":"https:\/\/www.bazarmerlin.com\/inicio\/?post_type=product&#038;p=8753"},"modified":"2022-06-08T23:42:37","modified_gmt":"2022-06-08T23:42:37","slug":"locion-suerte-rapida-dinero-y-buenos-negocios","status":"publish","type":"product","link":"https:\/\/www.bazarmerlin.com\/inicio\/producto\/locion-suerte-rapida-dinero-y-buenos-negocios\/","title":{"rendered":"Loci\u00f3n Suerte R\u00e1pida &#8211; Dinero Y Buenos Negocios"},"content":{"rendered":"<p><strong>LOCI\u00d3N SUERTE RAPIDA<\/strong><br \/>\n<strong>DINERO Y BUENOS NEGOCIOS<\/strong><\/p>\n<p><em><strong>CONTIENE 500 ML<\/strong><\/em><\/p>\n<p>&nbsp;<\/p>\n<p>Con esta mezcla arom\u00e1tica podr\u00e1s atraer a tu vida la suerte, dinero, Buenos negocios, abundancia, amor, juegos, etc.<\/p>\n<p>Con mucha fe di las siguientes palabras haciendo oraci\u00f3n:<\/p>\n<p>Oh Dios! Grande, Bendito y Misericordioso, sublime creador de este inmenso universo, acudo a ti para solicitar tus dones y mejorar mi vida financiera. Que desde la coronilla de mi cabeza hasta las plantas de mis pies, yo est\u00e9 rodeado por un mar de riqueza.<\/p>\n<p>Riega esta loci\u00f3n en tu hogar y en tus manos.<\/p>\n<p>&nbsp;<\/p>\n<p>&nbsp;<\/p>\n<p><strong>BAZAR MERLIN\u00ae<\/strong><br \/>\n<strong>El Lugar M\u00e1s M\u00edstico de Guadalajara<\/strong><br \/>\n<strong>ENVIAMOS A TODO M\u00c9XICO&#8230;<\/strong><\/p>\n<!-- AddThis Advanced Settings generic via filter on the_content --><!-- AddThis Share Buttons generic via filter on the_content -->","protected":false},"excerpt":{"rendered":"<p>LOCI\u00d3N SUERTE RAPIDA DINERO Y BUENOS NEGOCIOS CONTIENE 500 ML &nbsp; Con esta mezcla arom\u00e1tica podr\u00e1s atraer a tu vida la suerte, dinero, Buenos negocios, abundancia, amor, juegos, etc. Con mucha fe di las siguientes palabras haciendo oraci\u00f3n: Oh Dios! Grande, Bendito y Misericordioso, sublime creador de este inmenso universo, acudo a ti para solicitar&hellip;<!-- AddThis Advanced Settings generic via filter on get_the_excerpt --><!-- AddThis Share Buttons generic via filter on get_the_excerpt --><\/p>\n","protected":false},"featured_media":8754,"template":"","meta":[],"product_cat":[14],"product_tag":[1936,1935],"_links":{"self":[{"href":"https:\/\/www.bazarmerlin.com\/inicio\/wp-json\/wp\/v2\/product\/8753"}],"collection":[{"href":"https:\/\/www.bazarmerlin.com\/inicio\/wp-json\/wp\/v2\/product"}],"about":[{"href":"https:\/\/www.bazarmerlin.com\/inicio\/wp-json\/wp\/v2\/types\/product"}],"wp:featuredmedia":[{"embeddable":true,"href":"https:\/\/www.bazarmerlin.com\/inicio\/wp-json\/wp\/v2\/media\/8754"}],"wp:attachment":[{"href":"https:\/\/www.bazarmerlin.com\/inicio\/wp-json\/wp\/v2\/media?parent=8753"}],"wp:term":[{"taxonomy":"product_cat","embeddable":true,"href":"https:\/\/www.bazarmerlin.com\/inicio\/wp-json\/wp\/v2\/product_cat?post=8753"},{"taxonomy":"product_tag","embeddable":true,"href":"https:\/\/www.bazarmerlin.com\/inicio\/wp-json\/wp\/v2\/product_tag?post=8753"}],"curies":[{"name":"wp","href":"https:\/\/api.w.org\/{rel}","templated":true}]}}