{"id":8755,"date":"2022-05-23T17:25:11","date_gmt":"2022-05-23T17:25:11","guid":{"rendered":"https:\/\/www.bazarmerlin.com\/inicio\/?post_type=product&#038;p=8755"},"modified":"2022-06-08T23:42:38","modified_gmt":"2022-06-08T23:42:38","slug":"spray-san-miguel-arcangel-liberate-de-brujerias-y-hechizos","status":"publish","type":"product","link":"https:\/\/www.bazarmerlin.com\/inicio\/producto\/spray-san-miguel-arcangel-liberate-de-brujerias-y-hechizos\/","title":{"rendered":"Spray San Miguel Arcangel &#8211; Liberate De Brujerias Y Hechizos"},"content":{"rendered":"<p><strong>Spray San Miguel Arc\u00e1ngel<\/strong><\/p>\n<p>&nbsp;<\/p>\n<p>Con el spray de San Miguel Arc\u00e1ngel le ayudar\u00e1 para tener protecci\u00f3n, para librarse de enemigos, hechizos, maldad, envidia y brujer\u00eda. Para protegerse de malos esp\u00edritus o seres. Es el \u00e1ngel protector ante las fuerzas del mal, nos defiende ante los peligros que se nos puedan presentar.<\/p>\n<p>Puedes usarlo en ti o en tu negocio y casa, as\u00ed como para cualquier integrante de tu familia.<\/p>\n<p>&nbsp;<\/p>\n<p>Modo de uso:<\/p>\n<p>1. Apl\u00edcalo en las esquinas y en cada habitaci\u00f3n de tu casa o negocio, lo mas arriba posible para que el aroma roci\u00e9 completamente.<br \/>\n2. Puede usarse para aplicar en trabajos de limpia y en veladoras antes de encenderlas.<\/p>\n<p>Util\u00edcelo diario y con mucha FE. Puede apoyarse de la oraci\u00f3n impresa en la lata o su propia oraci\u00f3n al momento de utilizarlo.<\/p>\n<p>&nbsp;<\/p>\n<p>&nbsp;<\/p>\n<p><strong>BAZAR MERLIN<\/strong><br \/>\n<strong>El Lugar M\u00e1s M\u00edstico de Guadalajara<\/strong><br \/>\n<strong>ENVIAMOS A TODO M\u00c9XICO\u2026<\/strong><\/p>\n<!-- AddThis Advanced Settings generic via filter on the_content --><!-- AddThis Share Buttons generic via filter on the_content -->","protected":false},"excerpt":{"rendered":"<p>Spray San Miguel Arc\u00e1ngel &nbsp; Con el spray de San Miguel Arc\u00e1ngel le ayudar\u00e1 para tener protecci\u00f3n, para librarse de enemigos, hechizos, maldad, envidia y brujer\u00eda. Para protegerse de malos esp\u00edritus o seres. Es el \u00e1ngel protector ante las fuerzas del mal, nos defiende ante los peligros que se nos puedan presentar. Puedes usarlo en&hellip;<!-- AddThis Advanced Settings generic via filter on get_the_excerpt --><!-- AddThis Share Buttons generic via filter on get_the_excerpt --><\/p>\n","protected":false},"featured_media":8756,"template":"","meta":[],"product_cat":[14],"product_tag":[1938,1937],"_links":{"self":[{"href":"https:\/\/www.bazarmerlin.com\/inicio\/wp-json\/wp\/v2\/product\/8755"}],"collection":[{"href":"https:\/\/www.bazarmerlin.com\/inicio\/wp-json\/wp\/v2\/product"}],"about":[{"href":"https:\/\/www.bazarmerlin.com\/inicio\/wp-json\/wp\/v2\/types\/product"}],"wp:featuredmedia":[{"embeddable":true,"href":"https:\/\/www.bazarmerlin.com\/inicio\/wp-json\/wp\/v2\/media\/8756"}],"wp:attachment":[{"href":"https:\/\/www.bazarmerlin.com\/inicio\/wp-json\/wp\/v2\/media?parent=8755"}],"wp:term":[{"taxonomy":"product_cat","embeddable":true,"href":"https:\/\/www.bazarmerlin.com\/inicio\/wp-json\/wp\/v2\/product_cat?post=8755"},{"taxonomy":"product_tag","embeddable":true,"href":"https:\/\/www.bazarmerlin.com\/inicio\/wp-json\/wp\/v2\/product_tag?post=8755"}],"curies":[{"name":"wp","href":"https:\/\/api.w.org\/{rel}","templated":true}]}}