{"id":8759,"date":"2022-05-23T17:40:12","date_gmt":"2022-05-23T17:40:12","guid":{"rendered":"https:\/\/www.bazarmerlin.com\/inicio\/?post_type=product&#038;p=8759"},"modified":"2022-11-01T22:16:51","modified_gmt":"2022-11-01T22:16:51","slug":"dije-consagrado-de-los-7-elefantes-de-la-fortuna-y-exito","status":"publish","type":"product","link":"https:\/\/www.bazarmerlin.com\/inicio\/producto\/dije-consagrado-de-los-7-elefantes-de-la-fortuna-y-exito\/","title":{"rendered":"Dije Consagrado De Los 7 Elefantes De La Fortuna Y \u00c9xito"},"content":{"rendered":"<div class=\"ui-pdp-container__row ui-pdp-container__row--description\">\n<div class=\"ui-pdp-description\">\n<p class=\"ui-pdp-description__content\"><strong>DIJE CONSAGRADO DE LOS 7 ELEFANTES<\/strong><\/p>\n<p><em><strong>-Para la PROSPERIDAD, FORTUNA Y \u00c9XITO-<\/strong><\/em><\/p>\n<p>&nbsp;<\/p>\n<p>LOS ELEFANTES en este Poderoso Dije simbolizan el trabajo en equipo,y buen funcionamiento, adem\u00e1s de la SALUD, PROSPERIDAD y sobre todo la FORTUNA, as\u00ed que es conveniente tener en el trabajo un Dije con forma de elefante.<\/p>\n<p>Adem\u00e1s, el elefante es una figura adecuada para proteger a la familia; por eso es positivo poseer uno en el entorno familiar y en el hogar. Tener este Dije ayuda en las inversiones financieras, en el azar y en general, a ahorrar, ll\u00e9valo consagrado especialmente para ti.<\/p>\n<p>Puede portarse con otros amuletos para reforzar y equilibrar.<\/p>\n<\/div>\n<\/div>\n<p>&nbsp;<\/p>\n<p>&nbsp;<\/p>\n<div class=\"ui-pdp-container__row ui-pdp-container__row--description\">\n<div class=\"ui-pdp-description\">\n<p><strong>BAZAR MERLIN\u00ae<\/strong><br \/>\n<strong>El Lugar M\u00e1s M\u00edstico de Guadalajara<\/strong><br \/>\n<strong>ENVIAMOS A TODO M\u00c9XICO&#8230;<\/strong><\/p>\n<\/div>\n<\/div>\n<div class=\"ui-pdp-qadb\">\n<h2 class=\"ui-pdp-qadb__title\"><\/h2>\n<\/div>\n<!-- AddThis Advanced Settings generic via filter on the_content --><!-- AddThis Share Buttons generic via filter on the_content -->","protected":false},"excerpt":{"rendered":"<p>DIJE CONSAGRADO DE LOS 7 ELEFANTES -Para la PROSPERIDAD, FORTUNA Y \u00c9XITO- &nbsp; LOS ELEFANTES en este Poderoso Dije simbolizan el trabajo en equipo,y buen funcionamiento, adem\u00e1s de la SALUD, PROSPERIDAD y sobre todo la FORTUNA, as\u00ed que es conveniente tener en el trabajo un Dije con forma de elefante. Adem\u00e1s, el elefante es una&hellip;<!-- AddThis Advanced Settings generic via filter on get_the_excerpt --><!-- AddThis Share Buttons generic via filter on get_the_excerpt --><\/p>\n","protected":false},"featured_media":10611,"template":"","meta":[],"product_cat":[12],"product_tag":[1940],"_links":{"self":[{"href":"https:\/\/www.bazarmerlin.com\/inicio\/wp-json\/wp\/v2\/product\/8759"}],"collection":[{"href":"https:\/\/www.bazarmerlin.com\/inicio\/wp-json\/wp\/v2\/product"}],"about":[{"href":"https:\/\/www.bazarmerlin.com\/inicio\/wp-json\/wp\/v2\/types\/product"}],"wp:featuredmedia":[{"embeddable":true,"href":"https:\/\/www.bazarmerlin.com\/inicio\/wp-json\/wp\/v2\/media\/10611"}],"wp:attachment":[{"href":"https:\/\/www.bazarmerlin.com\/inicio\/wp-json\/wp\/v2\/media?parent=8759"}],"wp:term":[{"taxonomy":"product_cat","embeddable":true,"href":"https:\/\/www.bazarmerlin.com\/inicio\/wp-json\/wp\/v2\/product_cat?post=8759"},{"taxonomy":"product_tag","embeddable":true,"href":"https:\/\/www.bazarmerlin.com\/inicio\/wp-json\/wp\/v2\/product_tag?post=8759"}],"curies":[{"name":"wp","href":"https:\/\/api.w.org\/{rel}","templated":true}]}}