{"id":8768,"date":"2022-05-23T19:43:05","date_gmt":"2022-05-23T19:43:05","guid":{"rendered":"https:\/\/www.bazarmerlin.com\/inicio\/?post_type=product&#038;p=8768"},"modified":"2022-06-08T23:42:38","modified_gmt":"2022-06-08T23:42:38","slug":"balsamo-limpias-fuertes-espirituales-tumba-trabajos","status":"publish","type":"product","link":"https:\/\/www.bazarmerlin.com\/inicio\/producto\/balsamo-limpias-fuertes-espirituales-tumba-trabajos\/","title":{"rendered":"B\u00e1lsamo Limpias Fuertes Espirituales Tumba Trabajos"},"content":{"rendered":"<p><strong>B\u00c1LSAMO TUMBA TRABAJO<\/strong><br \/>\n<strong>PARA LIMPIAS<\/strong><\/p>\n<p>&nbsp;<\/p>\n<p>PARA RETIRAR ENVIDIAS Y MALAS VIBRACIONES.<\/p>\n<p>Indicado para las personas que son OBJETIVO continuo de BRUJER\u00cdAS que les impiden que sus asuntos tengan \u00c9XITO<\/p>\n<p>Al usarla tendr\u00e1 en su vida TRIUNFO, FORTUNA, PROTECCI\u00d3N Y VICTORIA en todo lo que realice CONTRA hechizos y trabajos, BLOQUEOS Y MALA SUERTE EN GENERAL<\/p>\n<p>B\u00e1lsamo elaborado ARTESANALMENTE por SANTEROS EXPERTOS y<br \/>\nhecho con EXTRACTOS DE HIERBAS Y ACEITES ESENCIALES.<\/p>\n<p>&nbsp;<\/p>\n<p>&nbsp;<\/p>\n<p><strong>BAZAR MERLIN<\/strong><br \/>\n<strong>El Lugar M\u00e1s M\u00edstico de Guadalajara<\/strong><br \/>\n<strong>ENVIAMOS A TODO M\u00c9XICO&#8230;<\/strong><\/p>\n<!-- AddThis Advanced Settings generic via filter on the_content --><!-- AddThis Share Buttons generic via filter on the_content -->","protected":false},"excerpt":{"rendered":"<p>B\u00c1LSAMO TUMBA TRABAJO PARA LIMPIAS &nbsp; PARA RETIRAR ENVIDIAS Y MALAS VIBRACIONES. Indicado para las personas que son OBJETIVO continuo de BRUJER\u00cdAS que les impiden que sus asuntos tengan \u00c9XITO Al usarla tendr\u00e1 en su vida TRIUNFO, FORTUNA, PROTECCI\u00d3N Y VICTORIA en todo lo que realice CONTRA hechizos y trabajos, BLOQUEOS Y MALA SUERTE EN&hellip;<!-- AddThis Advanced Settings generic via filter on get_the_excerpt --><!-- AddThis Share Buttons generic via filter on get_the_excerpt --><\/p>\n","protected":false},"featured_media":8769,"template":"","meta":[],"product_cat":[14],"product_tag":[1942],"_links":{"self":[{"href":"https:\/\/www.bazarmerlin.com\/inicio\/wp-json\/wp\/v2\/product\/8768"}],"collection":[{"href":"https:\/\/www.bazarmerlin.com\/inicio\/wp-json\/wp\/v2\/product"}],"about":[{"href":"https:\/\/www.bazarmerlin.com\/inicio\/wp-json\/wp\/v2\/types\/product"}],"wp:featuredmedia":[{"embeddable":true,"href":"https:\/\/www.bazarmerlin.com\/inicio\/wp-json\/wp\/v2\/media\/8769"}],"wp:attachment":[{"href":"https:\/\/www.bazarmerlin.com\/inicio\/wp-json\/wp\/v2\/media?parent=8768"}],"wp:term":[{"taxonomy":"product_cat","embeddable":true,"href":"https:\/\/www.bazarmerlin.com\/inicio\/wp-json\/wp\/v2\/product_cat?post=8768"},{"taxonomy":"product_tag","embeddable":true,"href":"https:\/\/www.bazarmerlin.com\/inicio\/wp-json\/wp\/v2\/product_tag?post=8768"}],"curies":[{"name":"wp","href":"https:\/\/api.w.org\/{rel}","templated":true}]}}