{"id":8784,"date":"2022-05-23T22:29:03","date_gmt":"2022-05-23T22:29:03","guid":{"rendered":"https:\/\/www.bazarmerlin.com\/inicio\/?post_type=product&#038;p=8784"},"modified":"2023-08-19T00:52:07","modified_gmt":"2023-08-19T00:52:07","slug":"jabon-de-san-cipriano-contra-danos-y-brujeria-2","status":"publish","type":"product","link":"https:\/\/www.bazarmerlin.com\/inicio\/producto\/jabon-de-san-cipriano-contra-danos-y-brujeria-2\/","title":{"rendered":"Jab\u00f3n De San Cipriano &#8211; Contra Da\u00f1os Y Brujeria"},"content":{"rendered":"<p><strong>JAB\u00d3N DE SAN CIPRIANO ( CORTA Y LIMPIA )<\/strong><br \/>\n<em><strong>UTIL\u00cdZALO EN TU BA\u00d1O DIARIO PARA QUITAR Y PREVENIR EL MAL DE OJO.<\/strong><\/em><\/p>\n<p>&nbsp;<\/p>\n<p>Jab\u00f3n SAN CIPRIANO . Para purificar y limpiar. Jab\u00f3n fabricado mediante proceso artesanal y elaborado con ingredientes vegetales de primera calidad, suave y natural, y respetuoso con el medio ambiente.<\/p>\n<p>Este jab\u00f3n utiliza antiguas f\u00f3rmulas de santer\u00eda, a base de hierbas y aceites esenciales.<\/p>\n<p>As\u00ed es como la verdadera magia es llevada al cuarto de ba\u00f1o, promoviendo el bienestar y produciendo un estado mental positivo que nos ayudar\u00e1 a atraer la prosperidad, el amor y la abundancia.<\/p>\n<p>&nbsp;<\/p>\n<p>&nbsp;<\/p>\n<p><strong>BAZAR MERLIN<\/strong><br \/>\n<strong>El Lugar M\u00e1s M\u00edstico de Guadalajara<\/strong><br \/>\n<strong>ENVIAMOS A TODO M\u00c9XICO&#8230;<\/strong><\/p>\n<!-- AddThis Advanced Settings generic via filter on the_content --><!-- AddThis Share Buttons generic via filter on the_content -->","protected":false},"excerpt":{"rendered":"<p>JAB\u00d3N DE SAN CIPRIANO ( CORTA Y LIMPIA ) UTIL\u00cdZALO EN TU BA\u00d1O DIARIO PARA QUITAR Y PREVENIR EL MAL DE OJO. &nbsp; Jab\u00f3n SAN CIPRIANO . Para purificar y limpiar. Jab\u00f3n fabricado mediante proceso artesanal y elaborado con ingredientes vegetales de primera calidad, suave y natural, y respetuoso con el medio ambiente. Este jab\u00f3n&hellip;<!-- AddThis Advanced Settings generic via filter on get_the_excerpt --><!-- AddThis Share Buttons generic via filter on get_the_excerpt --><\/p>\n","protected":false},"featured_media":8783,"template":"","meta":[],"product_cat":[14],"product_tag":[1564,1563],"_links":{"self":[{"href":"https:\/\/www.bazarmerlin.com\/inicio\/wp-json\/wp\/v2\/product\/8784"}],"collection":[{"href":"https:\/\/www.bazarmerlin.com\/inicio\/wp-json\/wp\/v2\/product"}],"about":[{"href":"https:\/\/www.bazarmerlin.com\/inicio\/wp-json\/wp\/v2\/types\/product"}],"wp:featuredmedia":[{"embeddable":true,"href":"https:\/\/www.bazarmerlin.com\/inicio\/wp-json\/wp\/v2\/media\/8783"}],"wp:attachment":[{"href":"https:\/\/www.bazarmerlin.com\/inicio\/wp-json\/wp\/v2\/media?parent=8784"}],"wp:term":[{"taxonomy":"product_cat","embeddable":true,"href":"https:\/\/www.bazarmerlin.com\/inicio\/wp-json\/wp\/v2\/product_cat?post=8784"},{"taxonomy":"product_tag","embeddable":true,"href":"https:\/\/www.bazarmerlin.com\/inicio\/wp-json\/wp\/v2\/product_tag?post=8784"}],"curies":[{"name":"wp","href":"https:\/\/api.w.org\/{rel}","templated":true}]}}