{"id":8786,"date":"2022-05-23T22:39:02","date_gmt":"2022-05-23T22:39:02","guid":{"rendered":"https:\/\/www.bazarmerlin.com\/inicio\/?post_type=product&#038;p=8786"},"modified":"2022-09-29T23:37:58","modified_gmt":"2022-09-29T23:37:58","slug":"eleke-o-collar-santero-de-las-7-potencias","status":"publish","type":"product","link":"https:\/\/www.bazarmerlin.com\/inicio\/producto\/eleke-o-collar-santero-de-las-7-potencias\/","title":{"rendered":"Eleke \u00d3 Collar Santero De Las 7 Potencias"},"content":{"rendered":"<p><strong>ELEKE DE LAS 7 POTENCIAS<\/strong><\/p>\n<p>&nbsp;<\/p>\n<p>Recibe el nombre de &#8220;siete potencias africanas&#8221;, al grupo de Orichas compuesto por: Obatal\u00e1, Eleggu\u00e1, Chang\u00f3, Ogg\u00fan, Orunl\u00e1, Yemay\u00e1 y Och\u00fan. Dentro de este grupo de Orichas, est\u00e1n todos los aspectos de la vida humana.<\/p>\n<p>As\u00ed por ejemplo:<\/p>\n<p>-Obatal\u00e1: Trae paz y armon\u00eda;<br \/>\n-Eleggu\u00e1: Abre todas las puertas y aparta los obst\u00e1culos;<br \/>\n-Chang\u00f3: Tiene el poder sobre los enemigos;<br \/>\n-Ogg\u00fan: Due\u00f1o del hierro y da empleo a los desempleados;<br \/>\n-Orunl\u00e1: Abre las puertas del presente y del pasado;<br \/>\n-Yemay\u00e1: Due\u00f1a de la fertilidad;<br \/>\n-Och\u00fan: Patrona del oro y de los matrimonios.<\/p>\n<p>IDEAL PARA PERSONAS QUE BUSCAN PROTECCION EFECTIVA, UNA VEZ CONSAGRADO, ES UN GRAN PROTECTOR CONTRA ENEMIGOS, HECHIZOS, AYUDA A PROBLEMAS DE SALUD, MALA SUERTE Y MAL DE OJO.<\/p>\n<p>&nbsp;<\/p>\n<p>&nbsp;<\/p>\n<p><strong>BAZAR MERLIN\u00ae<\/strong><br \/>\n<strong>El Lugar M\u00e1s M\u00edstico de Guadalajara<\/strong><br \/>\n<strong>ENVIAMOS A TODO M\u00c9XICO&#8230;<\/strong><\/p>\n<!-- AddThis Advanced Settings generic via filter on the_content --><!-- AddThis Share Buttons generic via filter on the_content -->","protected":false},"excerpt":{"rendered":"<p>ELEKE DE LAS 7 POTENCIAS &nbsp; Recibe el nombre de &#8220;siete potencias africanas&#8221;, al grupo de Orichas compuesto por: Obatal\u00e1, Eleggu\u00e1, Chang\u00f3, Ogg\u00fan, Orunl\u00e1, Yemay\u00e1 y Och\u00fan. Dentro de este grupo de Orichas, est\u00e1n todos los aspectos de la vida humana. As\u00ed por ejemplo: -Obatal\u00e1: Trae paz y armon\u00eda; -Eleggu\u00e1: Abre todas las puertas y&hellip;<!-- AddThis Advanced Settings generic via filter on get_the_excerpt --><!-- AddThis Share Buttons generic via filter on get_the_excerpt --><\/p>\n","protected":false},"featured_media":10170,"template":"","meta":[],"product_cat":[14],"product_tag":[1951],"_links":{"self":[{"href":"https:\/\/www.bazarmerlin.com\/inicio\/wp-json\/wp\/v2\/product\/8786"}],"collection":[{"href":"https:\/\/www.bazarmerlin.com\/inicio\/wp-json\/wp\/v2\/product"}],"about":[{"href":"https:\/\/www.bazarmerlin.com\/inicio\/wp-json\/wp\/v2\/types\/product"}],"wp:featuredmedia":[{"embeddable":true,"href":"https:\/\/www.bazarmerlin.com\/inicio\/wp-json\/wp\/v2\/media\/10170"}],"wp:attachment":[{"href":"https:\/\/www.bazarmerlin.com\/inicio\/wp-json\/wp\/v2\/media?parent=8786"}],"wp:term":[{"taxonomy":"product_cat","embeddable":true,"href":"https:\/\/www.bazarmerlin.com\/inicio\/wp-json\/wp\/v2\/product_cat?post=8786"},{"taxonomy":"product_tag","embeddable":true,"href":"https:\/\/www.bazarmerlin.com\/inicio\/wp-json\/wp\/v2\/product_tag?post=8786"}],"curies":[{"name":"wp","href":"https:\/\/api.w.org\/{rel}","templated":true}]}}