{"id":8790,"date":"2022-05-23T22:54:25","date_gmt":"2022-05-23T22:54:25","guid":{"rendered":"https:\/\/www.bazarmerlin.com\/inicio\/?post_type=product&#038;p=8790"},"modified":"2025-07-01T19:52:58","modified_gmt":"2025-07-01T19:52:58","slug":"planta-raiz-de-mandragora-15-cm-de-alto","status":"publish","type":"product","link":"https:\/\/www.bazarmerlin.com\/inicio\/producto\/planta-raiz-de-mandragora-15-cm-de-alto\/","title":{"rendered":"Planta Ra\u00edz De Mandragora &#8211; 15 Cm De Alto"},"content":{"rendered":"<p><strong>PLANTA RA\u00cdZ DE MANDRAGORA<\/strong><br \/>\n<strong>15 cm de alto<\/strong><\/p>\n<p>&nbsp;<\/p>\n<p><em>OJO: LA FORMA DE LA RAIZ PUEDE VARIAR<\/em><br \/>\nYA QUE cada pieza puede variar, pues se trata de plantas y piezas \u00fanicas.<\/p>\n<p>Esta planta ha sido protagonista de muchas leyendas y rituales m\u00e1gicos,<br \/>\nhasta convertirse en un gran amuleto.<\/p>\n<p>Se cre\u00eda que la planta ten\u00eda caracter\u00edsticas humanas porque sus ra\u00edces parec\u00edan dos piernas. Hay historias que cuentan que \u00e9sta gritaba lament\u00e1ndose cuando la arrancaban de la tierra, pudiendo enloquecer a las personas; y por eso amarraban a un perro a la planta para arrancarla. Los magos hac\u00edan con ella algo similar a una figura humana, tallaban una figura en sus ra\u00edces presionando la ra\u00edz a cierta altura para formar un supuesto cuello, y cortando todas las bifurcaciones excepto cuatro, que ser\u00edan las extremidades, y las adoraban como a dioses.<\/p>\n<p>Dicen que tener una en casa es como tener una Bruja de la Edad Media a tu lado, cumple tus deseos, potencializa la buena suerte y elimina la energ\u00eda negativa.<\/p>\n<p>Hay que ponerle sus ofrendas como dulces chocolates, miel, leche, pastelillos, monedas, billetes seg\u00fan lo requiera el ritual a realizar.<\/p>\n<p>CUIDADOS Y RECOMENDACIONES:<br \/>\nEsta RA\u00cdZ esta viva se puede sembrar en maceta y da bellas hojas verdes largas, la puedes acompa\u00f1ar de tus cuarzos favoritos para incrementar la buena vibra. Los cuidados son b\u00e1sicos, agua cada tercer d\u00eda y poner en Resolana, sembrar de preferencia en una maceta honda.<\/p>\n<p>PARA USO ESOT\u00c9RICO, se puede ritualizar en un altar ceremonial, en amarres y peticiones de amor.<\/p>\n<p>La forma de cada pieza puede variar, pues se trata de plantas y piezas \u00fanicas.<\/p>\n<p>&nbsp;<\/p>\n<p>&nbsp;<\/p>\n<p><strong>BAZAR MERL\u00cdN\u00ae<\/strong><br \/>\n<strong>El Lugar M\u00e1s M\u00edstico de Guadalajara<\/strong><br \/>\n<strong>ENVIAMOS A TODO M\u00c9XICO&#8230;<\/strong><\/p>\n<!-- AddThis Advanced Settings generic via filter on the_content --><!-- AddThis Share Buttons generic via filter on the_content -->","protected":false},"excerpt":{"rendered":"<p>PLANTA RA\u00cdZ DE MANDRAGORA 15 cm de alto &nbsp; OJO: LA FORMA DE LA RAIZ PUEDE VARIAR YA QUE cada pieza puede variar, pues se trata de plantas y piezas \u00fanicas. Esta planta ha sido protagonista de muchas leyendas y rituales m\u00e1gicos, hasta convertirse en un gran amuleto. Se cre\u00eda que la planta ten\u00eda caracter\u00edsticas&hellip;<!-- AddThis Advanced Settings generic via filter on get_the_excerpt --><!-- AddThis Share Buttons generic via filter on get_the_excerpt --><\/p>\n","protected":false},"featured_media":10307,"template":"","meta":[],"product_cat":[14],"product_tag":[1953],"_links":{"self":[{"href":"https:\/\/www.bazarmerlin.com\/inicio\/wp-json\/wp\/v2\/product\/8790"}],"collection":[{"href":"https:\/\/www.bazarmerlin.com\/inicio\/wp-json\/wp\/v2\/product"}],"about":[{"href":"https:\/\/www.bazarmerlin.com\/inicio\/wp-json\/wp\/v2\/types\/product"}],"wp:featuredmedia":[{"embeddable":true,"href":"https:\/\/www.bazarmerlin.com\/inicio\/wp-json\/wp\/v2\/media\/10307"}],"wp:attachment":[{"href":"https:\/\/www.bazarmerlin.com\/inicio\/wp-json\/wp\/v2\/media?parent=8790"}],"wp:term":[{"taxonomy":"product_cat","embeddable":true,"href":"https:\/\/www.bazarmerlin.com\/inicio\/wp-json\/wp\/v2\/product_cat?post=8790"},{"taxonomy":"product_tag","embeddable":true,"href":"https:\/\/www.bazarmerlin.com\/inicio\/wp-json\/wp\/v2\/product_tag?post=8790"}],"curies":[{"name":"wp","href":"https:\/\/api.w.org\/{rel}","templated":true}]}}