{"id":8792,"date":"2022-05-23T23:04:03","date_gmt":"2022-05-23T23:04:03","guid":{"rendered":"https:\/\/www.bazarmerlin.com\/inicio\/?post_type=product&#038;p=8792"},"modified":"2022-10-13T21:50:56","modified_gmt":"2022-10-13T21:50:56","slug":"pulsera-o-mano-santera-de-orula-sencilla-importado-de-cuba","status":"publish","type":"product","link":"https:\/\/www.bazarmerlin.com\/inicio\/producto\/pulsera-o-mano-santera-de-orula-sencilla-importado-de-cuba\/","title":{"rendered":"Pulsera O Mano Santera De Orula Sencilla Importada"},"content":{"rendered":"<p><strong>Poderosa Pulsera O Mano Santera De Orula<\/strong><br \/>\n<strong><em>IMPORTADA<\/em><\/strong><\/p>\n<p>&nbsp;<\/p>\n<p>MODELO SENCILLO (1 CUENCA)<\/p>\n<p>Ayuda salir de situaciones dif\u00edciles, representando la sabidur\u00eda en decisiones importantes Orula es el gran benefactor de los hombres, su principal consejero por lo que revela el futuro y les permite influir sobre el mismo.<\/p>\n<p>Orula es el poseedor del secreto de if\u00e1, el or\u00e1culo supremo mediante el cual se comunica con ellos, le pertenece todos los d\u00edas y su fiesta es el 4 de octubre Orula es el \u00fanico orisha que posee los secretos adivinatorio de if\u00e1.<\/p>\n<p>Orula el que abre caminos atrae la prosperidad la fortuna y el \u00e9xito tu vida de una forma r\u00e1pida y efectiva ya que sus colores son amarillos y verdes alternos, abriendo caminos al \u00e9xito y la fortuna por el significado de su deidad y la fuerza de los colores santeros que le corresponde.<\/p>\n<p>PULSERA O MANO IMPORTADA.<\/p>\n<p>&nbsp;<\/p>\n<p>&nbsp;<\/p>\n<p><strong>BAZAR MERLIN\u00ae<\/strong><br \/>\n<strong>El Lugar M\u00e1s M\u00edstico de Guadalajara<\/strong><br \/>\n<strong>ENVIAMOS A TODO M\u00c9XICO&#8230;<\/strong><\/p>\n<!-- AddThis Advanced Settings generic via filter on the_content --><!-- AddThis Share Buttons generic via filter on the_content -->","protected":false},"excerpt":{"rendered":"<p>Poderosa Pulsera O Mano Santera De Orula IMPORTADA &nbsp; MODELO SENCILLO (1 CUENCA) Ayuda salir de situaciones dif\u00edciles, representando la sabidur\u00eda en decisiones importantes Orula es el gran benefactor de los hombres, su principal consejero por lo que revela el futuro y les permite influir sobre el mismo. Orula es el poseedor del secreto de&hellip;<!-- AddThis Advanced Settings generic via filter on get_the_excerpt --><!-- AddThis Share Buttons generic via filter on get_the_excerpt --><\/p>\n","protected":false},"featured_media":10337,"template":"","meta":[],"product_cat":[14],"product_tag":[1955],"_links":{"self":[{"href":"https:\/\/www.bazarmerlin.com\/inicio\/wp-json\/wp\/v2\/product\/8792"}],"collection":[{"href":"https:\/\/www.bazarmerlin.com\/inicio\/wp-json\/wp\/v2\/product"}],"about":[{"href":"https:\/\/www.bazarmerlin.com\/inicio\/wp-json\/wp\/v2\/types\/product"}],"wp:featuredmedia":[{"embeddable":true,"href":"https:\/\/www.bazarmerlin.com\/inicio\/wp-json\/wp\/v2\/media\/10337"}],"wp:attachment":[{"href":"https:\/\/www.bazarmerlin.com\/inicio\/wp-json\/wp\/v2\/media?parent=8792"}],"wp:term":[{"taxonomy":"product_cat","embeddable":true,"href":"https:\/\/www.bazarmerlin.com\/inicio\/wp-json\/wp\/v2\/product_cat?post=8792"},{"taxonomy":"product_tag","embeddable":true,"href":"https:\/\/www.bazarmerlin.com\/inicio\/wp-json\/wp\/v2\/product_tag?post=8792"}],"curies":[{"name":"wp","href":"https:\/\/api.w.org\/{rel}","templated":true}]}}