{"id":8794,"date":"2022-05-23T23:49:53","date_gmt":"2022-05-23T23:49:53","guid":{"rendered":"https:\/\/www.bazarmerlin.com\/inicio\/?post_type=product&#038;p=8794"},"modified":"2022-10-13T22:03:32","modified_gmt":"2022-10-13T22:03:32","slug":"pulsera-o-mano-santera-eleggua-reforzada-suerte-y-exito","status":"publish","type":"product","link":"https:\/\/www.bazarmerlin.com\/inicio\/producto\/pulsera-o-mano-santera-eleggua-reforzada-suerte-y-exito\/","title":{"rendered":"Pulsera O Mano Santera Eleggua Reforzada &#8211; Suerte Y \u00c9xito"},"content":{"rendered":"<p><strong>PULSERA O MANO SANTERA ELEGGUA REFORZADA<\/strong><br \/>\n<strong>IMPORTADA\u00a0<\/strong><\/p>\n<p><em>-ATRAE PODER, AMOR, SUERTE, \u00c9XITO, SALUD Y M\u00c1S&#8230;<\/em><\/p>\n<p>\u00bfPara Que Te Sirve Eleggua?<\/p>\n<p>ELEGGUA te invita a que abras tu camino ya que quiere ser tu \u00e1ngel guardi\u00e1n y cuidar y proteger todos tus caminos al amor dinero salud y combatir contra envidias y accidentes ya que sus poderosos receptores de energ\u00edas negativas como de ondas biomagn\u00e9ticas el cual nos ayuda a atraer vibraciones buenas y positivas a nuestras vidas llen\u00e1ndonos de poder y fuerza a trav\u00e9s de su magia extremadamente poderosa para as\u00ed poder salir adelante en nuestro camino y en todo lo que emprendamos.<\/p>\n<p>El collar santero de Eleggua Te Ayudar\u00e1 A Obtener Todo Lo Que Siempre Has So\u00f1ado Como PODER, AMOR DINERO Y SALUD. Te ayudar\u00e1 a Lograr El \u00c9XITO En Todos Los Aspectos De Tu Vida.<\/p>\n<p>Tiene el poder de absorber todas las energ\u00edas malas que pueden hacernos da\u00f1o y que impregnan a la energ\u00eda del ambiente de una casa, negocio , autom\u00f3vil, etc. Eleggua absorbe las energ\u00edas negativas de nuestro cuerpo y su fuerza limpia la energ\u00eda negativa del lugar donde se encuentra .<\/p>\n<p>-Cambia Tu Vida Casi Inmediatamente Con el Poder De ELEGUA&#8230;<\/p>\n<p>&nbsp;<\/p>\n<p>&nbsp;<\/p>\n<p><strong>BAZAR MERLIN\u00ae<\/strong><br \/>\n<strong>El Lugar M\u00e1s M\u00edstico de Guadalajara<\/strong><br \/>\n<strong>ENVIAMOS A TODO M\u00c9XICO&#8230;<\/strong><\/p>\n<!-- AddThis Advanced Settings generic via filter on the_content --><!-- AddThis Share Buttons generic via filter on the_content -->","protected":false},"excerpt":{"rendered":"<p>PULSERA O MANO SANTERA ELEGGUA REFORZADA IMPORTADA\u00a0 -ATRAE PODER, AMOR, SUERTE, \u00c9XITO, SALUD Y M\u00c1S&#8230; \u00bfPara Que Te Sirve Eleggua? ELEGGUA te invita a que abras tu camino ya que quiere ser tu \u00e1ngel guardi\u00e1n y cuidar y proteger todos tus caminos al amor dinero salud y combatir contra envidias y accidentes ya que sus&hellip;<!-- AddThis Advanced Settings generic via filter on get_the_excerpt --><!-- AddThis Share Buttons generic via filter on get_the_excerpt --><\/p>\n","protected":false},"featured_media":10338,"template":"","meta":[],"product_cat":[14],"product_tag":[1956,1957],"_links":{"self":[{"href":"https:\/\/www.bazarmerlin.com\/inicio\/wp-json\/wp\/v2\/product\/8794"}],"collection":[{"href":"https:\/\/www.bazarmerlin.com\/inicio\/wp-json\/wp\/v2\/product"}],"about":[{"href":"https:\/\/www.bazarmerlin.com\/inicio\/wp-json\/wp\/v2\/types\/product"}],"wp:featuredmedia":[{"embeddable":true,"href":"https:\/\/www.bazarmerlin.com\/inicio\/wp-json\/wp\/v2\/media\/10338"}],"wp:attachment":[{"href":"https:\/\/www.bazarmerlin.com\/inicio\/wp-json\/wp\/v2\/media?parent=8794"}],"wp:term":[{"taxonomy":"product_cat","embeddable":true,"href":"https:\/\/www.bazarmerlin.com\/inicio\/wp-json\/wp\/v2\/product_cat?post=8794"},{"taxonomy":"product_tag","embeddable":true,"href":"https:\/\/www.bazarmerlin.com\/inicio\/wp-json\/wp\/v2\/product_tag?post=8794"}],"curies":[{"name":"wp","href":"https:\/\/api.w.org\/{rel}","templated":true}]}}