{"id":8796,"date":"2022-05-24T17:27:01","date_gmt":"2022-05-24T17:27:01","guid":{"rendered":"https:\/\/www.bazarmerlin.com\/inicio\/?post_type=product&#038;p=8796"},"modified":"2023-01-03T00:24:59","modified_gmt":"2023-01-03T00:24:59","slug":"cuarzo-agata-azul-1-kilo-calidad-de-importacion","status":"publish","type":"product","link":"https:\/\/www.bazarmerlin.com\/inicio\/producto\/cuarzo-agata-azul-1-kilo-calidad-de-importacion\/","title":{"rendered":"Cuarzo \u00c1gata Azul 1 Kilo &#8211; Calidad De Importaci\u00f3n"},"content":{"rendered":"<p><strong>CUARZO IMPORTADO \u00c1GATA AZUL &#8211; POR KILO<\/strong><br \/>\n<em><strong>CUARZO IMPORTADO<\/strong><\/em><\/p>\n<p>&nbsp;<\/p>\n<p>Las \u00e1gatas son minerales que sirven para <em>ASENTAR LAS ENERG\u00cdAS<\/em> y aportar equilibrio f\u00edsico, emocional e intelectual a la persona. <em>AYUDAN A CENTRAR Y ESTABILIZAR LA ENERG\u00cdA F\u00cdSICA<\/em>. Tienen el poder de armonizar el yin y el yang, fuerzas positivas y negativas, adem\u00e1s de calmar y aliviar.<\/p>\n<p>Te eleva la conciencia y la vincula con la colectiva, anima a la contemplaci\u00f3n y a la asimilaci\u00f3n de las experiencias de la vida a nivel espiritual. A nivel curativo, el \u00e1gata estabiliza el aura eliminando o TRANSFORMANDO las ENERG\u00cdAS NEGATIVAS.<\/p>\n<p><em><strong>NOTA:<\/strong> EL COLOR, EL TAMA\u00d1O, LA FORMA Y<\/em><br \/>\n<em>TERMINADO PUEDE VARIAR UN POCO,<\/em><br \/>\n<em>POR SER PIEZAS \u00daNICAS POR LO CUAL NUNCA EXISTIR\u00c1N 2 PIEDRAS IGUALES.<\/em><\/p>\n<p>&nbsp;<\/p>\n<p>&nbsp;<\/p>\n<p><strong>BAZAR MERLIN<\/strong><br \/>\n<strong>El Lugar M\u00e1s M\u00edstico de Guadalajara<\/strong><br \/>\n<strong>ENVIAMOS A TODO M\u00c9XICO&#8230;<\/strong><\/p>\n<!-- AddThis Advanced Settings generic via filter on the_content --><!-- AddThis Share Buttons generic via filter on the_content -->","protected":false},"excerpt":{"rendered":"<p>CUARZO IMPORTADO \u00c1GATA AZUL &#8211; POR KILO CUARZO IMPORTADO &nbsp; Las \u00e1gatas son minerales que sirven para ASENTAR LAS ENERG\u00cdAS y aportar equilibrio f\u00edsico, emocional e intelectual a la persona. AYUDAN A CENTRAR Y ESTABILIZAR LA ENERG\u00cdA F\u00cdSICA. Tienen el poder de armonizar el yin y el yang, fuerzas positivas y negativas, adem\u00e1s de calmar&hellip;<!-- AddThis Advanced Settings generic via filter on get_the_excerpt --><!-- AddThis Share Buttons generic via filter on get_the_excerpt --><\/p>\n","protected":false},"featured_media":11322,"template":"","meta":[],"product_cat":[11],"product_tag":[1368,1958],"_links":{"self":[{"href":"https:\/\/www.bazarmerlin.com\/inicio\/wp-json\/wp\/v2\/product\/8796"}],"collection":[{"href":"https:\/\/www.bazarmerlin.com\/inicio\/wp-json\/wp\/v2\/product"}],"about":[{"href":"https:\/\/www.bazarmerlin.com\/inicio\/wp-json\/wp\/v2\/types\/product"}],"wp:featuredmedia":[{"embeddable":true,"href":"https:\/\/www.bazarmerlin.com\/inicio\/wp-json\/wp\/v2\/media\/11322"}],"wp:attachment":[{"href":"https:\/\/www.bazarmerlin.com\/inicio\/wp-json\/wp\/v2\/media?parent=8796"}],"wp:term":[{"taxonomy":"product_cat","embeddable":true,"href":"https:\/\/www.bazarmerlin.com\/inicio\/wp-json\/wp\/v2\/product_cat?post=8796"},{"taxonomy":"product_tag","embeddable":true,"href":"https:\/\/www.bazarmerlin.com\/inicio\/wp-json\/wp\/v2\/product_tag?post=8796"}],"curies":[{"name":"wp","href":"https:\/\/api.w.org\/{rel}","templated":true}]}}