{"id":8802,"date":"2022-05-24T18:10:00","date_gmt":"2022-05-24T18:10:00","guid":{"rendered":"https:\/\/www.bazarmerlin.com\/inicio\/?post_type=product&#038;p=8802"},"modified":"2025-09-23T23:25:05","modified_gmt":"2025-09-23T23:25:05","slug":"cruz-de-cuarzos-16-cm-de-altura","status":"publish","type":"product","link":"https:\/\/www.bazarmerlin.com\/inicio\/producto\/cruz-de-cuarzos-16-cm-de-altura\/","title":{"rendered":"Cruz De Cuarzos 15 Cm De Altura"},"content":{"rendered":"<p><strong>CRUZ DE CUARZOS<\/strong><br \/>\n<strong>15 CM DE ALTURA &#8211; APROXIMADO<\/strong><\/p>\n<p>&nbsp;<\/p>\n<p>NOTA: Los colores o tipos de cuarzo pueden variar ya que cada figura es pieza \u00fanica,<br \/>\nCuarzos y puntas de cuarzos de varios para tener armon\u00eda y protecci\u00f3n en tu casa o negocio,<\/p>\n<p>No deben llevarse como simples amuletos sino que se debe de tratar de entrar en contacto con la vibraci\u00f3n emitida por ellas, que as\u00ed activada servir\u00e1 para contrarrestar la vibraci\u00f3n negativa por los problemas que estamos tratando de resolver, en caso de que no haya aut\u00e9nticos problemas en nuestra vida sino simplemente un deseo de lograr, se debe provocar igualmente el mecanismo de realizaci\u00f3n que debe ser activo y no pasivo como el caso de la protecci\u00f3n.<\/p>\n<p>&nbsp;<\/p>\n<p>&nbsp;<\/p>\n<p><strong>BAZAR MERLIN\u00ae<\/strong><br \/>\n<strong>El Lugar M\u00e1s M\u00edstico de Guadalajara<\/strong><br \/>\n<strong>ENVIAMOS A TODO M\u00c9XICO Y EL MUNDO\u2026<\/strong><\/p>\n<!-- AddThis Advanced Settings generic via filter on the_content --><!-- AddThis Share Buttons generic via filter on the_content -->","protected":false},"excerpt":{"rendered":"<p>CRUZ DE CUARZOS 15 CM DE ALTURA &#8211; APROXIMADO &nbsp; NOTA: Los colores o tipos de cuarzo pueden variar ya que cada figura es pieza \u00fanica, Cuarzos y puntas de cuarzos de varios para tener armon\u00eda y protecci\u00f3n en tu casa o negocio, No deben llevarse como simples amuletos sino que se debe de tratar&hellip;<!-- AddThis Advanced Settings generic via filter on get_the_excerpt --><!-- AddThis Share Buttons generic via filter on get_the_excerpt --><\/p>\n","protected":false},"featured_media":11321,"template":"","meta":[],"product_cat":[11],"product_tag":[1960],"_links":{"self":[{"href":"https:\/\/www.bazarmerlin.com\/inicio\/wp-json\/wp\/v2\/product\/8802"}],"collection":[{"href":"https:\/\/www.bazarmerlin.com\/inicio\/wp-json\/wp\/v2\/product"}],"about":[{"href":"https:\/\/www.bazarmerlin.com\/inicio\/wp-json\/wp\/v2\/types\/product"}],"wp:featuredmedia":[{"embeddable":true,"href":"https:\/\/www.bazarmerlin.com\/inicio\/wp-json\/wp\/v2\/media\/11321"}],"wp:attachment":[{"href":"https:\/\/www.bazarmerlin.com\/inicio\/wp-json\/wp\/v2\/media?parent=8802"}],"wp:term":[{"taxonomy":"product_cat","embeddable":true,"href":"https:\/\/www.bazarmerlin.com\/inicio\/wp-json\/wp\/v2\/product_cat?post=8802"},{"taxonomy":"product_tag","embeddable":true,"href":"https:\/\/www.bazarmerlin.com\/inicio\/wp-json\/wp\/v2\/product_tag?post=8802"}],"curies":[{"name":"wp","href":"https:\/\/api.w.org\/{rel}","templated":true}]}}