{"id":8804,"date":"2022-05-24T18:29:15","date_gmt":"2022-05-24T18:29:15","guid":{"rendered":"https:\/\/www.bazarmerlin.com\/inicio\/?post_type=product&#038;p=8804"},"modified":"2022-09-26T23:35:44","modified_gmt":"2022-09-26T23:35:44","slug":"aceite-legitimo-del-retiro-retira-mala-suerte-y-brujerias","status":"publish","type":"product","link":"https:\/\/www.bazarmerlin.com\/inicio\/producto\/aceite-legitimo-del-retiro-retira-mala-suerte-y-brujerias\/","title":{"rendered":"Aceite Legitimo Del Retiro &#8211; Retira Mala Suerte Y Brujer\u00edas"},"content":{"rendered":"<p><strong>RETIRA TODA MALA SUERTE, BRUJER\u00cdAS, MALAS VIBRAS Y HECHIZOS<\/strong><\/p>\n<p><em><strong>APL\u00cdCALO TODOS LOS D\u00cdAS ANTES DE SALIR DE CASA Y LOGRARAS<\/strong><\/em><br \/>\n<em><strong>ATRAER A TU VIDA ABUNDANCIA, \u00c9XITO, AMOR Y MUCHO M\u00c1S&#8230;<\/strong><\/em><\/p>\n<p>&nbsp;<\/p>\n<p>En nuestra vida diaria nos enfrentamos a diferentes tipos de situaciones que muchas veces sin nosotros percibirlo nos van acumulando energ\u00eda negativa, alterando sustancialmente nuestra vida en todos los planos: AMOR, DINERO y SALUD.<\/p>\n<p>Este poderoso Aceite es de Uso diario, tanto del cuerpo como de las manos y toda tu energ\u00eda c\u00f3smica y Aurica equilibrando tus Chakras para as\u00ed cambiar tu mala suerte.<\/p>\n<p>Modo de Uso:<br \/>\nEste Poderoso Aceite es de uso Corporal, por lo cual debe ponerlo siempre al inicio de cada d\u00eda y repetir la Oraci\u00f3n que ya viene incluida, para que as\u00ed pueda hacer su trabajo y protegerle abri\u00e9ndole caminos y sobre todo \u00faselo con Mucha F\u00e9.<\/p>\n<p>Cuando tienes un problema que crees de dif\u00edcil soluci\u00f3n es bueno recurrir a los rituales de magia, estos siempre nos ayudan a lograr exitosamente los objetivos que queremos conseguir.<\/p>\n<p>&nbsp;<\/p>\n<p>&nbsp;<\/p>\n<p><strong>BAZAR MERLIN\u00ae<\/strong><br \/>\n<strong>El Lugar M\u00e1s M\u00edstico de Guadalajara<\/strong><br \/>\n<strong>ENVIAMOS A TODO M\u00c9XICO&#8230;<\/strong><\/p>\n<!-- AddThis Advanced Settings generic via filter on the_content --><!-- AddThis Share Buttons generic via filter on the_content -->","protected":false},"excerpt":{"rendered":"<p>RETIRA TODA MALA SUERTE, BRUJER\u00cdAS, MALAS VIBRAS Y HECHIZOS APL\u00cdCALO TODOS LOS D\u00cdAS ANTES DE SALIR DE CASA Y LOGRARAS ATRAER A TU VIDA ABUNDANCIA, \u00c9XITO, AMOR Y MUCHO M\u00c1S&#8230; &nbsp; En nuestra vida diaria nos enfrentamos a diferentes tipos de situaciones que muchas veces sin nosotros percibirlo nos van acumulando energ\u00eda negativa, alterando sustancialmente&hellip;<!-- AddThis Advanced Settings generic via filter on get_the_excerpt --><!-- AddThis Share Buttons generic via filter on get_the_excerpt --><\/p>\n","protected":false},"featured_media":10116,"template":"","meta":[],"product_cat":[14],"product_tag":[1961,1583],"_links":{"self":[{"href":"https:\/\/www.bazarmerlin.com\/inicio\/wp-json\/wp\/v2\/product\/8804"}],"collection":[{"href":"https:\/\/www.bazarmerlin.com\/inicio\/wp-json\/wp\/v2\/product"}],"about":[{"href":"https:\/\/www.bazarmerlin.com\/inicio\/wp-json\/wp\/v2\/types\/product"}],"wp:featuredmedia":[{"embeddable":true,"href":"https:\/\/www.bazarmerlin.com\/inicio\/wp-json\/wp\/v2\/media\/10116"}],"wp:attachment":[{"href":"https:\/\/www.bazarmerlin.com\/inicio\/wp-json\/wp\/v2\/media?parent=8804"}],"wp:term":[{"taxonomy":"product_cat","embeddable":true,"href":"https:\/\/www.bazarmerlin.com\/inicio\/wp-json\/wp\/v2\/product_cat?post=8804"},{"taxonomy":"product_tag","embeddable":true,"href":"https:\/\/www.bazarmerlin.com\/inicio\/wp-json\/wp\/v2\/product_tag?post=8804"}],"curies":[{"name":"wp","href":"https:\/\/api.w.org\/{rel}","templated":true}]}}