{"id":8810,"date":"2022-05-24T19:01:01","date_gmt":"2022-05-24T19:01:01","guid":{"rendered":"https:\/\/www.bazarmerlin.com\/inicio\/?post_type=product&#038;p=8810"},"modified":"2022-11-15T23:26:15","modified_gmt":"2022-11-15T23:26:15","slug":"amuleto-de-aquitania-un-verdadero-talisman-de-buena-suerte","status":"publish","type":"product","link":"https:\/\/www.bazarmerlin.com\/inicio\/producto\/amuleto-de-aquitania-un-verdadero-talisman-de-buena-suerte\/","title":{"rendered":"Talism\u00e1n Exterminador  &#8211; Un Verdadero Talism\u00e1n De Buena Suerte"},"content":{"rendered":"<p><strong>Talism\u00e1n Exterminador <\/strong><\/p>\n<p><em>\u00daNICO Y PODEROSO DIJE RESPETANDO LA FORMULA ANCESTRAL DE UN ANTIGUO AMULETO MEDIEVAL, DE LA REGI\u00d3N DE AQUITANIA, EN FRANCIA. SE COMPONE DE DIVERSOS S\u00cdMBOLOS M\u00c1GICOS Y ALQU\u00cdMICOS.<\/em><\/p>\n<p>E<em>S LLAMADO TAMBI\u00c9N AMULETO DE LOS LOGROS, O LOS DESEOS CUMPLIDOS. ATRAE PODER, SALUD, SUERTE Y FELICIDAD, PROTEGIENDO DE LA ENERG\u00cdA NEGATIVA.<\/em><\/p>\n<p>Material: Aleaci\u00f3n talism\u00e1nica de tres metales (contiene alpaca). Tama\u00f1o Aproximado: 3 cm. de di\u00e1metro.<\/p>\n<p>Disfruta de esta hermosa pieza de joyer\u00eda al mejor precio,comp\u00e1rtela con tus seres queridos y ll\u00e9nalos de fe.<\/p>\n<p>EL REGALO IDEAL PARA PROTEGERNOS A NOSOTROS Y A TODOS NUESTROS SERES QUERIDOS ! ! DE UNA FORMA R\u00c1PIDA Y EFECTIVA .<\/p>\n<p>NOTA IMPORTANTE: ESTE PODEROSO DIJE SE ENTREGA DEBIDAMENTE RITUALIZADO Y MAGNETIZADO PAREA GARANTIZAR UN RESULTADO OPTIMO.<\/p>\n<p>&nbsp;<\/p>\n<p>&nbsp;<\/p>\n<p><strong>BAZAR MERL\u00cdN\u00ae<\/strong><br \/>\n<strong>El Lugar M\u00e1s M\u00edstico de Guadalajara<\/strong><br \/>\n<strong>ENVIAMOS A TODO M\u00c9XICO&#8230;<\/strong><\/p>\n<!-- AddThis Advanced Settings generic via filter on the_content --><!-- AddThis Share Buttons generic via filter on the_content -->","protected":false},"excerpt":{"rendered":"<p>Talism\u00e1n Exterminador \u00daNICO Y PODEROSO DIJE RESPETANDO LA FORMULA ANCESTRAL DE UN ANTIGUO AMULETO MEDIEVAL, DE LA REGI\u00d3N DE AQUITANIA, EN FRANCIA. SE COMPONE DE DIVERSOS S\u00cdMBOLOS M\u00c1GICOS Y ALQU\u00cdMICOS. ES LLAMADO TAMBI\u00c9N AMULETO DE LOS LOGROS, O LOS DESEOS CUMPLIDOS. ATRAE PODER, SALUD, SUERTE Y FELICIDAD, PROTEGIENDO DE LA ENERG\u00cdA NEGATIVA. Material: Aleaci\u00f3n talism\u00e1nica&hellip;<!-- AddThis Advanced Settings generic via filter on get_the_excerpt --><!-- AddThis Share Buttons generic via filter on get_the_excerpt --><\/p>\n","protected":false},"featured_media":10756,"template":"","meta":[],"product_cat":[12],"product_tag":[1965,1966],"_links":{"self":[{"href":"https:\/\/www.bazarmerlin.com\/inicio\/wp-json\/wp\/v2\/product\/8810"}],"collection":[{"href":"https:\/\/www.bazarmerlin.com\/inicio\/wp-json\/wp\/v2\/product"}],"about":[{"href":"https:\/\/www.bazarmerlin.com\/inicio\/wp-json\/wp\/v2\/types\/product"}],"wp:featuredmedia":[{"embeddable":true,"href":"https:\/\/www.bazarmerlin.com\/inicio\/wp-json\/wp\/v2\/media\/10756"}],"wp:attachment":[{"href":"https:\/\/www.bazarmerlin.com\/inicio\/wp-json\/wp\/v2\/media?parent=8810"}],"wp:term":[{"taxonomy":"product_cat","embeddable":true,"href":"https:\/\/www.bazarmerlin.com\/inicio\/wp-json\/wp\/v2\/product_cat?post=8810"},{"taxonomy":"product_tag","embeddable":true,"href":"https:\/\/www.bazarmerlin.com\/inicio\/wp-json\/wp\/v2\/product_tag?post=8810"}],"curies":[{"name":"wp","href":"https:\/\/api.w.org\/{rel}","templated":true}]}}