{"id":8812,"date":"2022-05-24T19:11:40","date_gmt":"2022-05-24T19:11:40","guid":{"rendered":"https:\/\/www.bazarmerlin.com\/inicio\/?post_type=product&#038;p=8812"},"modified":"2022-12-14T00:10:25","modified_gmt":"2022-12-14T00:10:25","slug":"anillo-pentagrama-maxima-definicion-en-oro-de-14-kilates","status":"publish","type":"product","link":"https:\/\/www.bazarmerlin.com\/inicio\/producto\/anillo-pentagrama-maxima-definicion-en-oro-de-14-kilates\/","title":{"rendered":"Anillo Pentagrama &#8211; M\u00e1xima Definici\u00f3n En Oro De 14 Kilates"},"content":{"rendered":"<p><strong>ANILLO PENTAGRAMA M\u00c1XIMA DEFINICI\u00d3N.<\/strong><br \/>\n<em><strong>PROTECCI\u00d3N TOTAL CONTRA DA\u00d1OS Y BRUJER\u00cdAS<\/strong><\/em><\/p>\n<p>&nbsp;<\/p>\n<p>Oro De 14 Kilates M\u00e1xima Calidad<\/p>\n<p>El Pentagrama Esot\u00e9rico con la punta superior hacia arriba sirve para hacer huir a los tenebrosos. Puesto en el umbral de la puerta con la punta superior hacia dentro y los dos \u00e1ngulos inferiores hacia fuera no permiten el paso a los magos negros. El Pentagrama es la Estrella Flam\u00edgera.<\/p>\n<p>Fabricado en FINO ORO DE 14 KILATES elaborado a mano, ademas Se entrega debidamente ritualizado y magnetizado para garantizarte protecci\u00f3n al m\u00e1ximo. atrae a tu vida el amor, salud, protecci\u00f3n como la riqueza como nunca jam\u00e1s imaginaste.<\/p>\n<p>&#8211;CALIDAD DE EXPORTACI\u00d3N&#8211;<\/p>\n<p>NOTA IMPORTANTE: Este hermoso anillo se hace totalmente a mano por lo que su tiempo de fabricaci\u00f3n es de 2 a 3 d\u00edas h\u00e1biles aproximadamente, ya que se hace totalmente a mano, para que recibas una pieza TOTALMENTE NUEVA,<\/p>\n<p>&nbsp;<\/p>\n<p>&nbsp;<\/p>\n<p><strong>BAZAR MERLIN<\/strong><br \/>\n<strong>El Lugar M\u00e1s M\u00edstico de Guadalajara<\/strong><br \/>\n<strong>ENVIAMOS A TODO M\u00c9XICO Y EL MUNDO\u2026<\/strong><\/p>\n<!-- AddThis Advanced Settings generic via filter on the_content --><!-- AddThis Share Buttons generic via filter on the_content -->","protected":false},"excerpt":{"rendered":"<p>ANILLO PENTAGRAMA M\u00c1XIMA DEFINICI\u00d3N. PROTECCI\u00d3N TOTAL CONTRA DA\u00d1OS Y BRUJER\u00cdAS &nbsp; Oro De 14 Kilates M\u00e1xima Calidad El Pentagrama Esot\u00e9rico con la punta superior hacia arriba sirve para hacer huir a los tenebrosos. Puesto en el umbral de la puerta con la punta superior hacia dentro y los dos \u00e1ngulos inferiores hacia fuera no permiten&hellip;<!-- AddThis Advanced Settings generic via filter on get_the_excerpt --><!-- AddThis Share Buttons generic via filter on get_the_excerpt --><\/p>\n","protected":false},"featured_media":11074,"template":"","meta":[],"product_cat":[23],"product_tag":[1967,1968],"_links":{"self":[{"href":"https:\/\/www.bazarmerlin.com\/inicio\/wp-json\/wp\/v2\/product\/8812"}],"collection":[{"href":"https:\/\/www.bazarmerlin.com\/inicio\/wp-json\/wp\/v2\/product"}],"about":[{"href":"https:\/\/www.bazarmerlin.com\/inicio\/wp-json\/wp\/v2\/types\/product"}],"wp:featuredmedia":[{"embeddable":true,"href":"https:\/\/www.bazarmerlin.com\/inicio\/wp-json\/wp\/v2\/media\/11074"}],"wp:attachment":[{"href":"https:\/\/www.bazarmerlin.com\/inicio\/wp-json\/wp\/v2\/media?parent=8812"}],"wp:term":[{"taxonomy":"product_cat","embeddable":true,"href":"https:\/\/www.bazarmerlin.com\/inicio\/wp-json\/wp\/v2\/product_cat?post=8812"},{"taxonomy":"product_tag","embeddable":true,"href":"https:\/\/www.bazarmerlin.com\/inicio\/wp-json\/wp\/v2\/product_tag?post=8812"}],"curies":[{"name":"wp","href":"https:\/\/api.w.org\/{rel}","templated":true}]}}