{"id":8814,"date":"2022-05-24T19:23:22","date_gmt":"2022-05-24T19:23:22","guid":{"rendered":"https:\/\/www.bazarmerlin.com\/inicio\/?post_type=product&#038;p=8814"},"modified":"2022-06-08T23:42:39","modified_gmt":"2022-06-08T23:42:39","slug":"polvo-garrapata-atrae-y-domina-incrementa-suerte","status":"publish","type":"product","link":"https:\/\/www.bazarmerlin.com\/inicio\/producto\/polvo-garrapata-atrae-y-domina-incrementa-suerte\/","title":{"rendered":"Polvo Garrapata &#8211; Atrae Y Domina &#8211; Incrementa Suerte"},"content":{"rendered":"<p><strong>POLVO GARRAPATA<\/strong><br \/>\n<em><strong>Para que lleves a cabo tus Rituales de Magia<\/strong><\/em><\/p>\n<p>Polvos garrapata Este producto est\u00e1 especialmente hecho para aumentar su energ\u00eda, propiciando la eliminaci\u00f3n de cualquier carga energ\u00e9tica que dificulte la relaci\u00f3n sentimental con la persona que usted desea, provocandole la necesidad de estar a su lado (amarre).<\/p>\n<p>Puede mezclarse con polvos amarre, atracci\u00f3n, dominio, Marta Dominadora, para mi, pega pega, quiereme, sigueme los pasos, uni\u00f3n, o ven a mi.<\/p>\n<p>&nbsp;<\/p>\n<p>&nbsp;<\/p>\n<p><strong>BAZAR MERLIN<\/strong><br \/>\n<strong>El Lugar M\u00e1s M\u00edstico de Guadalajara<\/strong><br \/>\n<strong>ENVIAMOS A TODO M\u00c9XICO\u2026<\/strong><\/p>\n<!-- AddThis Advanced Settings generic via filter on the_content --><!-- AddThis Share Buttons generic via filter on the_content -->","protected":false},"excerpt":{"rendered":"<p>POLVO GARRAPATA Para que lleves a cabo tus Rituales de Magia Polvos garrapata Este producto est\u00e1 especialmente hecho para aumentar su energ\u00eda, propiciando la eliminaci\u00f3n de cualquier carga energ\u00e9tica que dificulte la relaci\u00f3n sentimental con la persona que usted desea, provocandole la necesidad de estar a su lado (amarre). Puede mezclarse con polvos amarre, atracci\u00f3n,&hellip;<!-- AddThis Advanced Settings generic via filter on get_the_excerpt --><!-- AddThis Share Buttons generic via filter on get_the_excerpt --><\/p>\n","protected":false},"featured_media":8815,"template":"","meta":[],"product_cat":[14],"product_tag":[1970,1971,1969],"_links":{"self":[{"href":"https:\/\/www.bazarmerlin.com\/inicio\/wp-json\/wp\/v2\/product\/8814"}],"collection":[{"href":"https:\/\/www.bazarmerlin.com\/inicio\/wp-json\/wp\/v2\/product"}],"about":[{"href":"https:\/\/www.bazarmerlin.com\/inicio\/wp-json\/wp\/v2\/types\/product"}],"wp:featuredmedia":[{"embeddable":true,"href":"https:\/\/www.bazarmerlin.com\/inicio\/wp-json\/wp\/v2\/media\/8815"}],"wp:attachment":[{"href":"https:\/\/www.bazarmerlin.com\/inicio\/wp-json\/wp\/v2\/media?parent=8814"}],"wp:term":[{"taxonomy":"product_cat","embeddable":true,"href":"https:\/\/www.bazarmerlin.com\/inicio\/wp-json\/wp\/v2\/product_cat?post=8814"},{"taxonomy":"product_tag","embeddable":true,"href":"https:\/\/www.bazarmerlin.com\/inicio\/wp-json\/wp\/v2\/product_tag?post=8814"}],"curies":[{"name":"wp","href":"https:\/\/api.w.org\/{rel}","templated":true}]}}