{"id":8816,"date":"2022-05-24T19:43:10","date_gmt":"2022-05-24T19:43:10","guid":{"rendered":"https:\/\/www.bazarmerlin.com\/inicio\/?post_type=product&#038;p=8816"},"modified":"2023-08-19T00:52:07","modified_gmt":"2023-08-19T00:52:07","slug":"polvo-ajo-macho-especial-para-tus-rituales","status":"publish","type":"product","link":"https:\/\/www.bazarmerlin.com\/inicio\/producto\/polvo-ajo-macho-especial-para-tus-rituales\/","title":{"rendered":"Polvo Ajo Macho &#8211; Especial Para Tus Rituales"},"content":{"rendered":"<p><strong>POLVO AJO MACHO<\/strong><br \/>\n<strong>Especial para tus Rituales.<\/strong><\/p>\n<p>&nbsp;<\/p>\n<p>Polvo esot\u00e9rico Ajo Macho Suerte, un producto muy poderoso. Tiene cuatro funciones: atrae la suerte, mejora tu dinero, te lleva a la fortuna y es bueno para el amor.<\/p>\n<p>Caracter\u00edsticas del polvo ajo macho<br \/>\nEste poderoso polvo sirve para atraer varias cosas a tu vida: amor, fortuna, suerte y prosperidad. Con su uso regular:<\/p>\n<p>1 &#8211; Te sentir\u00e1s muy beneficiado porque te ayudar\u00e1 a conseguir tus objetivos,<br \/>\n2 &#8211; Poco a poco te sentir\u00e1s m\u00e1s contenido por tus seres queridos,<br \/>\n3 &#8211; Brindar\u00e1s m\u00e1s cari\u00f1o y ser\u00e1 rec\u00edproco,<br \/>\n4 &#8211; Tendr\u00e1s m\u00e1s suerte en todos los \u00e1mbitos de tu vida,<\/p>\n<p>&nbsp;<\/p>\n<p>&nbsp;<\/p>\n<p><strong>BAZAR MERLIN<\/strong><br \/>\n<strong>El Lugar M\u00e1s M\u00edstico de Guadalajara<\/strong><br \/>\n<strong>ENVIAMOS A TODO M\u00c9XICO\u2026<\/strong><\/p>\n<!-- AddThis Advanced Settings generic via filter on the_content --><!-- AddThis Share Buttons generic via filter on the_content -->","protected":false},"excerpt":{"rendered":"<p>POLVO AJO MACHO Especial para tus Rituales. &nbsp; Polvo esot\u00e9rico Ajo Macho Suerte, un producto muy poderoso. Tiene cuatro funciones: atrae la suerte, mejora tu dinero, te lleva a la fortuna y es bueno para el amor. Caracter\u00edsticas del polvo ajo macho Este poderoso polvo sirve para atraer varias cosas a tu vida: amor, fortuna,&hellip;<!-- AddThis Advanced Settings generic via filter on get_the_excerpt --><!-- AddThis Share Buttons generic via filter on get_the_excerpt --><\/p>\n","protected":false},"featured_media":8817,"template":"","meta":[],"product_cat":[14],"product_tag":[1973,1972],"_links":{"self":[{"href":"https:\/\/www.bazarmerlin.com\/inicio\/wp-json\/wp\/v2\/product\/8816"}],"collection":[{"href":"https:\/\/www.bazarmerlin.com\/inicio\/wp-json\/wp\/v2\/product"}],"about":[{"href":"https:\/\/www.bazarmerlin.com\/inicio\/wp-json\/wp\/v2\/types\/product"}],"wp:featuredmedia":[{"embeddable":true,"href":"https:\/\/www.bazarmerlin.com\/inicio\/wp-json\/wp\/v2\/media\/8817"}],"wp:attachment":[{"href":"https:\/\/www.bazarmerlin.com\/inicio\/wp-json\/wp\/v2\/media?parent=8816"}],"wp:term":[{"taxonomy":"product_cat","embeddable":true,"href":"https:\/\/www.bazarmerlin.com\/inicio\/wp-json\/wp\/v2\/product_cat?post=8816"},{"taxonomy":"product_tag","embeddable":true,"href":"https:\/\/www.bazarmerlin.com\/inicio\/wp-json\/wp\/v2\/product_tag?post=8816"}],"curies":[{"name":"wp","href":"https:\/\/api.w.org\/{rel}","templated":true}]}}