{"id":8818,"date":"2022-05-24T19:50:09","date_gmt":"2022-05-24T19:50:09","guid":{"rendered":"https:\/\/www.bazarmerlin.com\/inicio\/?post_type=product&#038;p=8818"},"modified":"2023-08-19T00:52:07","modified_gmt":"2023-08-19T00:52:07","slug":"polvo-piedra-iman-para-rituales","status":"publish","type":"product","link":"https:\/\/www.bazarmerlin.com\/inicio\/producto\/polvo-piedra-iman-para-rituales\/","title":{"rendered":"Polvo Piedra Im\u00e1n &#8211; Para Rituales"},"content":{"rendered":"<p><strong>POLVO PIEDRA DE IM\u00c1N<\/strong><\/p>\n<p>&nbsp;<\/p>\n<p>Es una herramienta m\u00e1gica usada en toda una serie de tradiciones m\u00e1gicas por su gran potencia y poder.<\/p>\n<p>Protector del dinero, efectivo para contrarrestar envidias en el trabajo o negocio.<\/p>\n<p>&nbsp;<\/p>\n<p>&nbsp;<\/p>\n<p><strong>BAZAR MERLIN<\/strong><br \/>\n<strong>El Lugar M\u00e1s M\u00edstico de Guadalajara<\/strong><br \/>\n<strong>ENVIAMOS A TODO M\u00c9XICO\u2026<\/strong><\/p>\n<!-- AddThis Advanced Settings generic via filter on the_content --><!-- AddThis Share Buttons generic via filter on the_content -->","protected":false},"excerpt":{"rendered":"<p>POLVO PIEDRA DE IM\u00c1N &nbsp; Es una herramienta m\u00e1gica usada en toda una serie de tradiciones m\u00e1gicas por su gran potencia y poder. Protector del dinero, efectivo para contrarrestar envidias en el trabajo o negocio. &nbsp; &nbsp; BAZAR MERLIN El Lugar M\u00e1s M\u00edstico de Guadalajara ENVIAMOS A TODO M\u00c9XICO\u2026<!-- AddThis Advanced Settings generic via filter on get_the_excerpt --><!-- AddThis Share Buttons generic via filter on get_the_excerpt --><\/p>\n","protected":false},"featured_media":8819,"template":"","meta":[],"product_cat":[14],"product_tag":[1283,1974],"_links":{"self":[{"href":"https:\/\/www.bazarmerlin.com\/inicio\/wp-json\/wp\/v2\/product\/8818"}],"collection":[{"href":"https:\/\/www.bazarmerlin.com\/inicio\/wp-json\/wp\/v2\/product"}],"about":[{"href":"https:\/\/www.bazarmerlin.com\/inicio\/wp-json\/wp\/v2\/types\/product"}],"wp:featuredmedia":[{"embeddable":true,"href":"https:\/\/www.bazarmerlin.com\/inicio\/wp-json\/wp\/v2\/media\/8819"}],"wp:attachment":[{"href":"https:\/\/www.bazarmerlin.com\/inicio\/wp-json\/wp\/v2\/media?parent=8818"}],"wp:term":[{"taxonomy":"product_cat","embeddable":true,"href":"https:\/\/www.bazarmerlin.com\/inicio\/wp-json\/wp\/v2\/product_cat?post=8818"},{"taxonomy":"product_tag","embeddable":true,"href":"https:\/\/www.bazarmerlin.com\/inicio\/wp-json\/wp\/v2\/product_tag?post=8818"}],"curies":[{"name":"wp","href":"https:\/\/api.w.org\/{rel}","templated":true}]}}