{"id":8820,"date":"2022-05-24T20:04:24","date_gmt":"2022-05-24T20:04:24","guid":{"rendered":"https:\/\/www.bazarmerlin.com\/inicio\/?post_type=product&#038;p=8820"},"modified":"2022-09-28T20:46:16","modified_gmt":"2022-09-28T20:46:16","slug":"balsamo-para-limpias-y-purificacion-de-casa-o-negocio","status":"publish","type":"product","link":"https:\/\/www.bazarmerlin.com\/inicio\/producto\/balsamo-para-limpias-y-purificacion-de-casa-o-negocio\/","title":{"rendered":"B\u00e1lsamo Para Limpias Y Purificaci\u00f3n De Casa O Negocio"},"content":{"rendered":"<p><strong>B\u00c1LSAMO ESPIRITUAL PARA LIMPIAS Y<\/strong><br \/>\n<em><strong>ARMONIZAR EL HOGAR\u00a0<\/strong><\/em><\/p>\n<p>&nbsp;<\/p>\n<p>PRODUCTO HECHO DE FORMA ARTESANAL.<\/p>\n<p>PODEROSO B\u00c1LSAMO especial para limpia de casa, negocio Y oficina. Rompe con cualquier da\u00f1o, brujer\u00edas y<br \/>\nmaldiciones de una vez por todas.<\/p>\n<p>PODEROSO B\u00c1LSAMO contiene hierbas de alto poder como albahacar, artemisa, mirto, pirul, Romero, ruda, perejil y 7 hierbas machas.<\/p>\n<p>Con mucha fe puedes aplicarlo empapando el ramo o material con el que ser a cualquier limpia despojo para aumentar su poder y absorber todas las malas vibras de una vez por todas.<\/p>\n<p>Es ideal para casa negocio u oficina \u00fasalo para trapear el piso o rociarlo por la entrada para romper con todas las brujer\u00edas maldiciones y salaciones que se encuentren ah\u00ed.<\/p>\n<p>CONTIENE ETHER PARA ROMPER CUALQUIER DA\u00d1O CON M\u00c1S FUERZA.<\/p>\n<p>&nbsp;<\/p>\n<p>&nbsp;<\/p>\n<p><strong>BAZAR MERLIN<\/strong><br \/>\n<strong>El Lugar M\u00e1s M\u00edstico de Guadalajara<\/strong><br \/>\n<strong>ENVIAMOS A TODO M\u00c9XICO.<\/strong><\/p>\n<!-- AddThis Advanced Settings generic via filter on the_content --><!-- AddThis Share Buttons generic via filter on the_content -->","protected":false},"excerpt":{"rendered":"<p>B\u00c1LSAMO ESPIRITUAL PARA LIMPIAS Y ARMONIZAR EL HOGAR\u00a0 &nbsp; PRODUCTO HECHO DE FORMA ARTESANAL. PODEROSO B\u00c1LSAMO especial para limpia de casa, negocio Y oficina. Rompe con cualquier da\u00f1o, brujer\u00edas y maldiciones de una vez por todas. PODEROSO B\u00c1LSAMO contiene hierbas de alto poder como albahacar, artemisa, mirto, pirul, Romero, ruda, perejil y 7 hierbas machas.&hellip;<!-- AddThis Advanced Settings generic via filter on get_the_excerpt --><!-- AddThis Share Buttons generic via filter on get_the_excerpt --><\/p>\n","protected":false},"featured_media":10141,"template":"","meta":[],"product_cat":[14],"product_tag":[1975],"_links":{"self":[{"href":"https:\/\/www.bazarmerlin.com\/inicio\/wp-json\/wp\/v2\/product\/8820"}],"collection":[{"href":"https:\/\/www.bazarmerlin.com\/inicio\/wp-json\/wp\/v2\/product"}],"about":[{"href":"https:\/\/www.bazarmerlin.com\/inicio\/wp-json\/wp\/v2\/types\/product"}],"wp:featuredmedia":[{"embeddable":true,"href":"https:\/\/www.bazarmerlin.com\/inicio\/wp-json\/wp\/v2\/media\/10141"}],"wp:attachment":[{"href":"https:\/\/www.bazarmerlin.com\/inicio\/wp-json\/wp\/v2\/media?parent=8820"}],"wp:term":[{"taxonomy":"product_cat","embeddable":true,"href":"https:\/\/www.bazarmerlin.com\/inicio\/wp-json\/wp\/v2\/product_cat?post=8820"},{"taxonomy":"product_tag","embeddable":true,"href":"https:\/\/www.bazarmerlin.com\/inicio\/wp-json\/wp\/v2\/product_tag?post=8820"}],"curies":[{"name":"wp","href":"https:\/\/api.w.org\/{rel}","templated":true}]}}