{"id":8822,"date":"2022-05-24T21:12:28","date_gmt":"2022-05-24T21:12:28","guid":{"rendered":"https:\/\/www.bazarmerlin.com\/inicio\/?post_type=product&#038;p=8822"},"modified":"2022-09-29T23:09:04","modified_gmt":"2022-09-29T23:09:04","slug":"despojo-contra-danos-proteccion-contra-magia-negra","status":"publish","type":"product","link":"https:\/\/www.bazarmerlin.com\/inicio\/producto\/despojo-contra-danos-proteccion-contra-magia-negra\/","title":{"rendered":"Despojo Contra Da\u00f1os &#8211; Protecci\u00f3n Contra Magia Negra"},"content":{"rendered":"<p><strong>DESPOJO CONTRA DA\u00d1OS<\/strong><br \/>\n<strong>Protecci\u00f3n Contra Magia Negra<\/strong><\/p>\n<p>&nbsp;<\/p>\n<p>PARA LIMPIAR CASA O NEGOCIO<\/p>\n<p>Indicado para las personas que son OBJETIVO continuo de BRUJER\u00cdAS que les impiden que sus asuntos tengan \u00c9XITO<\/p>\n<p>Al usarla tendr\u00e1 en su vida TRIUNFO, FORTUNA, PROTECCI\u00d3N Y VICTORIA en todo lo que realice CONTRA hechizos y trabajos, BLOQUEOS Y MALA SUERTE EN GENERAL<\/p>\n<p>B\u00e1lsamo elaborado ARTESANALMENTE por SANTEROS EXPERTOS y<br \/>\nhecho con EXTRACTOS DE HIERBAS Y ACEITES ESENCIALES.<\/p>\n<p>Basado en un antiguo ritual de los m\u00e1s grandes Santeros Afrocubanos y Venezolanos, este producto formulado con esencias m\u00edsticas y m\u00e1gicas, logra esta conjuraci\u00f3n ideal para limpiar y deshacer las malas vibras, alejando as\u00ed toda maldad, odios o pestes.<\/p>\n<p>&nbsp;<\/p>\n<p>&nbsp;<\/p>\n<p><strong>BAZAR MERLIN<\/strong><br \/>\n<strong>El Lugar M\u00e1s M\u00edstico de Guadalajara<\/strong><br \/>\n<strong>ENVIAMOS A TODO M\u00c9XICO&#8230;<\/strong><\/p>\n<!-- AddThis Advanced Settings generic via filter on the_content --><!-- AddThis Share Buttons generic via filter on the_content -->","protected":false},"excerpt":{"rendered":"<p>DESPOJO CONTRA DA\u00d1OS Protecci\u00f3n Contra Magia Negra &nbsp; PARA LIMPIAR CASA O NEGOCIO Indicado para las personas que son OBJETIVO continuo de BRUJER\u00cdAS que les impiden que sus asuntos tengan \u00c9XITO Al usarla tendr\u00e1 en su vida TRIUNFO, FORTUNA, PROTECCI\u00d3N Y VICTORIA en todo lo que realice CONTRA hechizos y trabajos, BLOQUEOS Y MALA SUERTE&hellip;<!-- AddThis Advanced Settings generic via filter on get_the_excerpt --><!-- AddThis Share Buttons generic via filter on get_the_excerpt --><\/p>\n","protected":false},"featured_media":10166,"template":"","meta":[],"product_cat":[14],"product_tag":[1976,1977],"_links":{"self":[{"href":"https:\/\/www.bazarmerlin.com\/inicio\/wp-json\/wp\/v2\/product\/8822"}],"collection":[{"href":"https:\/\/www.bazarmerlin.com\/inicio\/wp-json\/wp\/v2\/product"}],"about":[{"href":"https:\/\/www.bazarmerlin.com\/inicio\/wp-json\/wp\/v2\/types\/product"}],"wp:featuredmedia":[{"embeddable":true,"href":"https:\/\/www.bazarmerlin.com\/inicio\/wp-json\/wp\/v2\/media\/10166"}],"wp:attachment":[{"href":"https:\/\/www.bazarmerlin.com\/inicio\/wp-json\/wp\/v2\/media?parent=8822"}],"wp:term":[{"taxonomy":"product_cat","embeddable":true,"href":"https:\/\/www.bazarmerlin.com\/inicio\/wp-json\/wp\/v2\/product_cat?post=8822"},{"taxonomy":"product_tag","embeddable":true,"href":"https:\/\/www.bazarmerlin.com\/inicio\/wp-json\/wp\/v2\/product_tag?post=8822"}],"curies":[{"name":"wp","href":"https:\/\/api.w.org\/{rel}","templated":true}]}}