{"id":8824,"date":"2022-05-24T21:29:09","date_gmt":"2022-05-24T21:29:09","guid":{"rendered":"https:\/\/www.bazarmerlin.com\/inicio\/?post_type=product&#038;p=8824"},"modified":"2022-09-28T21:58:21","modified_gmt":"2022-09-28T21:58:21","slug":"banos-de-amor-para-atraer-hombre-de-tu-vida-kit","status":"publish","type":"product","link":"https:\/\/www.bazarmerlin.com\/inicio\/producto\/banos-de-amor-para-atraer-hombre-de-tu-vida-kit\/","title":{"rendered":"Ba\u00f1os De Amor Para Atraer a La Pareja De Tu Vida"},"content":{"rendered":"<p><strong>BA\u00d1OS DE AMOR\u00a0 PARA\u00a0 ATRAER A LA PAREJA DE TU VIDA<\/strong><br \/>\n<em><strong>BA\u00d1O CON MIEL Y SALES DE AMOR<\/strong><\/em><\/p>\n<p>La miel ha estado asociada siempre con propiedades afrodis\u00edacos. Precisamente por su dulzura y posibilidad de ser pegajosa, este producto es empleado para unir a las personas en el plano amoroso, aunque tambi\u00e9n se emplea para lograr la empat\u00eda en la amistad o en el empleo y negocios.<\/p>\n<p>Se requiere UN POCO DE MIEL, SALES DE AMOR,<br \/>\nLA VELADORA DE CORAZ\u00d3N COMO TAMBIEN UN JAB\u00d3N DE ROSAS Y MIEL<\/p>\n<p>En principio se enciende una vela para alcanzar una limpieza mental y espiritual adecuada, sin pesos de ninguna naturaleza<\/p>\n<p>Luego de enjabonarsecon el JABON DE ROSAS como de costumbre, se unta la miel por todo el cuerpo, desde el cuello hasta la planta de los pies. Inclusive, se puede colocar en las zonas \u00edntimas<\/p>\n<p>La miel se deja por varios minutos mientras se repite en voz alta cu\u00e1l es el objetivo que se persigue.<\/p>\n<p>Una vez realizado el ba\u00f1o habitual, se toma \u00e9ste preparado de SAL DE BA\u00d1O y se esparce por todo el cuerpo, realizando una oraci\u00f3n que puede ser de tu propia inspiraci\u00f3n, resaltando siempre la necesidad de atraer a una persona con el perfil que buscas.<br \/>\nTambi\u00e9n puede hacerse la siguiente afirmaci\u00f3n:<\/p>\n<p>\u201cEspero conseguir a (persona deseada), que por el d\u00eda y por la noche llene mis pensamientos. Imploro ejerzan influencia sobre m\u00ed, para que no me olvide jam\u00e1s la persona que ha de compartir conmigo la vida\u201d.<\/p>\n<p>El ritual puede realizarse todos los d\u00edas, siempre y cuando se lleve a cabo con la convicci\u00f3n de lo que se pretende alcanzar.<\/p>\n<p>Los BA\u00d1OS PARA\u00a0 ATRAER\u00a0 A LA PAREJA son muy poderosos por lo que no deben hacerse sin estar totalmente seguros.<\/p>\n<p>SE TE MANDA:<\/p>\n<p>3 SALES DE AMOR,<br \/>\n1 LA VELADORA DE CORAZ\u00d3N<br \/>\n1 UN JAB\u00d3N DE ROSAS Y MIEL<\/p>\n<p>&nbsp;<\/p>\n<p>&nbsp;<\/p>\n<p><strong>BAZAR MERL\u00cdN<\/strong><br \/>\n<strong>El Lugar M\u00e1s M\u00edstico de Guadalajara<\/strong><br \/>\n<strong>ENVIAMOS A TODO M\u00c9XICO&#8230;<\/strong><\/p>\n<!-- AddThis Advanced Settings generic via filter on the_content --><!-- AddThis Share Buttons generic via filter on the_content -->","protected":false},"excerpt":{"rendered":"<p>BA\u00d1OS DE AMOR\u00a0 PARA\u00a0 ATRAER A LA PAREJA DE TU VIDA BA\u00d1O CON MIEL Y SALES DE AMOR La miel ha estado asociada siempre con propiedades afrodis\u00edacos. Precisamente por su dulzura y posibilidad de ser pegajosa, este producto es empleado para unir a las personas en el plano amoroso, aunque tambi\u00e9n se emplea para lograr&hellip;<!-- AddThis Advanced Settings generic via filter on get_the_excerpt --><!-- AddThis Share Buttons generic via filter on get_the_excerpt --><\/p>\n","protected":false},"featured_media":10147,"template":"","meta":[],"product_cat":[14],"product_tag":[1978],"_links":{"self":[{"href":"https:\/\/www.bazarmerlin.com\/inicio\/wp-json\/wp\/v2\/product\/8824"}],"collection":[{"href":"https:\/\/www.bazarmerlin.com\/inicio\/wp-json\/wp\/v2\/product"}],"about":[{"href":"https:\/\/www.bazarmerlin.com\/inicio\/wp-json\/wp\/v2\/types\/product"}],"wp:featuredmedia":[{"embeddable":true,"href":"https:\/\/www.bazarmerlin.com\/inicio\/wp-json\/wp\/v2\/media\/10147"}],"wp:attachment":[{"href":"https:\/\/www.bazarmerlin.com\/inicio\/wp-json\/wp\/v2\/media?parent=8824"}],"wp:term":[{"taxonomy":"product_cat","embeddable":true,"href":"https:\/\/www.bazarmerlin.com\/inicio\/wp-json\/wp\/v2\/product_cat?post=8824"},{"taxonomy":"product_tag","embeddable":true,"href":"https:\/\/www.bazarmerlin.com\/inicio\/wp-json\/wp\/v2\/product_tag?post=8824"}],"curies":[{"name":"wp","href":"https:\/\/api.w.org\/{rel}","templated":true}]}}