{"id":8830,"date":"2022-05-24T21:38:17","date_gmt":"2022-05-24T21:38:17","guid":{"rendered":"https:\/\/www.bazarmerlin.com\/inicio\/?post_type=product&#038;p=8830"},"modified":"2022-09-27T23:25:43","modified_gmt":"2022-09-27T23:25:43","slug":"arrasa-brujeria-banos-de-hierbas","status":"publish","type":"product","link":"https:\/\/www.bazarmerlin.com\/inicio\/producto\/arrasa-brujeria-banos-de-hierbas\/","title":{"rendered":"Arrasa Brujer\u00eda &#8211; Ba\u00f1os De Hierbas"},"content":{"rendered":"<p><strong>HIERBAS PARA BA\u00d1OS ARRASA BRUJERIA<\/strong><\/p>\n<p>&nbsp;<\/p>\n<p>Elaborado por SANTEROS con hierbas tratadas<\/p>\n<p>Cuando tienes un problema que crees de dif\u00edcil soluci\u00f3n es bueno recurrir a los rituales de magia, estos siempre nos ayudan a lograr exitosamente los objetivos que queremos conseguir.<\/p>\n<p>Las limpiezas o rituales con ba\u00f1os de hierbas sirven para uso diario esto ayuda a toda tu energ\u00eda c\u00f3smica y aurica equilibrando tus chakras para as\u00ed cambiar de forma inmediata tu suerte. Su fabricaci\u00f3n y su composici\u00f3n son de forma 100% artesanal por lo que llevan la esencia y extracto natural para equilibrar tu energ\u00eda.<\/p>\n<p>Ayuda a CORREGIR y AUMENTAR Nuestra ENERG\u00cdA ya que estabiliza los 7 CHAKRAS Ayud\u00e1ndonos a ATRAER DINERO, AMOR, SALUD, PROTECCI\u00d3N, ABRIR CAMINOS y \u00c9XITO EN TODO LO QUE EMPRENDAMOS.<\/p>\n<p>&nbsp;<\/p>\n<p>&nbsp;<\/p>\n<p><strong>BAZAR MERLIN<\/strong><br \/>\n<strong>El Lugar M\u00e1s M\u00edstico de Guadalajara<\/strong><br \/>\n<strong>ENVIAMOS A TODO M\u00c9XICO&#8230;<\/strong><\/p>\n<!-- AddThis Advanced Settings generic via filter on the_content --><!-- AddThis Share Buttons generic via filter on the_content -->","protected":false},"excerpt":{"rendered":"<p>HIERBAS PARA BA\u00d1OS ARRASA BRUJERIA &nbsp; Elaborado por SANTEROS con hierbas tratadas Cuando tienes un problema que crees de dif\u00edcil soluci\u00f3n es bueno recurrir a los rituales de magia, estos siempre nos ayudan a lograr exitosamente los objetivos que queremos conseguir. Las limpiezas o rituales con ba\u00f1os de hierbas sirven para uso diario esto ayuda&hellip;<!-- AddThis Advanced Settings generic via filter on get_the_excerpt --><!-- AddThis Share Buttons generic via filter on get_the_excerpt --><\/p>\n","protected":false},"featured_media":10136,"template":"","meta":[],"product_cat":[14],"product_tag":[550,1979],"_links":{"self":[{"href":"https:\/\/www.bazarmerlin.com\/inicio\/wp-json\/wp\/v2\/product\/8830"}],"collection":[{"href":"https:\/\/www.bazarmerlin.com\/inicio\/wp-json\/wp\/v2\/product"}],"about":[{"href":"https:\/\/www.bazarmerlin.com\/inicio\/wp-json\/wp\/v2\/types\/product"}],"wp:featuredmedia":[{"embeddable":true,"href":"https:\/\/www.bazarmerlin.com\/inicio\/wp-json\/wp\/v2\/media\/10136"}],"wp:attachment":[{"href":"https:\/\/www.bazarmerlin.com\/inicio\/wp-json\/wp\/v2\/media?parent=8830"}],"wp:term":[{"taxonomy":"product_cat","embeddable":true,"href":"https:\/\/www.bazarmerlin.com\/inicio\/wp-json\/wp\/v2\/product_cat?post=8830"},{"taxonomy":"product_tag","embeddable":true,"href":"https:\/\/www.bazarmerlin.com\/inicio\/wp-json\/wp\/v2\/product_tag?post=8830"}],"curies":[{"name":"wp","href":"https:\/\/api.w.org\/{rel}","templated":true}]}}