{"id":8834,"date":"2022-05-24T21:53:17","date_gmt":"2022-05-24T21:53:17","guid":{"rendered":"https:\/\/www.bazarmerlin.com\/inicio\/?post_type=product&#038;p=8834"},"modified":"2022-10-21T22:44:14","modified_gmt":"2022-10-21T22:44:14","slug":"tarot-de-la-sensualidad-wicca-y-folleto-con-significados","status":"publish","type":"product","link":"https:\/\/www.bazarmerlin.com\/inicio\/producto\/tarot-de-la-sensualidad-wicca-y-folleto-con-significados\/","title":{"rendered":"Tarot De La Sensualidad Wicca Y Folleto Con Significados"},"content":{"rendered":"<p><strong>TAROT DE LA SENSUALIDAD WICCA<\/strong><\/p>\n<p>&nbsp;<\/p>\n<p>78 CARTAS Y FOLLETO<\/p>\n<p>Un tarot muy hermoso con un marco de color p\u00farpura y con filigranas dorado que resalta las maravillosas ilustraciones creadas por el artista Nada Mesar, con gran detalle nos muestra a los arcanos con rostros fuertes y a la vez con toques rom\u00e1nticos y sensuales fusionando la magia wicca con toda la pasi\u00f3n y la fuerza de esta cultura.<\/p>\n<p>El Tarot Sensual de la Wicca explora la sexualidad a trav\u00e9s del sistema de creencias wiccanas. Las ilustraciones de las cartas generalmente tienen un estilo similar al Rider-Waite, reinterpretadas para ser multiculturales y Wicca.<\/p>\n<p>Creado por Nada Mesar, Elisa Poggese en el a\u00f1o 2007<br \/>\nIm\u00e1genes v\u00edvidas con un toque de erotismo se mezclan con los temas paganos, un tarot \u00fanico en su tipo. Presta atenci\u00f3n a la sabidur\u00eda de la Gran Diosa y el Dios de los Cuernos. Encuentra los misterios de la Doncella, Madre, y Cronos.Por otra parte los Sabbats sagrados te gu\u00edan hacia nuevas percepciones y crecimiento espiritual. La edici\u00f3n de lujo incluye el tarot con las 78 cartas, una bolsa de sat\u00e9n bordado, e instrucciones.<\/p>\n<p>Nada Mesar dise\u00f1\u00f3 el Tarot Sensual Wicca para explorar los temas del sexo y la sexualidad a trav\u00e9s de la creencia y el simbolismo wiccanos. Se pretende que sea una herramienta para facilitar la exploraci\u00f3n, la meditaci\u00f3n y la comunicaci\u00f3n. Los nombres de las cartas y los arcanos principales han sido cambiados apropiadamente para mantener el tema de Wicca: La Emperatriz es ahora La Madre, La Muerte es Transformaci\u00f3n, El Diablo es Obsesi\u00f3n, La Fuerza es Lujuria, y as\u00ed sucesivamente.<\/p>\n<p>&nbsp;<\/p>\n<p>&nbsp;<\/p>\n<p><strong>BAZAR MERLIN<\/strong><br \/>\n<strong>El Lugar M\u00e1s M\u00edstico de Guadalajara<\/strong><br \/>\n<strong>ENVIAMOS A TODO M\u00c9XICO.<\/strong><\/p>\n<!-- AddThis Advanced Settings generic via filter on the_content --><!-- AddThis Share Buttons generic via filter on the_content -->","protected":false},"excerpt":{"rendered":"<p>TAROT DE LA SENSUALIDAD WICCA &nbsp; 78 CARTAS Y FOLLETO Un tarot muy hermoso con un marco de color p\u00farpura y con filigranas dorado que resalta las maravillosas ilustraciones creadas por el artista Nada Mesar, con gran detalle nos muestra a los arcanos con rostros fuertes y a la vez con toques rom\u00e1nticos y sensuales&hellip;<!-- AddThis Advanced Settings generic via filter on get_the_excerpt --><!-- AddThis Share Buttons generic via filter on get_the_excerpt --><\/p>\n","protected":false},"featured_media":10496,"template":"","meta":[],"product_cat":[15],"product_tag":[1981],"_links":{"self":[{"href":"https:\/\/www.bazarmerlin.com\/inicio\/wp-json\/wp\/v2\/product\/8834"}],"collection":[{"href":"https:\/\/www.bazarmerlin.com\/inicio\/wp-json\/wp\/v2\/product"}],"about":[{"href":"https:\/\/www.bazarmerlin.com\/inicio\/wp-json\/wp\/v2\/types\/product"}],"wp:featuredmedia":[{"embeddable":true,"href":"https:\/\/www.bazarmerlin.com\/inicio\/wp-json\/wp\/v2\/media\/10496"}],"wp:attachment":[{"href":"https:\/\/www.bazarmerlin.com\/inicio\/wp-json\/wp\/v2\/media?parent=8834"}],"wp:term":[{"taxonomy":"product_cat","embeddable":true,"href":"https:\/\/www.bazarmerlin.com\/inicio\/wp-json\/wp\/v2\/product_cat?post=8834"},{"taxonomy":"product_tag","embeddable":true,"href":"https:\/\/www.bazarmerlin.com\/inicio\/wp-json\/wp\/v2\/product_tag?post=8834"}],"curies":[{"name":"wp","href":"https:\/\/api.w.org\/{rel}","templated":true}]}}