{"id":8836,"date":"2022-05-24T22:04:58","date_gmt":"2022-05-24T22:04:58","guid":{"rendered":"https:\/\/www.bazarmerlin.com\/inicio\/?post_type=product&#038;p=8836"},"modified":"2024-07-22T19:58:25","modified_gmt":"2024-07-22T19:58:25","slug":"quita-todo-dano-trabajo-y-salamiento-jabon-reversible","status":"publish","type":"product","link":"https:\/\/www.bazarmerlin.com\/inicio\/producto\/quita-todo-dano-trabajo-y-salamiento-jabon-reversible\/","title":{"rendered":"Jab\u00f3n Doble Acci\u00f3n Reversible &#8211; Quita Todo Da\u00f1o y Trabajos"},"content":{"rendered":"<p>JAB\u00d3N REVERSIBLE<\/p>\n<p>Este Jab\u00f3n especial esta preparado especialmente para conseguir REGRESAR<br \/>\ntodo trabajo, maleficio, mal de ojo y revertirlo sobre la persona que te los ha realizado.<\/p>\n<p>est\u00e1 elaborado con el prop\u00f3sito de devolver cualquier energ\u00eda negativa y perturbadora antes de que nos hagan da\u00f1o.<\/p>\n<p>&nbsp;<\/p>\n<p>&nbsp;<\/p>\n<p>BAZAR MERL\u00cdN<br \/>\nEl Lugar M\u00e1s M\u00edstico de Guadalajara<br \/>\nENVIAMOS A TODO M\u00c9XICO&#8230;<\/p>\n<!-- AddThis Advanced Settings generic via filter on the_content --><!-- AddThis Share Buttons generic via filter on the_content -->","protected":false},"excerpt":{"rendered":"<p>JAB\u00d3N REVERSIBLE Este Jab\u00f3n especial esta preparado especialmente para conseguir REGRESAR todo trabajo, maleficio, mal de ojo y revertirlo sobre la persona que te los ha realizado. est\u00e1 elaborado con el prop\u00f3sito de devolver cualquier energ\u00eda negativa y perturbadora antes de que nos hagan da\u00f1o. &nbsp; &nbsp; BAZAR MERL\u00cdN El Lugar M\u00e1s M\u00edstico de Guadalajara&hellip;<!-- AddThis Advanced Settings generic via filter on get_the_excerpt --><!-- AddThis Share Buttons generic via filter on get_the_excerpt --><\/p>\n","protected":false},"featured_media":10235,"template":"","meta":[],"product_cat":[14],"product_tag":[1982,1983],"_links":{"self":[{"href":"https:\/\/www.bazarmerlin.com\/inicio\/wp-json\/wp\/v2\/product\/8836"}],"collection":[{"href":"https:\/\/www.bazarmerlin.com\/inicio\/wp-json\/wp\/v2\/product"}],"about":[{"href":"https:\/\/www.bazarmerlin.com\/inicio\/wp-json\/wp\/v2\/types\/product"}],"wp:featuredmedia":[{"embeddable":true,"href":"https:\/\/www.bazarmerlin.com\/inicio\/wp-json\/wp\/v2\/media\/10235"}],"wp:attachment":[{"href":"https:\/\/www.bazarmerlin.com\/inicio\/wp-json\/wp\/v2\/media?parent=8836"}],"wp:term":[{"taxonomy":"product_cat","embeddable":true,"href":"https:\/\/www.bazarmerlin.com\/inicio\/wp-json\/wp\/v2\/product_cat?post=8836"},{"taxonomy":"product_tag","embeddable":true,"href":"https:\/\/www.bazarmerlin.com\/inicio\/wp-json\/wp\/v2\/product_tag?post=8836"}],"curies":[{"name":"wp","href":"https:\/\/api.w.org\/{rel}","templated":true}]}}