{"id":8845,"date":"2022-05-24T22:26:26","date_gmt":"2022-05-24T22:26:26","guid":{"rendered":"https:\/\/www.bazarmerlin.com\/inicio\/?post_type=product&#038;p=8845"},"modified":"2023-01-12T22:32:55","modified_gmt":"2023-01-12T22:32:55","slug":"incienso-que-rompe-hechizos-limpia-casa-o-persona","status":"publish","type":"product","link":"https:\/\/www.bazarmerlin.com\/inicio\/producto\/incienso-que-rompe-hechizos-limpia-casa-o-persona\/","title":{"rendered":"Sahumerio Rompe Hechizos &#8211; Limpia Casa O Persona"},"content":{"rendered":"<p><strong>SAHUMERIO AHUMO &#8211; ROMPE HECHIZOS.<\/strong><\/p>\n<p>&nbsp;<\/p>\n<p>En unas brasas poner sahumerio suficiente para LIMPIAR A LAS PERSONAS<br \/>\ny\/o ALAS HABITACIONES O NEGOCIOS.<\/p>\n<p>-QUITA TODO MAL DE TI MISMO, DE TU CASA O NEGOCIO-<\/p>\n<p>La Persona que padece un ataque de Hechicer\u00eda todo le sale &#8220;AL REV\u00c9S&#8221; este Sahumerio te ayudar\u00e1 a quitar cualquier da\u00f1o que tuvieras en tu persona o en tu casa y\/o negocio.<\/p>\n<p>Se puede percibir si alguna vez te has sentido molesto o perseguido por la mala suerte o mala vibra en espacios que habitas o en los que trabajas, con una energ\u00eda densa o con falta de armon\u00eda.<\/p>\n<p>Los sahumerios son usados desde hace much\u00edsimos a\u00f1os tanto para limpieza de espacios como de personas.<br \/>\nSe conforma de diferentes hierbas, lo que le brinda diferentes aromas y colores.<\/p>\n<p>El Sahumerio Original esta hecho de:<br \/>\nCorteza y Resina, de la m\u00e1s Alta Calidad, Extra\u00edda de Plantas y Hierbas para Limpiar y Proteger de Envidias, hechizos, Conjuros y Maldiciones.<\/p>\n<p>Forma de Uso:<br \/>\nEn unas brasas poner suficiente Sahumerio para limpiar a las personas, hogares,en las habitaciones o negocios.<\/p>\n<p>Oraci\u00f3n:<br \/>\nCirculo M\u00e1gico de protecci\u00f3n<br \/>\ninvencible te pido que rompas<br \/>\ntoda clase de hechizos<br \/>\nmaleficios y todo peligro que<br \/>\nintente perjudicarme y<br \/>\nprotegerme de todo mal<br \/>\nAm\u00e9n.<\/p>\n<p>&nbsp;<\/p>\n<p><strong>BAZAR MERLIN\u00ae<\/strong><br \/>\n<strong>El Lugar M\u00e1s M\u00edstico de Guadalajara<\/strong><br \/>\n<strong>ENVIAMOS A TODO M\u00c9XICO&#8230;<\/strong><\/p>\n<!-- AddThis Advanced Settings generic via filter on the_content --><!-- AddThis Share Buttons generic via filter on the_content -->","protected":false},"excerpt":{"rendered":"<p>SAHUMERIO AHUMO &#8211; ROMPE HECHIZOS. &nbsp; En unas brasas poner sahumerio suficiente para LIMPIAR A LAS PERSONAS y\/o ALAS HABITACIONES O NEGOCIOS. -QUITA TODO MAL DE TI MISMO, DE TU CASA O NEGOCIO- La Persona que padece un ataque de Hechicer\u00eda todo le sale &#8220;AL REV\u00c9S&#8221; este Sahumerio te ayudar\u00e1 a quitar cualquier da\u00f1o que&hellip;<!-- AddThis Advanced Settings generic via filter on get_the_excerpt --><!-- AddThis Share Buttons generic via filter on get_the_excerpt --><\/p>\n","protected":false},"featured_media":11517,"template":"","meta":[],"product_cat":[274],"product_tag":[1742,1986],"_links":{"self":[{"href":"https:\/\/www.bazarmerlin.com\/inicio\/wp-json\/wp\/v2\/product\/8845"}],"collection":[{"href":"https:\/\/www.bazarmerlin.com\/inicio\/wp-json\/wp\/v2\/product"}],"about":[{"href":"https:\/\/www.bazarmerlin.com\/inicio\/wp-json\/wp\/v2\/types\/product"}],"wp:featuredmedia":[{"embeddable":true,"href":"https:\/\/www.bazarmerlin.com\/inicio\/wp-json\/wp\/v2\/media\/11517"}],"wp:attachment":[{"href":"https:\/\/www.bazarmerlin.com\/inicio\/wp-json\/wp\/v2\/media?parent=8845"}],"wp:term":[{"taxonomy":"product_cat","embeddable":true,"href":"https:\/\/www.bazarmerlin.com\/inicio\/wp-json\/wp\/v2\/product_cat?post=8845"},{"taxonomy":"product_tag","embeddable":true,"href":"https:\/\/www.bazarmerlin.com\/inicio\/wp-json\/wp\/v2\/product_tag?post=8845"}],"curies":[{"name":"wp","href":"https:\/\/api.w.org\/{rel}","templated":true}]}}