{"id":8847,"date":"2022-05-24T23:06:48","date_gmt":"2022-05-24T23:06:48","guid":{"rendered":"https:\/\/www.bazarmerlin.com\/inicio\/?post_type=product&#038;p=8847"},"modified":"2022-11-17T00:48:56","modified_gmt":"2022-11-17T00:48:56","slug":"talisman-satanico-de-astaroth","status":"publish","type":"product","link":"https:\/\/www.bazarmerlin.com\/inicio\/producto\/talisman-satanico-de-astaroth\/","title":{"rendered":"Talism\u00e1n Sat\u00e1nico De Astaroth"},"content":{"rendered":"<p><strong>TALISM\u00c1N SAT\u00c1NICO DE ASTAROTH 7 METALES<\/strong><\/p>\n<p>Atrae a tu vida suerte, fortuna y amor, etc. este poderoso talism\u00e1n te concede deseos ilimitados. te atrae la buena suerte en amor negocios, dinero, juegos de azar etc.<\/p>\n<p>Astaroth es un esp\u00edritu del Grimorium Verum, y uno de los tres jefes de los esp\u00edritus. En el sistema del Grimorium Verum, Astaroth comparte el gobierno sobre el mundo con Lucifer y Belzebuth. En esta divisi\u00f3n Lucifer gobierna sobre Europa y Asia, Belzebuth Africa y Astaroth las Am\u00e9ricas.<\/p>\n<p>&nbsp;<\/p>\n<p>&nbsp;<\/p>\n<p><strong>BAZAR MERLIN\u00ae<\/strong><br \/>\n<strong>El Lugar M\u00e1s M\u00edstico de Guadalajara<\/strong><br \/>\n<strong>ENVIAMOS A TODO M\u00c9XICO&#8230;<\/strong><\/p>\n<!-- AddThis Advanced Settings generic via filter on the_content --><!-- AddThis Share Buttons generic via filter on the_content -->","protected":false},"excerpt":{"rendered":"<p>TALISM\u00c1N SAT\u00c1NICO DE ASTAROTH 7 METALES Atrae a tu vida suerte, fortuna y amor, etc. este poderoso talism\u00e1n te concede deseos ilimitados. te atrae la buena suerte en amor negocios, dinero, juegos de azar etc. Astaroth es un esp\u00edritu del Grimorium Verum, y uno de los tres jefes de los esp\u00edritus. En el sistema del&hellip;<!-- AddThis Advanced Settings generic via filter on get_the_excerpt --><!-- AddThis Share Buttons generic via filter on get_the_excerpt --><\/p>\n","protected":false},"featured_media":10766,"template":"","meta":[],"product_cat":[12],"product_tag":[1987],"_links":{"self":[{"href":"https:\/\/www.bazarmerlin.com\/inicio\/wp-json\/wp\/v2\/product\/8847"}],"collection":[{"href":"https:\/\/www.bazarmerlin.com\/inicio\/wp-json\/wp\/v2\/product"}],"about":[{"href":"https:\/\/www.bazarmerlin.com\/inicio\/wp-json\/wp\/v2\/types\/product"}],"wp:featuredmedia":[{"embeddable":true,"href":"https:\/\/www.bazarmerlin.com\/inicio\/wp-json\/wp\/v2\/media\/10766"}],"wp:attachment":[{"href":"https:\/\/www.bazarmerlin.com\/inicio\/wp-json\/wp\/v2\/media?parent=8847"}],"wp:term":[{"taxonomy":"product_cat","embeddable":true,"href":"https:\/\/www.bazarmerlin.com\/inicio\/wp-json\/wp\/v2\/product_cat?post=8847"},{"taxonomy":"product_tag","embeddable":true,"href":"https:\/\/www.bazarmerlin.com\/inicio\/wp-json\/wp\/v2\/product_tag?post=8847"}],"curies":[{"name":"wp","href":"https:\/\/api.w.org\/{rel}","templated":true}]}}