{"id":8849,"date":"2022-05-24T23:13:32","date_gmt":"2022-05-24T23:13:32","guid":{"rendered":"https:\/\/www.bazarmerlin.com\/inicio\/?post_type=product&#038;p=8849"},"modified":"2022-09-01T23:43:17","modified_gmt":"2022-09-01T23:43:17","slug":"el-oraculo-del-rey-salomon-o-libro-de-los-destinos","status":"publish","type":"product","link":"https:\/\/www.bazarmerlin.com\/inicio\/producto\/el-oraculo-del-rey-salomon-o-libro-de-los-destinos\/","title":{"rendered":"El Or\u00e1culo Del Rey Salom\u00f3n O Libro De Los Destinos"},"content":{"rendered":"<p><strong>EL OR\u00c1CULO DEL REY SALOM\u00d3N.<\/strong><\/p>\n<p>Or\u00e1culo, en sus sentido m\u00e1s lato, es la respuesta que d\u00e1 Dios por s\u00ed o por medio de sus ministros; tambi\u00e9n, contestaci\u00f3n que las pitonisas y sacerdotes de la antig\u00fcedad daban a las consultas que se hac\u00edan ante sus \u00eddolo, como transmitidas por los dioses. As\u00ed mismo se da el nombre de Or\u00e1culo al lugar, estatua o libro que representa la deidad cuya respuesta se solicita.<\/p>\n<p>Este Or\u00e1culo como su nombre lo dice se origina en uno de los hombres m\u00e1s sabios que han existido: El Rey Salom\u00f3n. Si tienes el debido respeto para consultarlo tendr\u00e1s la respuesta a todas las interrogantes de tu vida, pero si no lo tienes, no lo consultes.<\/p>\n<p>N\u00famero de P\u00e1ginas 220.<\/p>\n<p>&nbsp;<\/p>\n<p>&nbsp;<\/p>\n<p><strong>BAZAR MERLIN\u00ae<\/strong><br \/>\n<strong>El Lugar M\u00e1s M\u00edstico de Guadalajara<\/strong><br \/>\n<strong>ENVIAMOS A TODO M\u00c9XICO&#8230;<\/strong><\/p>\n<!-- AddThis Advanced Settings generic via filter on the_content --><!-- AddThis Share Buttons generic via filter on the_content -->","protected":false},"excerpt":{"rendered":"<p>EL OR\u00c1CULO DEL REY SALOM\u00d3N. Or\u00e1culo, en sus sentido m\u00e1s lato, es la respuesta que d\u00e1 Dios por s\u00ed o por medio de sus ministros; tambi\u00e9n, contestaci\u00f3n que las pitonisas y sacerdotes de la antig\u00fcedad daban a las consultas que se hac\u00edan ante sus \u00eddolo, como transmitidas por los dioses. As\u00ed mismo se da el&hellip;<!-- AddThis Advanced Settings generic via filter on get_the_excerpt --><!-- AddThis Share Buttons generic via filter on get_the_excerpt --><\/p>\n","protected":false},"featured_media":9585,"template":"","meta":[],"product_cat":[13],"product_tag":[1988],"_links":{"self":[{"href":"https:\/\/www.bazarmerlin.com\/inicio\/wp-json\/wp\/v2\/product\/8849"}],"collection":[{"href":"https:\/\/www.bazarmerlin.com\/inicio\/wp-json\/wp\/v2\/product"}],"about":[{"href":"https:\/\/www.bazarmerlin.com\/inicio\/wp-json\/wp\/v2\/types\/product"}],"wp:featuredmedia":[{"embeddable":true,"href":"https:\/\/www.bazarmerlin.com\/inicio\/wp-json\/wp\/v2\/media\/9585"}],"wp:attachment":[{"href":"https:\/\/www.bazarmerlin.com\/inicio\/wp-json\/wp\/v2\/media?parent=8849"}],"wp:term":[{"taxonomy":"product_cat","embeddable":true,"href":"https:\/\/www.bazarmerlin.com\/inicio\/wp-json\/wp\/v2\/product_cat?post=8849"},{"taxonomy":"product_tag","embeddable":true,"href":"https:\/\/www.bazarmerlin.com\/inicio\/wp-json\/wp\/v2\/product_tag?post=8849"}],"curies":[{"name":"wp","href":"https:\/\/api.w.org\/{rel}","templated":true}]}}