{"id":8851,"date":"2022-05-24T23:25:54","date_gmt":"2022-05-24T23:25:54","guid":{"rendered":"https:\/\/www.bazarmerlin.com\/inicio\/?post_type=product&#038;p=8851"},"modified":"2022-09-28T22:02:45","modified_gmt":"2022-09-28T22:02:45","slug":"banos-de-hierbas-para-limpiar-gallina-negra","status":"publish","type":"product","link":"https:\/\/www.bazarmerlin.com\/inicio\/producto\/banos-de-hierbas-para-limpiar-gallina-negra\/","title":{"rendered":"Ba\u00f1os De Hierbas Para Limpiar &#8211; Gallina Negra"},"content":{"rendered":"<p><strong>HIERBAS PARA BA\u00d1OS GALLINA NEGRA<\/strong><br \/>\n<strong>ATRAE DINERO, TRABAJO Y MEJORES VENTAS<\/strong><\/p>\n<p>Cuando sientas que los negocios van decayendo y no rinde el dinero, estos BA\u00d1OS TE PROTEGER\u00c1 DE DA\u00d1OS Y ENVIDIAS abri\u00e9ndote oportunidades para alcanzar la PROSPERIDAD Y EL \u00c9XITO que tanto mereces. S\u00f3lo necesitas rociar la entrada y las cuatro esquinas de tu negocio y decir con mucha fe tu oraci\u00f3n favorita de inmediato invocaras confianza y seguridad en todas las personas con las que trates.<\/p>\n<p>Especial para atraer la buena suerte en lo personal \u00c9XITO EN LOS NEGOCIOS y tener toda la protecci\u00f3n a donde quiera que vayas.<\/p>\n<p>Los Ba\u00f1os Esot\u00e9ricos son preparados con productos, esencias y extractos especiales. Cuando tienes un problema que crees de dif\u00edcil soluci\u00f3n es bueno recurrir a los rituales de magia, estos siempre nos ayudan a lograr exitosamente los objetivos que queremos conseguir.<\/p>\n<p>Las limpiezas o rituales con BA\u00d1OS sirven para uso diario tanto del cuerpo como de las manos y toda tu energ\u00eda c\u00f3smica y aurica equilibrando tus chakras para as\u00ed cambiar de forma inmediata tu suerte. Su fabricaci\u00f3n y su composici\u00f3n son de forma 100% ARTESANAL por lo que llevan la esencia y extracto natural para equilibrar tu energ\u00eda,<\/p>\n<p>&nbsp;<\/p>\n<p>&nbsp;<\/p>\n<p><strong>BAZAR MERLIN<\/strong><br \/>\n<strong>El Lugar M\u00e1s M\u00edstico de Guadalajara<\/strong><br \/>\n<strong>ENVIAMOS A TODO M\u00c9XICO&#8230;<\/strong><\/p>\n<!-- AddThis Advanced Settings generic via filter on the_content --><!-- AddThis Share Buttons generic via filter on the_content -->","protected":false},"excerpt":{"rendered":"<p>HIERBAS PARA BA\u00d1OS GALLINA NEGRA ATRAE DINERO, TRABAJO Y MEJORES VENTAS Cuando sientas que los negocios van decayendo y no rinde el dinero, estos BA\u00d1OS TE PROTEGER\u00c1 DE DA\u00d1OS Y ENVIDIAS abri\u00e9ndote oportunidades para alcanzar la PROSPERIDAD Y EL \u00c9XITO que tanto mereces. S\u00f3lo necesitas rociar la entrada y las cuatro esquinas de tu negocio&hellip;<!-- AddThis Advanced Settings generic via filter on get_the_excerpt --><!-- AddThis Share Buttons generic via filter on get_the_excerpt --><\/p>\n","protected":false},"featured_media":10151,"template":"","meta":[],"product_cat":[14],"product_tag":[1989,1990],"_links":{"self":[{"href":"https:\/\/www.bazarmerlin.com\/inicio\/wp-json\/wp\/v2\/product\/8851"}],"collection":[{"href":"https:\/\/www.bazarmerlin.com\/inicio\/wp-json\/wp\/v2\/product"}],"about":[{"href":"https:\/\/www.bazarmerlin.com\/inicio\/wp-json\/wp\/v2\/types\/product"}],"wp:featuredmedia":[{"embeddable":true,"href":"https:\/\/www.bazarmerlin.com\/inicio\/wp-json\/wp\/v2\/media\/10151"}],"wp:attachment":[{"href":"https:\/\/www.bazarmerlin.com\/inicio\/wp-json\/wp\/v2\/media?parent=8851"}],"wp:term":[{"taxonomy":"product_cat","embeddable":true,"href":"https:\/\/www.bazarmerlin.com\/inicio\/wp-json\/wp\/v2\/product_cat?post=8851"},{"taxonomy":"product_tag","embeddable":true,"href":"https:\/\/www.bazarmerlin.com\/inicio\/wp-json\/wp\/v2\/product_tag?post=8851"}],"curies":[{"name":"wp","href":"https:\/\/api.w.org\/{rel}","templated":true}]}}