{"id":8853,"date":"2022-05-24T23:31:05","date_gmt":"2022-05-24T23:31:05","guid":{"rendered":"https:\/\/www.bazarmerlin.com\/inicio\/?post_type=product&#038;p=8853"},"modified":"2022-11-05T00:15:58","modified_gmt":"2022-11-05T00:15:58","slug":"medalla-de-las-7-deidades-de-la-santeria-en-7-metales","status":"publish","type":"product","link":"https:\/\/www.bazarmerlin.com\/inicio\/producto\/medalla-de-las-7-deidades-de-la-santeria-en-7-metales\/","title":{"rendered":"Medalla De Las 7 Deidades De La Santer\u00eda En 7 Metales"},"content":{"rendered":"<p><strong>MEDALLA DE LAS 7 DEIDADES DE LA SANTERIA\/PROTECCION.<\/strong><br \/>\n<strong>TERMINADA EN 7 METALES Y ENCAPSULADA EN RESINA.<\/strong><\/p>\n<p>&nbsp;<\/p>\n<p>Atrae Dinero, Negocios, Suerte Y Protecci\u00f3n<\/p>\n<p>*tu situaci\u00f3n personal, profesional o financiera est\u00e1 en un punto cr\u00edtico?.<br \/>\n*Sientes ser v\u00edctima de un trabajo oscuro de alg\u00fan enemigo.<br \/>\n*Has intentado casi todo, incluso magia y no vez cambios en tu vida?.<\/p>\n<p>EL PODEROSO TALISMAN CUBANO DE LAS 7 DEIDADES SANTERAS<br \/>\nES LO QUE HAS ESTADO BUSCANDO.<\/p>\n<p>El poderoso talisman cubano te ayudar\u00e1 a obtener todo lo que siempre has so\u00f1ado como: poder, amor, dinero y salud. Te ayudar\u00e1 a lograr el \u00e9xito en todos los aspectos de tu vida.<\/p>\n<p>Este poderoso talisman cubano, est\u00e1 fabricado y tallado a mano, pintado y detallado a mano, reforzado con ashe, adem\u00e1s contiene los 7 metales alqu\u00edmicos visibles como una aleaci\u00f3n de siete metales que corresponden a los siete planetas esot\u00e9ricos.<\/p>\n<p>En este poderoso talism\u00e1n se conjugan los 7 santos orichas, debidamente fabricado como muy pocos talismanes ya que se encuentra fabricado en aleaci\u00f3n de 7 metales alqu\u00edmicos, para darle fuerza a los 7 santos orichas:<\/p>\n<p>chango<br \/>\neleggua<br \/>\nobatala<br \/>\noggun<br \/>\noshun<br \/>\norunla<br \/>\nyemaya<\/p>\n<p>Esta elaborado totalmente a mano y consagrado por el maestro astral especialmente para ti bajo un ritual muy poderoso y de verdadera alta magia. Este talism\u00e1n esta detallado a mano para que este poderoso talism\u00e1n dure toda la vida.<\/p>\n<p>\u00bfPOR QU\u00c9 ES TAN PODEROSO ESTE TALISM\u00c1N? Por la simbolog\u00eda que encierra da una fuerza y magnetismo muy potente, porque se prepara y ritualiza con decretos y rituales de alta magia que le ayudan a aumentar su poder de protecci\u00f3n. Adem\u00e1s est\u00e1 realizado en aleaci\u00f3n de 7 metales que corresponden a los 7 planetas alqu\u00edmicos y a las deidades santeras.<\/p>\n<p>&nbsp;<\/p>\n<p>&nbsp;<\/p>\n<p><strong>BAZAR MERLIN\u00ae<\/strong><br \/>\n<strong>El Lugar M\u00e1s M\u00edstico de Guadalajara<\/strong><br \/>\n<strong>ENVIAMOS A TODO M\u00c9XICO&#8230;<\/strong><\/p>\n<!-- AddThis Advanced Settings generic via filter on the_content --><!-- AddThis Share Buttons generic via filter on the_content -->","protected":false},"excerpt":{"rendered":"<p>MEDALLA DE LAS 7 DEIDADES DE LA SANTERIA\/PROTECCION. TERMINADA EN 7 METALES Y ENCAPSULADA EN RESINA. &nbsp; Atrae Dinero, Negocios, Suerte Y Protecci\u00f3n *tu situaci\u00f3n personal, profesional o financiera est\u00e1 en un punto cr\u00edtico?. *Sientes ser v\u00edctima de un trabajo oscuro de alg\u00fan enemigo. *Has intentado casi todo, incluso magia y no vez cambios en&hellip;<!-- AddThis Advanced Settings generic via filter on get_the_excerpt --><!-- AddThis Share Buttons generic via filter on get_the_excerpt --><\/p>\n","protected":false},"featured_media":10670,"template":"","meta":[],"product_cat":[12],"product_tag":[1991],"_links":{"self":[{"href":"https:\/\/www.bazarmerlin.com\/inicio\/wp-json\/wp\/v2\/product\/8853"}],"collection":[{"href":"https:\/\/www.bazarmerlin.com\/inicio\/wp-json\/wp\/v2\/product"}],"about":[{"href":"https:\/\/www.bazarmerlin.com\/inicio\/wp-json\/wp\/v2\/types\/product"}],"wp:featuredmedia":[{"embeddable":true,"href":"https:\/\/www.bazarmerlin.com\/inicio\/wp-json\/wp\/v2\/media\/10670"}],"wp:attachment":[{"href":"https:\/\/www.bazarmerlin.com\/inicio\/wp-json\/wp\/v2\/media?parent=8853"}],"wp:term":[{"taxonomy":"product_cat","embeddable":true,"href":"https:\/\/www.bazarmerlin.com\/inicio\/wp-json\/wp\/v2\/product_cat?post=8853"},{"taxonomy":"product_tag","embeddable":true,"href":"https:\/\/www.bazarmerlin.com\/inicio\/wp-json\/wp\/v2\/product_tag?post=8853"}],"curies":[{"name":"wp","href":"https:\/\/api.w.org\/{rel}","templated":true}]}}