{"id":8856,"date":"2022-05-25T17:11:25","date_gmt":"2022-05-25T17:11:25","guid":{"rendered":"https:\/\/www.bazarmerlin.com\/inicio\/?post_type=product&#038;p=8856"},"modified":"2022-10-13T21:39:34","modified_gmt":"2022-10-13T21:39:34","slug":"pulsera-de-proteccion-en-hilo-rojo-y-monedas-chinas","status":"publish","type":"product","link":"https:\/\/www.bazarmerlin.com\/inicio\/producto\/pulsera-de-proteccion-en-hilo-rojo-y-monedas-chinas\/","title":{"rendered":"Pulsera De Protecci\u00f3n &#8211; En Hilo Rojo Y Monedas Chinas"},"content":{"rendered":"<p><strong>PULSERA DE PROTECCI\u00d3N<\/strong><br \/>\n<strong>EN HILO ROJO Y MONEDAS CHINAS.<\/strong><\/p>\n<p>La &#8220;Monedas Chinas&#8221; representan el dinero, la riqueza, la abundancia y el poder, se utilizan para atraer la felicidad al hogar a trav\u00e9s de los logros materiales, existieron en China antes que el mismo dinero, ya que se otorgaban como s\u00edmbolo a personas destacadas quienes al recibir tal distinci\u00f3n, obten\u00edan reconocimiento de su comunidad, abri\u00e9ndoles los caminos de la buena ventura, hoy en d\u00eda esta moneda que atrae la suerte es propuesta por la corriente Feng Shui como uno de sus s\u00edmbolos &#8220;m\u00e1gicos&#8221;.<\/p>\n<p>Las pulseras rojas o aquellas que son elaboradas con hilo rojo, son consideradas un amuleto de buena suerte que act\u00faa como escudo de protecci\u00f3n contra las malas vibras, es importante colocar la pulsera en la mu\u00f1eca izquierda<br \/>\n(es el lado receptor del cuerpo y el alma), a trav\u00e9s de ella se hace una conexi\u00f3n vital con las energ\u00edas protectoras.<\/p>\n<p>&nbsp;<\/p>\n<p>&nbsp;<\/p>\n<p><strong>BAZAR MERLIN<\/strong><br \/>\n<strong>El Lugar M\u00e1s M\u00edstico de Guadalajara<\/strong><br \/>\n<strong>ENVIAMOS A TODO M\u00c9XICO&#8230;<\/strong><\/p>\n<!-- AddThis Advanced Settings generic via filter on the_content --><!-- AddThis Share Buttons generic via filter on the_content -->","protected":false},"excerpt":{"rendered":"<p>PULSERA DE PROTECCI\u00d3N EN HILO ROJO Y MONEDAS CHINAS. La &#8220;Monedas Chinas&#8221; representan el dinero, la riqueza, la abundancia y el poder, se utilizan para atraer la felicidad al hogar a trav\u00e9s de los logros materiales, existieron en China antes que el mismo dinero, ya que se otorgaban como s\u00edmbolo a personas destacadas quienes al&hellip;<!-- AddThis Advanced Settings generic via filter on get_the_excerpt --><!-- AddThis Share Buttons generic via filter on get_the_excerpt --><\/p>\n","protected":false},"featured_media":10335,"template":"","meta":[],"product_cat":[14],"product_tag":[1993,1992],"_links":{"self":[{"href":"https:\/\/www.bazarmerlin.com\/inicio\/wp-json\/wp\/v2\/product\/8856"}],"collection":[{"href":"https:\/\/www.bazarmerlin.com\/inicio\/wp-json\/wp\/v2\/product"}],"about":[{"href":"https:\/\/www.bazarmerlin.com\/inicio\/wp-json\/wp\/v2\/types\/product"}],"wp:featuredmedia":[{"embeddable":true,"href":"https:\/\/www.bazarmerlin.com\/inicio\/wp-json\/wp\/v2\/media\/10335"}],"wp:attachment":[{"href":"https:\/\/www.bazarmerlin.com\/inicio\/wp-json\/wp\/v2\/media?parent=8856"}],"wp:term":[{"taxonomy":"product_cat","embeddable":true,"href":"https:\/\/www.bazarmerlin.com\/inicio\/wp-json\/wp\/v2\/product_cat?post=8856"},{"taxonomy":"product_tag","embeddable":true,"href":"https:\/\/www.bazarmerlin.com\/inicio\/wp-json\/wp\/v2\/product_tag?post=8856"}],"curies":[{"name":"wp","href":"https:\/\/api.w.org\/{rel}","templated":true}]}}