{"id":8871,"date":"2022-05-25T18:36:04","date_gmt":"2022-05-25T18:36:04","guid":{"rendered":"https:\/\/www.bazarmerlin.com\/inicio\/?post_type=product&#038;p=8871"},"modified":"2022-11-17T22:05:43","modified_gmt":"2022-11-17T22:05:43","slug":"tetragrammaton-chuparrosa-consigue-el-amor","status":"publish","type":"product","link":"https:\/\/www.bazarmerlin.com\/inicio\/producto\/tetragrammaton-chuparrosa-consigue-el-amor\/","title":{"rendered":"Tetragramat\u00f3n Chuparrosa &#8211; Consigue El Amor"},"content":{"rendered":"<p><strong>Talisman De La Chuparosa -Consigue El Amor De Tu Vida.<\/strong><br \/>\n<strong>REFORZADO CON PENTAGRAMA O TETRAGRAMATON.<\/strong><\/p>\n<p>En Ba\u00f1o De Rodio.<\/p>\n<p>Este poderoso talism\u00e1n te sirve para conseguir pareja con solo llevarlo contigo, porque te lo mandaremos debidamente ritualizado y consagrado especialmente para ti.<\/p>\n<p>Por tradici\u00f3n ha sido uno de los talismanes que nos ayudan a CONSEGUIR Y RETENER EL AMOR.<\/p>\n<p>Este poderoso talism\u00e1n por su composici\u00f3n o aleaci\u00f3n en 7 metales hace una perfecta combinaci\u00f3n de sus elementos por lo que surgen efectos s\u00f3lidos y muy positivos PARA ENCONTRAR EL AMOR.<\/p>\n<p>As\u00ed como tambi\u00e9n los b\u00e1lsamos secretos que se le aplican en su preparaci\u00f3n, le dan un toque y fuerza de alta magia para atraer el amor de una vez por todas.<\/p>\n<p>&nbsp;<\/p>\n<p>&nbsp;<\/p>\n<p><strong>BAZAR MERLIN\u00ae<\/strong><br \/>\n<strong>El Lugar M\u00e1s M\u00edstico de Guadalajara<\/strong><br \/>\n<strong>ENVIAMOS A TODO M\u00c9XICO Y EL MUNDO\u2026<\/strong><\/p>\n<!-- AddThis Advanced Settings generic via filter on the_content --><!-- AddThis Share Buttons generic via filter on the_content -->","protected":false},"excerpt":{"rendered":"<p>Talisman De La Chuparosa -Consigue El Amor De Tu Vida. REFORZADO CON PENTAGRAMA O TETRAGRAMATON. En Ba\u00f1o De Rodio. Este poderoso talism\u00e1n te sirve para conseguir pareja con solo llevarlo contigo, porque te lo mandaremos debidamente ritualizado y consagrado especialmente para ti. Por tradici\u00f3n ha sido uno de los talismanes que nos ayudan a CONSEGUIR&hellip;<!-- AddThis Advanced Settings generic via filter on get_the_excerpt --><!-- AddThis Share Buttons generic via filter on get_the_excerpt --><\/p>\n","protected":false},"featured_media":10768,"template":"","meta":[],"product_cat":[12],"product_tag":[2003,2002],"_links":{"self":[{"href":"https:\/\/www.bazarmerlin.com\/inicio\/wp-json\/wp\/v2\/product\/8871"}],"collection":[{"href":"https:\/\/www.bazarmerlin.com\/inicio\/wp-json\/wp\/v2\/product"}],"about":[{"href":"https:\/\/www.bazarmerlin.com\/inicio\/wp-json\/wp\/v2\/types\/product"}],"wp:featuredmedia":[{"embeddable":true,"href":"https:\/\/www.bazarmerlin.com\/inicio\/wp-json\/wp\/v2\/media\/10768"}],"wp:attachment":[{"href":"https:\/\/www.bazarmerlin.com\/inicio\/wp-json\/wp\/v2\/media?parent=8871"}],"wp:term":[{"taxonomy":"product_cat","embeddable":true,"href":"https:\/\/www.bazarmerlin.com\/inicio\/wp-json\/wp\/v2\/product_cat?post=8871"},{"taxonomy":"product_tag","embeddable":true,"href":"https:\/\/www.bazarmerlin.com\/inicio\/wp-json\/wp\/v2\/product_tag?post=8871"}],"curies":[{"name":"wp","href":"https:\/\/api.w.org\/{rel}","templated":true}]}}