{"id":8875,"date":"2022-05-25T19:37:05","date_gmt":"2022-05-25T19:37:05","guid":{"rendered":"https:\/\/www.bazarmerlin.com\/inicio\/?post_type=product&#038;p=8875"},"modified":"2023-01-04T23:26:07","modified_gmt":"2023-01-04T23:26:07","slug":"figura-diosa-de-la-fortuna-de-17-cm-resina","status":"publish","type":"product","link":"https:\/\/www.bazarmerlin.com\/inicio\/producto\/figura-diosa-de-la-fortuna-de-17-cm-resina\/","title":{"rendered":"Figura Diosa De La Fortuna De 17 Cm Resina"},"content":{"rendered":"<p><strong>FIGURA DIOSA DE LA FORTUNA<\/strong><\/p>\n<p>&nbsp;<\/p>\n<p>Material de Resina<br \/>\nAltura: 17 CM.<\/p>\n<p>La Diosa de la fortuna, aunque parezca una representaci\u00f3n de hoy en d\u00eda, se remonta a muchos siglos anteriores, pues era una Diosa de la antigua mitolog\u00eda romana.<\/p>\n<p>Ya entonces se la representaba con el cuerno de la abundancia, del cual salen monedas. La representaci\u00f3n de tener los ojos vendados es la manera en que no se ve a quien reparte la fortuna.<\/p>\n<p>Material de Resina<br \/>\nAltura: 17 CM.<\/p>\n<p>&nbsp;<\/p>\n<p>&nbsp;<\/p>\n<p><strong>BAZAR MERLIN\u00ae<\/strong><br \/>\n<strong>El Lugar M\u00e1s M\u00edstico de Guadalajara<\/strong><br \/>\n<strong>ENVIAMOS A TODO M\u00c9XICO&#8230;<\/strong><\/p>\n<!-- AddThis Advanced Settings generic via filter on the_content --><!-- AddThis Share Buttons generic via filter on the_content -->","protected":false},"excerpt":{"rendered":"<p>FIGURA DIOSA DE LA FORTUNA &nbsp; Material de Resina Altura: 17 CM. La Diosa de la fortuna, aunque parezca una representaci\u00f3n de hoy en d\u00eda, se remonta a muchos siglos anteriores, pues era una Diosa de la antigua mitolog\u00eda romana. Ya entonces se la representaba con el cuerno de la abundancia, del cual salen monedas.&hellip;<!-- AddThis Advanced Settings generic via filter on get_the_excerpt --><!-- AddThis Share Buttons generic via filter on get_the_excerpt --><\/p>\n","protected":false},"featured_media":11356,"template":"","meta":[],"product_cat":[22],"product_tag":[2005],"_links":{"self":[{"href":"https:\/\/www.bazarmerlin.com\/inicio\/wp-json\/wp\/v2\/product\/8875"}],"collection":[{"href":"https:\/\/www.bazarmerlin.com\/inicio\/wp-json\/wp\/v2\/product"}],"about":[{"href":"https:\/\/www.bazarmerlin.com\/inicio\/wp-json\/wp\/v2\/types\/product"}],"wp:featuredmedia":[{"embeddable":true,"href":"https:\/\/www.bazarmerlin.com\/inicio\/wp-json\/wp\/v2\/media\/11356"}],"wp:attachment":[{"href":"https:\/\/www.bazarmerlin.com\/inicio\/wp-json\/wp\/v2\/media?parent=8875"}],"wp:term":[{"taxonomy":"product_cat","embeddable":true,"href":"https:\/\/www.bazarmerlin.com\/inicio\/wp-json\/wp\/v2\/product_cat?post=8875"},{"taxonomy":"product_tag","embeddable":true,"href":"https:\/\/www.bazarmerlin.com\/inicio\/wp-json\/wp\/v2\/product_tag?post=8875"}],"curies":[{"name":"wp","href":"https:\/\/api.w.org\/{rel}","templated":true}]}}