{"id":8881,"date":"2022-05-25T20:05:10","date_gmt":"2022-05-25T20:05:10","guid":{"rendered":"https:\/\/www.bazarmerlin.com\/inicio\/?post_type=product&#038;p=8881"},"modified":"2024-09-30T16:29:17","modified_gmt":"2024-09-30T16:29:17","slug":"talisman-arcangel-metatron-proteccion-y-armonia-en-todo","status":"publish","type":"product","link":"https:\/\/www.bazarmerlin.com\/inicio\/producto\/talisman-arcangel-metatron-proteccion-y-armonia-en-todo\/","title":{"rendered":"Talism\u00e1n Arcangel Metatr\u00f3n &#8211; Protecci\u00f3n Y Armon\u00eda En Todo"},"content":{"rendered":"<p><strong>TALISM\u00c1N DEL ARC\u00c1NGEL METATRON<\/strong><br \/>\n<strong>Medalla De 2.8 CM de Altura Considerando desde el Pasa Cadena.<\/strong><\/p>\n<p>-Especial para EVOCACIONES Y PROTECCI\u00d3N EN TUS RITUALES.-<\/p>\n<p>Este Talism\u00e1n tiene poderes M\u00e1gicos que han sido utilizados y<br \/>\nreconocidos en toda la Historia por Generaciones.<\/p>\n<p>METATRON es el Guardi\u00e1n de las Llaves entre la Humanidad y la Jerarqu\u00eda Espiritual para disolver toda la falta de armon\u00eda y el dolor en todas las capas de la humanidad y en los pliegues de avance de Gaia haca el ciclo de vibraci\u00f3n superior.<\/p>\n<p>EL CUBO METATRON es una estructura arm\u00f3nica conocida de la geometr\u00eda sagrada, lleva el nombre del Arc\u00e1ngel Metatr\u00f3n.<br \/>\nMetatron aparece en la tradici\u00f3n jud\u00eda, la tradici\u00f3n cristiana y en algunos aspectos del islam. Metatron esta a cargo de toda la creaci\u00f3n y es considerado un \u00e1ngel del arco, as\u00ed como un juez.<\/p>\n<p>La concentraci\u00f3n en la estructura permite la visualizaci\u00f3n de la silueta de cinco, tres formas dimensionales, geom\u00e9tricas.<br \/>\nEstas son las formas conocidas como &#8220;Los s\u00f3lidos perfectos&#8221;:<\/p>\n<p>-Cubo<br \/>\n-Tetraedro<br \/>\n-Icosaedro<br \/>\n-Dodocaedro<br \/>\n-Octaedro<\/p>\n<p>Estas cinco formas son los \u00fanicos que hay v\u00e9rtices todo perfectamente tangentes a una esfera. Estos organismos y sus combinaciones crean, entre otras cosas, todas las estructuras moleculares posibles,<br \/>\nes decir, toda la realidad.<\/p>\n<p>Esta forma contiene todos los posibles patrones de la realidad y la creaci\u00f3n.<\/p>\n<p>Medalla De 2.8 CM de Altura Considerando desde el Pasa Cadena.<\/p>\n<p>&nbsp;<\/p>\n<p>&nbsp;<\/p>\n<p><strong>BAZAR MERL\u00cdN\u00ae<\/strong><br \/>\n<strong>El Lugar M\u00e1s M\u00edstico de Guadalajara<\/strong><br \/>\n<strong>ENVIAMOS A TODO M\u00c9XICO\u2026<\/strong><\/p>\n<!-- AddThis Advanced Settings generic via filter on the_content --><!-- AddThis Share Buttons generic via filter on the_content -->","protected":false},"excerpt":{"rendered":"<p>TALISM\u00c1N DEL ARC\u00c1NGEL METATRON Medalla De 2.8 CM de Altura Considerando desde el Pasa Cadena. -Especial para EVOCACIONES Y PROTECCI\u00d3N EN TUS RITUALES.- Este Talism\u00e1n tiene poderes M\u00e1gicos que han sido utilizados y reconocidos en toda la Historia por Generaciones. METATRON es el Guardi\u00e1n de las Llaves entre la Humanidad y la Jerarqu\u00eda Espiritual para&hellip;<!-- AddThis Advanced Settings generic via filter on get_the_excerpt --><!-- AddThis Share Buttons generic via filter on get_the_excerpt --><\/p>\n","protected":false},"featured_media":8882,"template":"","meta":[],"product_cat":[12],"product_tag":[2010,2009],"_links":{"self":[{"href":"https:\/\/www.bazarmerlin.com\/inicio\/wp-json\/wp\/v2\/product\/8881"}],"collection":[{"href":"https:\/\/www.bazarmerlin.com\/inicio\/wp-json\/wp\/v2\/product"}],"about":[{"href":"https:\/\/www.bazarmerlin.com\/inicio\/wp-json\/wp\/v2\/types\/product"}],"wp:featuredmedia":[{"embeddable":true,"href":"https:\/\/www.bazarmerlin.com\/inicio\/wp-json\/wp\/v2\/media\/8882"}],"wp:attachment":[{"href":"https:\/\/www.bazarmerlin.com\/inicio\/wp-json\/wp\/v2\/media?parent=8881"}],"wp:term":[{"taxonomy":"product_cat","embeddable":true,"href":"https:\/\/www.bazarmerlin.com\/inicio\/wp-json\/wp\/v2\/product_cat?post=8881"},{"taxonomy":"product_tag","embeddable":true,"href":"https:\/\/www.bazarmerlin.com\/inicio\/wp-json\/wp\/v2\/product_tag?post=8881"}],"curies":[{"name":"wp","href":"https:\/\/api.w.org\/{rel}","templated":true}]}}