{"id":8884,"date":"2022-05-25T21:18:20","date_gmt":"2022-05-25T21:18:20","guid":{"rendered":"https:\/\/www.bazarmerlin.com\/inicio\/?post_type=product&#038;p=8884"},"modified":"2022-06-08T23:42:42","modified_gmt":"2022-06-08T23:42:42","slug":"veladora-7-monedas-de-la-suerte-aleje-la-mala-racha","status":"publish","type":"product","link":"https:\/\/www.bazarmerlin.com\/inicio\/producto\/veladora-7-monedas-de-la-suerte-aleje-la-mala-racha\/","title":{"rendered":"Veladora 7 Monedas De La Suerte &#8211; Aleje La Mala Racha"},"content":{"rendered":"<p><strong>VELADORA AROM\u00c1TICA\u00a0 \u00a07\u00a0 MONEDAS DE LA SUERTE<\/strong><br \/>\n<em><strong>ATRAIGA BUENA FORTUNA AL QUITAR TODA LA MALA RACHA<\/strong><\/em><\/p>\n<p>&nbsp;<\/p>\n<p>Esta Veladora se utiliza para preparar personalmente un poderoso amuleto que le proporcionara DINERO, BUENA SUERTE Y \u00c9XITO EN TODO LO QUE EMPRENDA.<\/p>\n<p>Instrucciones:<\/p>\n<p>1-Consiga obsequiadas por 7 personas distintas siete monedas de igual denominaci\u00f3n o valor y del mismo tama\u00f1o.<\/p>\n<p>2-L\u00e1velas en agua fr\u00eda y s\u00e9quelas.<\/p>\n<p>3-Coloquelas en una superficie plana, poniendo una moneda rodeada por las otras seis.<\/p>\n<p>4-Coloque sobre las monedas la veladora y enci\u00e9ndala con un cerillo.<\/p>\n<p>5-Cuando se haya consumido retire del vaso los residuos que hayan quedado dentro de \u00e9ste, (excepto la mecha y el envase), guarde los residuos junto con las monedas dentro de un morralito de tela, agregue una prenda personal y portelo en su bolso.<\/p>\n<p>&nbsp;<\/p>\n<p>&nbsp;<\/p>\n<p><strong>BAZAR MERLIN\u00ae<\/strong><br \/>\n<strong>El Lugar M\u00e1s M\u00edstico de Guadalajara<\/strong><br \/>\n<strong>ENVIAMOS A TODO M\u00c9XICO&#8230;<\/strong><\/p>\n<!-- AddThis Advanced Settings generic via filter on the_content --><!-- AddThis Share Buttons generic via filter on the_content -->","protected":false},"excerpt":{"rendered":"<p>VELADORA AROM\u00c1TICA\u00a0 \u00a07\u00a0 MONEDAS DE LA SUERTE ATRAIGA BUENA FORTUNA AL QUITAR TODA LA MALA RACHA &nbsp; Esta Veladora se utiliza para preparar personalmente un poderoso amuleto que le proporcionara DINERO, BUENA SUERTE Y \u00c9XITO EN TODO LO QUE EMPRENDA. Instrucciones: 1-Consiga obsequiadas por 7 personas distintas siete monedas de igual denominaci\u00f3n o valor y&hellip;<!-- AddThis Advanced Settings generic via filter on get_the_excerpt --><!-- AddThis Share Buttons generic via filter on get_the_excerpt --><\/p>\n","protected":false},"featured_media":8885,"template":"","meta":[],"product_cat":[19],"product_tag":[2012,2011],"_links":{"self":[{"href":"https:\/\/www.bazarmerlin.com\/inicio\/wp-json\/wp\/v2\/product\/8884"}],"collection":[{"href":"https:\/\/www.bazarmerlin.com\/inicio\/wp-json\/wp\/v2\/product"}],"about":[{"href":"https:\/\/www.bazarmerlin.com\/inicio\/wp-json\/wp\/v2\/types\/product"}],"wp:featuredmedia":[{"embeddable":true,"href":"https:\/\/www.bazarmerlin.com\/inicio\/wp-json\/wp\/v2\/media\/8885"}],"wp:attachment":[{"href":"https:\/\/www.bazarmerlin.com\/inicio\/wp-json\/wp\/v2\/media?parent=8884"}],"wp:term":[{"taxonomy":"product_cat","embeddable":true,"href":"https:\/\/www.bazarmerlin.com\/inicio\/wp-json\/wp\/v2\/product_cat?post=8884"},{"taxonomy":"product_tag","embeddable":true,"href":"https:\/\/www.bazarmerlin.com\/inicio\/wp-json\/wp\/v2\/product_tag?post=8884"}],"curies":[{"name":"wp","href":"https:\/\/api.w.org\/{rel}","templated":true}]}}