{"id":8886,"date":"2022-05-25T21:26:50","date_gmt":"2022-05-25T21:26:50","guid":{"rendered":"https:\/\/www.bazarmerlin.com\/inicio\/?post_type=product&#038;p=8886"},"modified":"2022-12-06T23:54:37","modified_gmt":"2022-12-06T23:54:37","slug":"locion-guayaba-coco-y-vainilla","status":"publish","type":"product","link":"https:\/\/www.bazarmerlin.com\/inicio\/producto\/locion-guayaba-coco-y-vainilla\/","title":{"rendered":"Loci\u00f3n Guayaba Coco Y Vainilla"},"content":{"rendered":"<p><strong>LOCION GUAYABA, COCO Y VAINILLA<\/strong><br \/>\n<strong>(Abundancia, Prosperidad, Dinero, Amor y Abre Caminos.)<\/strong><\/p>\n<p>COCO:<br \/>\nBloquea trabajos negros y desbloquea<\/p>\n<p>VAINILLA: Atrae dinero, oportunidades y abundancia. Revitaliza el cuerpo y aumenta la energia cari\u00f1osa, ademas atrayente sexual.<\/p>\n<p>GUAYABA: Efectiva para romper hechizos en contra de uno.<\/p>\n<p>ORACION ABRECAMINOS:<\/p>\n<p>En el nombre de Jes\u00fas, pido venga a m\u00ed la buena suerte, se despejen los caminos, consiga trabajo, amor y paz. Se\u00f1or, tu eres mi gu\u00eda por las rectas sendas, tu dispones ante m\u00ed una mesa enfrente de mis enemigos, llenas mi cabeza de \u00f3leo, s\u00f3lo bondad y benevolencia me acompa\u00f1an. Creo en ti Jes\u00fas, prot\u00e9geme, ay\u00fadame para volver a tener tranquilidad.<\/p>\n<p>&nbsp;<\/p>\n<p><strong>BAZAR MERLIN\u00ae<\/strong><br \/>\n<strong>El Lugar M\u00e1s M\u00edstico de Guadalajara<\/strong><br \/>\n<strong>ENVIAMOS A TODO M\u00c9XICO&#8230;<\/strong><\/p>\n<!-- AddThis Advanced Settings generic via filter on the_content --><!-- AddThis Share Buttons generic via filter on the_content -->","protected":false},"excerpt":{"rendered":"<p>LOCION GUAYABA, COCO Y VAINILLA (Abundancia, Prosperidad, Dinero, Amor y Abre Caminos.) COCO: Bloquea trabajos negros y desbloquea VAINILLA: Atrae dinero, oportunidades y abundancia. Revitaliza el cuerpo y aumenta la energia cari\u00f1osa, ademas atrayente sexual. GUAYABA: Efectiva para romper hechizos en contra de uno. ORACION ABRECAMINOS: En el nombre de Jes\u00fas, pido venga a m\u00ed&hellip;<!-- AddThis Advanced Settings generic via filter on get_the_excerpt --><!-- AddThis Share Buttons generic via filter on get_the_excerpt --><\/p>\n","protected":false},"featured_media":10984,"template":"","meta":[],"product_cat":[20],"product_tag":[2013],"_links":{"self":[{"href":"https:\/\/www.bazarmerlin.com\/inicio\/wp-json\/wp\/v2\/product\/8886"}],"collection":[{"href":"https:\/\/www.bazarmerlin.com\/inicio\/wp-json\/wp\/v2\/product"}],"about":[{"href":"https:\/\/www.bazarmerlin.com\/inicio\/wp-json\/wp\/v2\/types\/product"}],"wp:featuredmedia":[{"embeddable":true,"href":"https:\/\/www.bazarmerlin.com\/inicio\/wp-json\/wp\/v2\/media\/10984"}],"wp:attachment":[{"href":"https:\/\/www.bazarmerlin.com\/inicio\/wp-json\/wp\/v2\/media?parent=8886"}],"wp:term":[{"taxonomy":"product_cat","embeddable":true,"href":"https:\/\/www.bazarmerlin.com\/inicio\/wp-json\/wp\/v2\/product_cat?post=8886"},{"taxonomy":"product_tag","embeddable":true,"href":"https:\/\/www.bazarmerlin.com\/inicio\/wp-json\/wp\/v2\/product_tag?post=8886"}],"curies":[{"name":"wp","href":"https:\/\/api.w.org\/{rel}","templated":true}]}}