{"id":8891,"date":"2022-05-25T21:47:57","date_gmt":"2022-05-25T21:47:57","guid":{"rendered":"https:\/\/www.bazarmerlin.com\/inicio\/?post_type=product&#038;p=8891"},"modified":"2022-10-07T23:47:40","modified_gmt":"2022-10-07T23:47:40","slug":"palo-santo-con-envio-express-22-grs-incienso","status":"publish","type":"product","link":"https:\/\/www.bazarmerlin.com\/inicio\/producto\/palo-santo-con-envio-express-22-grs-incienso\/","title":{"rendered":"Palo Santo En Madera &#8211; (20 Grs)"},"content":{"rendered":"<p><strong>PALO SANTO DE PERU ORIGINAL.<\/strong><\/p>\n<p>Madera Sagrada con grandes beneficios de limpieza, purificaci\u00f3n y protecci\u00f3n energ\u00e9tica.<br \/>\nCalidad Premium.<\/p>\n<p>Paquete 20 grs. ( entre 5 a 7 palitos aprox. seg\u00fan tama\u00f1o)<br \/>\nIncienso 100% Natural, aroma sagrado.<\/p>\n<p>Al encenderse desprende su humo tan potente y ben\u00e9fico para limpiar y purificar de energ\u00edas negativas nuestra vivienda, habitaciones, espacio de trabajo, objetos y personas. humo blanco con propiedades m\u00e1gicas, que lo hacen ideal para la meditaci\u00f3n, relajaci\u00f3n, armon\u00eda en los encuentros \u00edntimos de pareja, relajar situaciones de tensi\u00f3n en ambientes familiares o laborales, etc.<\/p>\n<p>ideal Descontracturante energ\u00e9tico para que todo vuelva a fluir en bienestar.<br \/>\nSe utiliza desde tiempos ancestrales para encender Fuegos Sagrados en ceremonias de sanaci\u00f3n y rituales de armonizaci\u00f3n, tambi\u00e9n protegiendo as\u00ed el espacio en el que se va a consagrar.<\/p>\n<p>Muy utilizado tambi\u00e9n en espacios de yoga, meditaci\u00f3n o reiki.<\/p>\n<p>Utilizada como herramienta de protecci\u00f3n, para alejar cualquier signo de negatividad, y como medio de conseguir una mejor comunicaci\u00f3n espiritual con sus dioses.<\/p>\n<p>Su uso ha perdurado hasta nuestros d\u00edas y se sigue usando para limpiar de energ\u00eda negativa a las personas y a los objetos, atrae la buena fortuna y vibraciones de amor.<\/p>\n<p>Es importante saber que en la recolecci\u00f3n de madera de palo santo NO SE TALAN \u00c1RBOLES. La madera de un \u00e1rbol cortado no ofrece ning\u00fan beneficio. El \u00e1rbol de palo santo debe caerse por su propia vejez y una vez que complet\u00f3 su ciclo de vida a\u00fan se esperan entre 3-4 a\u00f1os para que concluya su proceso alqu\u00edmico natural. En este periodo segrega una esencia en su tronco, que se transformar\u00e1 en esa sustancia resinosa con tantas propiedades y beneficios. Concluyendo que su recolecci\u00f3n es un acto completamente ecol\u00f3gico.<\/p>\n<p>Su exquisita fragancia y propiedades crean una atm\u00f3sfera pac\u00edfica y placentera. A diferencia del incienso regular, el cual se quema una sola vez, la madera de palo santo puede ser encendido muchas veces (cada palito se pueden prender m\u00e1s de 30 veces).<br \/>\nEsta madera tiene un aroma muy agradable y calmante, no comparable a cualquier otra.<\/p>\n<p>MODO DE USO: Encender el palito y aguantar la llama unos segundos. Posteriormente agitarlo para apagar la llama y disfrutar de su aroma, benefici\u00e1ndonos de todas sus propiedades. Se recomienda abanicar o soplar para esparcir el humo y mantener encendida la brasa por m\u00e1s tiempo.<\/p>\n<p>ORIGEN: Per\u00fa .<br \/>\nCALIDAD Premium. Recolecci\u00f3n sustentable parte del programas de reforestaci\u00f3n.<br \/>\nPaquete 20 grs. ( entre 5 a 7 palitos aprox. seg\u00fan tama\u00f1o)<\/p>\n<p>&nbsp;<\/p>\n<p>&nbsp;<\/p>\n<p><strong>BAZAR MERLIN<\/strong><br \/>\n<strong>El Lugar M\u00e1s M\u00edstico de Guadalajara<\/strong><br \/>\n<strong>ENVIAMOS A TODO M\u00c9XICO Y EL MUNDO\u2026<\/strong><\/p>\n<!-- AddThis Advanced Settings generic via filter on the_content --><!-- AddThis Share Buttons generic via filter on the_content -->","protected":false},"excerpt":{"rendered":"<p>PALO SANTO DE PERU ORIGINAL. Madera Sagrada con grandes beneficios de limpieza, purificaci\u00f3n y protecci\u00f3n energ\u00e9tica. Calidad Premium. Paquete 20 grs. ( entre 5 a 7 palitos aprox. seg\u00fan tama\u00f1o) Incienso 100% Natural, aroma sagrado. Al encenderse desprende su humo tan potente y ben\u00e9fico para limpiar y purificar de energ\u00edas negativas nuestra vivienda, habitaciones, espacio&hellip;<!-- AddThis Advanced Settings generic via filter on get_the_excerpt --><!-- AddThis Share Buttons generic via filter on get_the_excerpt --><\/p>\n","protected":false},"featured_media":10295,"template":"","meta":[],"product_cat":[14],"product_tag":[2015],"_links":{"self":[{"href":"https:\/\/www.bazarmerlin.com\/inicio\/wp-json\/wp\/v2\/product\/8891"}],"collection":[{"href":"https:\/\/www.bazarmerlin.com\/inicio\/wp-json\/wp\/v2\/product"}],"about":[{"href":"https:\/\/www.bazarmerlin.com\/inicio\/wp-json\/wp\/v2\/types\/product"}],"wp:featuredmedia":[{"embeddable":true,"href":"https:\/\/www.bazarmerlin.com\/inicio\/wp-json\/wp\/v2\/media\/10295"}],"wp:attachment":[{"href":"https:\/\/www.bazarmerlin.com\/inicio\/wp-json\/wp\/v2\/media?parent=8891"}],"wp:term":[{"taxonomy":"product_cat","embeddable":true,"href":"https:\/\/www.bazarmerlin.com\/inicio\/wp-json\/wp\/v2\/product_cat?post=8891"},{"taxonomy":"product_tag","embeddable":true,"href":"https:\/\/www.bazarmerlin.com\/inicio\/wp-json\/wp\/v2\/product_tag?post=8891"}],"curies":[{"name":"wp","href":"https:\/\/api.w.org\/{rel}","templated":true}]}}