{"id":8893,"date":"2022-05-25T21:53:14","date_gmt":"2022-05-25T21:53:14","guid":{"rendered":"https:\/\/www.bazarmerlin.com\/inicio\/?post_type=product&#038;p=8893"},"modified":"2022-10-07T22:08:47","modified_gmt":"2022-10-07T22:08:47","slug":"locion-de-romero-proteccion-contra-todo-mal","status":"publish","type":"product","link":"https:\/\/www.bazarmerlin.com\/inicio\/producto\/locion-de-romero-proteccion-contra-todo-mal\/","title":{"rendered":"Loci\u00f3n De Romero &#8211; Protecci\u00f3n Contra Todo Mal"},"content":{"rendered":"<div class=\"ui-pdp-container__row ui-pdp-container__row--description\">\n<div class=\"ui-pdp-description\">\n<p class=\"ui-pdp-description__content\"><strong>PERFUME DE ROMERO IDEAL PARA:<\/strong><\/p>\n<p><em><strong>PROTECCI\u00d3N, LIMPIAS PERSONALES, CASA, NEGOCIO, ABRE CAMINO, SUERTE, CORTA ENERG\u00cdA NEGATIVA, ROMPE HECHIZOS, EXORCISMOS, PURIFICACIONES,CURACIONES Y ARMON\u00cdA<\/strong><\/em><\/p>\n<p>El romero al rociarlo emite unas poderosas vibraciones limpiadoras y purificadora, es usado para limpiar un lugar de fuerzas negativas, sobre todo antes de realizar magia.<\/p>\n<p>Es uno de los aromas mas antiguos. Cuando se pone bajo la almohada, asegura los sue\u00f1os libres de pesadilla. Si se pone debajo de la cama, protege a quien duerme de cualquier da\u00f1o. Tambi\u00e9n se cuelga en el porche o en la entrada para impedir que se acerquen los ladrones.<\/p>\n<p>Esta planta se lleva consigo para conservar la salud. En el ba\u00f1o purifica; el romero se ha empleado durante mucho tiempo en inciensos de amor o deseo sexual y en otras mezclas. Las mu\u00f1ecas curativas se rellenan con romero para aprovechar sus vibraciones curativas. La hojas de romero, mezcladas con bayas de enebro, roc\u00edan en la habitaci\u00f3n del enfermo para estimular la curaci\u00f3n.<\/p>\n<\/div>\n<\/div>\n<p>&nbsp;<\/p>\n<p>&nbsp;<\/p>\n<div class=\"ui-pdp-container__row ui-pdp-container__row--description\">\n<div class=\"ui-pdp-description\">\n<p>BAZAR MERLIN<br \/>\nEl Lugar M\u00e1s M\u00edstico de Guadalajara<br \/>\nENVIAMOS A TODO M\u00c9XICO Y EL MUNDO\u2026<\/p>\n<\/div>\n<\/div>\n<div class=\"ui-pdp-qadb\">\n<h2 class=\"ui-pdp-qadb__title\"><\/h2>\n<\/div>\n<!-- AddThis Advanced Settings generic via filter on the_content --><!-- AddThis Share Buttons generic via filter on the_content -->","protected":false},"excerpt":{"rendered":"<p>PERFUME DE ROMERO IDEAL PARA: PROTECCI\u00d3N, LIMPIAS PERSONALES, CASA, NEGOCIO, ABRE CAMINO, SUERTE, CORTA ENERG\u00cdA NEGATIVA, ROMPE HECHIZOS, EXORCISMOS, PURIFICACIONES,CURACIONES Y ARMON\u00cdA El romero al rociarlo emite unas poderosas vibraciones limpiadoras y purificadora, es usado para limpiar un lugar de fuerzas negativas, sobre todo antes de realizar magia. Es uno de los aromas mas antiguos.&hellip;<!-- AddThis Advanced Settings generic via filter on get_the_excerpt --><!-- AddThis Share Buttons generic via filter on get_the_excerpt --><\/p>\n","protected":false},"featured_media":10282,"template":"","meta":[],"product_cat":[14],"product_tag":[2017,1783],"_links":{"self":[{"href":"https:\/\/www.bazarmerlin.com\/inicio\/wp-json\/wp\/v2\/product\/8893"}],"collection":[{"href":"https:\/\/www.bazarmerlin.com\/inicio\/wp-json\/wp\/v2\/product"}],"about":[{"href":"https:\/\/www.bazarmerlin.com\/inicio\/wp-json\/wp\/v2\/types\/product"}],"wp:featuredmedia":[{"embeddable":true,"href":"https:\/\/www.bazarmerlin.com\/inicio\/wp-json\/wp\/v2\/media\/10282"}],"wp:attachment":[{"href":"https:\/\/www.bazarmerlin.com\/inicio\/wp-json\/wp\/v2\/media?parent=8893"}],"wp:term":[{"taxonomy":"product_cat","embeddable":true,"href":"https:\/\/www.bazarmerlin.com\/inicio\/wp-json\/wp\/v2\/product_cat?post=8893"},{"taxonomy":"product_tag","embeddable":true,"href":"https:\/\/www.bazarmerlin.com\/inicio\/wp-json\/wp\/v2\/product_tag?post=8893"}],"curies":[{"name":"wp","href":"https:\/\/api.w.org\/{rel}","templated":true}]}}