{"id":8904,"date":"2022-05-26T16:59:01","date_gmt":"2022-05-26T16:59:01","guid":{"rendered":"https:\/\/www.bazarmerlin.com\/inicio\/?post_type=product&#038;p=8904"},"modified":"2023-11-19T06:10:40","modified_gmt":"2023-11-19T06:10:40","slug":"colgante-moneda-china-16-cms-diametro-riqueza-y-proteccion","status":"publish","type":"product","link":"https:\/\/www.bazarmerlin.com\/inicio\/producto\/colgante-moneda-china-16-cms-diametro-riqueza-y-proteccion\/","title":{"rendered":"Colgante Moneda China 16 Cms Di\u00e1metro &#8211; Riqueza Y Protecci\u00f3n"},"content":{"rendered":"<p><strong>MONEDA CHINA PARA LA PROTECCI\u00d3N Y LA ABUNDANCIA<\/strong><br \/>\n<em><strong>Medida 16 Cms<\/strong><\/em><\/p>\n<p><em>RIQUEZA Y PROTECCI\u00d3N.<\/em><\/p>\n<p>\u00bfQu\u00e9 es ?<\/p>\n<p>Es un amuleto chino de la suerte hecho de lat\u00f3n, una aleaci\u00f3n del cobre y zinc, suelen estar En algunas partes se las conoce como numism\u00e1ticos chinos o simplemente como monedas de la suerte. Son principalmente usados en el Feng-Shui o rituales por su gran carga energ\u00e9tica.<\/p>\n<p>El poder de las monedas chinas Feng Shui est\u00e1 basado principalmente en la forma que tienen: el orificio cuadrado interior representa a la Tierra,mientras que la forma circular manifiesta la protecci\u00f3n del cielo. La conexi\u00f3n de ambas formas simboliza la comuni\u00f3n entre el cielo y la tierra para mantener la creaci\u00f3n. Adem\u00e1s presentan un lado Yang, que incluye 4 ideogramas y un lado Ying, representado s\u00f3lo por 2 de ellos.<\/p>\n<p>Dos monedas chinas: son especialmente \u00fatiles para los negocios, siendo adecuado atarlas a una cinta roja. Es habitual colocarlas en la parte superior de las puertas de locales, empresas y oficinas.<\/p>\n<p>En el Feng Shui, la moneda china es un poderoso amuleto que sirve para atraer riqueza y protecci\u00f3n. Su poder deriva de las formas que est\u00e1n consagradas dentro de ella.<\/p>\n<p>&nbsp;<\/p>\n<p>&nbsp;<\/p>\n<p><strong>BAZAR MERLIN \u00ae<\/strong><br \/>\n<strong>El Lugar M\u00e1s M\u00edstico de Guadalajara<\/strong><br \/>\n<strong>ENVIAMOS A TODO M\u00c9XICO&#8230;<\/strong><\/p>\n<!-- AddThis Advanced Settings generic via filter on the_content --><!-- AddThis Share Buttons generic via filter on the_content -->","protected":false},"excerpt":{"rendered":"<p>MONEDA CHINA PARA LA PROTECCI\u00d3N Y LA ABUNDANCIA Medida 16 Cms RIQUEZA Y PROTECCI\u00d3N. \u00bfQu\u00e9 es ? Es un amuleto chino de la suerte hecho de lat\u00f3n, una aleaci\u00f3n del cobre y zinc, suelen estar En algunas partes se las conoce como numism\u00e1ticos chinos o simplemente como monedas de la suerte. Son principalmente usados en&hellip;<!-- AddThis Advanced Settings generic via filter on get_the_excerpt --><!-- AddThis Share Buttons generic via filter on get_the_excerpt --><\/p>\n","protected":false},"featured_media":10163,"template":"","meta":[],"product_cat":[14],"product_tag":[2018,2019],"_links":{"self":[{"href":"https:\/\/www.bazarmerlin.com\/inicio\/wp-json\/wp\/v2\/product\/8904"}],"collection":[{"href":"https:\/\/www.bazarmerlin.com\/inicio\/wp-json\/wp\/v2\/product"}],"about":[{"href":"https:\/\/www.bazarmerlin.com\/inicio\/wp-json\/wp\/v2\/types\/product"}],"wp:featuredmedia":[{"embeddable":true,"href":"https:\/\/www.bazarmerlin.com\/inicio\/wp-json\/wp\/v2\/media\/10163"}],"wp:attachment":[{"href":"https:\/\/www.bazarmerlin.com\/inicio\/wp-json\/wp\/v2\/media?parent=8904"}],"wp:term":[{"taxonomy":"product_cat","embeddable":true,"href":"https:\/\/www.bazarmerlin.com\/inicio\/wp-json\/wp\/v2\/product_cat?post=8904"},{"taxonomy":"product_tag","embeddable":true,"href":"https:\/\/www.bazarmerlin.com\/inicio\/wp-json\/wp\/v2\/product_tag?post=8904"}],"curies":[{"name":"wp","href":"https:\/\/api.w.org\/{rel}","templated":true}]}}