{"id":8910,"date":"2022-05-26T17:29:30","date_gmt":"2022-05-26T17:29:30","guid":{"rendered":"https:\/\/www.bazarmerlin.com\/inicio\/?post_type=product&#038;p=8910"},"modified":"2022-09-28T00:03:24","modified_gmt":"2022-09-28T00:03:24","slug":"atrapasuenos-kit-de-3-piezas-en-diferente-color","status":"publish","type":"product","link":"https:\/\/www.bazarmerlin.com\/inicio\/producto\/atrapasuenos-kit-de-3-piezas-en-diferente-color\/","title":{"rendered":"Atrapasue\u00f1os &#8211; Kit De 3 Piezas En Diferente Color"},"content":{"rendered":"<p><strong>ATRAPASUE\u00d1OS &#8211; KIT DE 3 PIEZAS<\/strong><br \/>\n<em><strong>Con una Medida de 9 Cm de Di\u00e1metro<\/strong><\/em><\/p>\n<p>LOS COLORES SE MANDAN SEGUN EXISTENCIA<br \/>\nEN EL MOMENTO DE HACER TU COMPRA,<\/p>\n<p>Negro, Gris, Caf\u00e9, Verde, Azul, Azul Claro, Rosa, Morado, Beige, Tinto<\/p>\n<p>Seg\u00fan la creencia popular, su funci\u00f3n consiste en filtrar los sue\u00f1os de las personas, dejando pasar solo los sue\u00f1os y visiones positivas; los sue\u00f1os que no recuerdas son los que bajan lentamente por las plumas.<\/p>\n<p>Las pesadillas se quedan atrapadas en la cuenta (piedra) y a la ma\u00f1ana siguiente se queman con la luz del d\u00eda para que no se cumplan.<\/p>\n<p>Un Atrapasue\u00f1os o cazador de sue\u00f1os es un adminiculo hecho a mano, cuya base es un aro fabricado tradicionalmente con madera de sauce, con una red floja en su interior y decorado con diversos objetos ( com\u00fanmente plumas).<\/p>\n<p>El Atrapa sue\u00f1os, colgado sobre la cabecera de la cama, es usado a menudo como un hechizo para proteger a los ni\u00f1os de las pesadillas y de las visiones malignas.<\/p>\n<p>&nbsp;<\/p>\n<p>&nbsp;<\/p>\n<p><strong>BAZAR MERLIN\u00ae<\/strong><br \/>\n<strong>El Lugar M\u00e1s M\u00edstico de Guadalajara<\/strong><br \/>\n<strong>ENVIAMOS A TODO M\u00c9XICO&#8230;<\/strong><\/p>\n<!-- AddThis Advanced Settings generic via filter on the_content --><!-- AddThis Share Buttons generic via filter on the_content -->","protected":false},"excerpt":{"rendered":"<p>ATRAPASUE\u00d1OS &#8211; KIT DE 3 PIEZAS Con una Medida de 9 Cm de Di\u00e1metro LOS COLORES SE MANDAN SEGUN EXISTENCIA EN EL MOMENTO DE HACER TU COMPRA, Negro, Gris, Caf\u00e9, Verde, Azul, Azul Claro, Rosa, Morado, Beige, Tinto Seg\u00fan la creencia popular, su funci\u00f3n consiste en filtrar los sue\u00f1os de las personas, dejando pasar solo&hellip;<!-- AddThis Advanced Settings generic via filter on get_the_excerpt --><!-- AddThis Share Buttons generic via filter on get_the_excerpt --><\/p>\n","protected":false},"featured_media":10137,"template":"","meta":[],"product_cat":[14],"product_tag":[2020,2021],"_links":{"self":[{"href":"https:\/\/www.bazarmerlin.com\/inicio\/wp-json\/wp\/v2\/product\/8910"}],"collection":[{"href":"https:\/\/www.bazarmerlin.com\/inicio\/wp-json\/wp\/v2\/product"}],"about":[{"href":"https:\/\/www.bazarmerlin.com\/inicio\/wp-json\/wp\/v2\/types\/product"}],"wp:featuredmedia":[{"embeddable":true,"href":"https:\/\/www.bazarmerlin.com\/inicio\/wp-json\/wp\/v2\/media\/10137"}],"wp:attachment":[{"href":"https:\/\/www.bazarmerlin.com\/inicio\/wp-json\/wp\/v2\/media?parent=8910"}],"wp:term":[{"taxonomy":"product_cat","embeddable":true,"href":"https:\/\/www.bazarmerlin.com\/inicio\/wp-json\/wp\/v2\/product_cat?post=8910"},{"taxonomy":"product_tag","embeddable":true,"href":"https:\/\/www.bazarmerlin.com\/inicio\/wp-json\/wp\/v2\/product_tag?post=8910"}],"curies":[{"name":"wp","href":"https:\/\/api.w.org\/{rel}","templated":true}]}}