{"id":8917,"date":"2022-05-26T17:56:35","date_gmt":"2022-05-26T17:56:35","guid":{"rendered":"https:\/\/www.bazarmerlin.com\/inicio\/?post_type=product&#038;p=8917"},"modified":"2022-11-01T23:35:08","modified_gmt":"2022-11-01T23:35:08","slug":"dije-del-trebol-de-4-hojas-fortuna-y-exito-en-chapa-de-oro","status":"publish","type":"product","link":"https:\/\/www.bazarmerlin.com\/inicio\/producto\/dije-del-trebol-de-4-hojas-fortuna-y-exito-en-chapa-de-oro\/","title":{"rendered":"Dije Del Tr\u00e9bol De 4 Hojas Fortuna Y \u00c9xito En Chapa De Oro"},"content":{"rendered":"<p><strong>DIJE TR\u00c9BOL DE 4 HOJAS<\/strong><br \/>\n<em><strong>PARA LA FORTUNA Y \u00c9XITO EN CHAPA DE ORO<\/strong><\/em><\/p>\n<p>&nbsp;<\/p>\n<p>Medida aproximada 2.5 cms de Altura considerando el pasa cadena<\/p>\n<p>Disfruta este bello dije que representa por su simbologia el PODER Y LA SUERTE a trav\u00e9s de la poderosa herradura de los 7 metales, el b\u00faho para VIGILAR Y DESTRUIR todo mal, el elefante para DAR FUERZA, APLASTAR Y DESTRUIR todo lo negativo de tu vida y el s\u00edmbolo del dolar para tener una BUENA SUERTE EN TODO LO ECON\u00d3MICO como todo lo que emprendas.<\/p>\n<p>Este poderoso dije esta bellamente hecho a mano en CHAPA DE ORO<\/p>\n<p>Tener este amuleto ayuda en las inversiones financieras, en el azar y en general, a ahorrar.<\/p>\n<p>&nbsp;<\/p>\n<p>&nbsp;<\/p>\n<p><strong>BAZAR MERLIN<\/strong><br \/>\n<strong>El Lugar M\u00e1s M\u00edstico de Guadalajara<\/strong><br \/>\n<strong>ENVIAMOS A TODO M\u00c9XICO&#8230;<\/strong><\/p>\n<!-- AddThis Advanced Settings generic via filter on the_content --><!-- AddThis Share Buttons generic via filter on the_content -->","protected":false},"excerpt":{"rendered":"<p>DIJE TR\u00c9BOL DE 4 HOJAS PARA LA FORTUNA Y \u00c9XITO EN CHAPA DE ORO &nbsp; Medida aproximada 2.5 cms de Altura considerando el pasa cadena Disfruta este bello dije que representa por su simbologia el PODER Y LA SUERTE a trav\u00e9s de la poderosa herradura de los 7 metales, el b\u00faho para VIGILAR Y DESTRUIR&hellip;<!-- AddThis Advanced Settings generic via filter on get_the_excerpt --><!-- AddThis Share Buttons generic via filter on get_the_excerpt --><\/p>\n","protected":false},"featured_media":10618,"template":"","meta":[],"product_cat":[12],"product_tag":[2024],"_links":{"self":[{"href":"https:\/\/www.bazarmerlin.com\/inicio\/wp-json\/wp\/v2\/product\/8917"}],"collection":[{"href":"https:\/\/www.bazarmerlin.com\/inicio\/wp-json\/wp\/v2\/product"}],"about":[{"href":"https:\/\/www.bazarmerlin.com\/inicio\/wp-json\/wp\/v2\/types\/product"}],"wp:featuredmedia":[{"embeddable":true,"href":"https:\/\/www.bazarmerlin.com\/inicio\/wp-json\/wp\/v2\/media\/10618"}],"wp:attachment":[{"href":"https:\/\/www.bazarmerlin.com\/inicio\/wp-json\/wp\/v2\/media?parent=8917"}],"wp:term":[{"taxonomy":"product_cat","embeddable":true,"href":"https:\/\/www.bazarmerlin.com\/inicio\/wp-json\/wp\/v2\/product_cat?post=8917"},{"taxonomy":"product_tag","embeddable":true,"href":"https:\/\/www.bazarmerlin.com\/inicio\/wp-json\/wp\/v2\/product_tag?post=8917"}],"curies":[{"name":"wp","href":"https:\/\/api.w.org\/{rel}","templated":true}]}}