{"id":8928,"date":"2022-05-26T21:08:27","date_gmt":"2022-05-26T21:08:27","guid":{"rendered":"https:\/\/www.bazarmerlin.com\/inicio\/?post_type=product&#038;p=8928"},"modified":"2023-06-14T19:32:13","modified_gmt":"2023-06-14T19:32:13","slug":"dije-wicca-de-la-triqueta-en-fina-plata-ley-925","status":"publish","type":"product","link":"https:\/\/www.bazarmerlin.com\/inicio\/producto\/dije-wicca-de-la-triqueta-en-fina-plata-ley-925\/","title":{"rendered":"Dije Wicca De La Triqueta En Fina Plata Ley 925"},"content":{"rendered":"<p><strong>DIJE WICCA DE LA TRIQUETA EN FINA PLATA<\/strong><\/p>\n<p><em>3 Cm Altura x 2.5 Cm de Ancho<\/em><br \/>\n<em>(Contando el Pasacadena)<\/em><\/p>\n<p>Destruye todas las envidias, da\u00f1os y enfermedades, atrae \u00e9xito en todo lo que emprendas ya que canaliza las energ\u00edas del universo al dije purificando cualquier da\u00f1o y abri\u00e9ndote caminos en todo lo que emprendas de una forma r\u00e1pida y sencilla.<\/p>\n<p>La Triqueta es utilizada como el talism\u00e1n de la materializaci\u00f3n de deseos, sue\u00f1os e ilusiones. La Triqueta otorga poder en uno mismo, al conectar la trinidad divina que todos llevamos dentro. Sea cual sea la trinidad escogida. La Triqueta es un talism\u00e1n muy Poderoso<\/p>\n<p>Tiene muchos significados detr\u00e1s de ella, simboliza a la vida, a la muerte y renacimiento a las tres fuerzas de la naturaleza: Tierra, Aire Y Agua. Los tres c\u00edrculos interiores simbolizan el elemento femenino de la fertilidad.<\/p>\n<p>Cambien es mejor conocida como:<\/p>\n<p>-La Diosa Triple<br \/>\n-La joven madre<br \/>\n-La vieja<\/p>\n<p>Representan las diferentes etapas de la vida de la mujer ( y el hombre ). Nacidos en la inocencia, inspiradora a crear y despu\u00e9s encarnar la sabidur\u00eda.<\/p>\n<p>Representa la santa trinidad del padre, el hijo y el esp\u00edritu santo. El circulo continuo representa a la eternidad; la naturaleza entretejida del s\u00edmbolo denota la indivisibilidad y la igualdad de la Santa Trinidad. Simboliza que el esp\u00edritu santo es 3 seres de poder, honor y gloria pero es indivisible de Dios.<\/p>\n<p>&nbsp;<\/p>\n<p>&nbsp;<\/p>\n<p>&nbsp;<\/p>\n<p><strong>BAZAR MERLIN\u00ae<\/strong><br \/>\n<strong>El Lugar M\u00e1s M\u00edstico de Guadalajara<\/strong><br \/>\n<strong>ENVIAMOS A TODO M\u00c9XICO&#8230;<\/strong><\/p>\n<!-- AddThis Advanced Settings generic via filter on the_content --><!-- AddThis Share Buttons generic via filter on the_content -->","protected":false},"excerpt":{"rendered":"<p>DIJE WICCA DE LA TRIQUETA EN FINA PLATA 3 Cm Altura x 2.5 Cm de Ancho (Contando el Pasacadena) Destruye todas las envidias, da\u00f1os y enfermedades, atrae \u00e9xito en todo lo que emprendas ya que canaliza las energ\u00edas del universo al dije purificando cualquier da\u00f1o y abri\u00e9ndote caminos en todo lo que emprendas de una&hellip;<!-- AddThis Advanced Settings generic via filter on get_the_excerpt --><!-- AddThis Share Buttons generic via filter on get_the_excerpt --><\/p>\n","protected":false},"featured_media":10654,"template":"","meta":[],"product_cat":[12],"product_tag":[2027],"_links":{"self":[{"href":"https:\/\/www.bazarmerlin.com\/inicio\/wp-json\/wp\/v2\/product\/8928"}],"collection":[{"href":"https:\/\/www.bazarmerlin.com\/inicio\/wp-json\/wp\/v2\/product"}],"about":[{"href":"https:\/\/www.bazarmerlin.com\/inicio\/wp-json\/wp\/v2\/types\/product"}],"wp:featuredmedia":[{"embeddable":true,"href":"https:\/\/www.bazarmerlin.com\/inicio\/wp-json\/wp\/v2\/media\/10654"}],"wp:attachment":[{"href":"https:\/\/www.bazarmerlin.com\/inicio\/wp-json\/wp\/v2\/media?parent=8928"}],"wp:term":[{"taxonomy":"product_cat","embeddable":true,"href":"https:\/\/www.bazarmerlin.com\/inicio\/wp-json\/wp\/v2\/product_cat?post=8928"},{"taxonomy":"product_tag","embeddable":true,"href":"https:\/\/www.bazarmerlin.com\/inicio\/wp-json\/wp\/v2\/product_tag?post=8928"}],"curies":[{"name":"wp","href":"https:\/\/api.w.org\/{rel}","templated":true}]}}