{"id":8935,"date":"2022-05-26T21:52:09","date_gmt":"2022-05-26T21:52:09","guid":{"rendered":"https:\/\/www.bazarmerlin.com\/inicio\/?post_type=product&#038;p=8935"},"modified":"2022-12-21T23:59:26","modified_gmt":"2022-12-21T23:59:26","slug":"riego-fuerte-contra-trabajo-negro","status":"publish","type":"product","link":"https:\/\/www.bazarmerlin.com\/inicio\/producto\/riego-fuerte-contra-trabajo-negro\/","title":{"rendered":"Riego Fuerte &#8211; Contra Trabajo Negro"},"content":{"rendered":"<p><strong>RIEGO FUERTE<\/strong><br \/>\n<em><strong>Contenido: 1 Litro<\/strong><\/em><\/p>\n<p>RIEGO FUERTE CONTRA TRABAJO NEGRO<br \/>\nPARA RETIRAR ENVIDIAS Y MALAS VIBRAS<\/p>\n<p>MUY EFECTIVO PARA CASAS, NEGOCIOS, OFICINAS, AUTOM\u00d3VIL Y PROTECCI\u00d3N PERSONAL<\/p>\n<p>Indicado para las personas que son OBJETIVO continuo de BRUJER\u00cdAS que les impiden que sus asuntos tengan \u00c9XITO<\/p>\n<p>Al usarla tendr\u00e1 en su vida TRIUNFO, FORTUNA, PROTECCI\u00d3N Y VICTORIA en todo lo que realice CONTRA hechizos y trabajos, BLOQUEOS Y MALA SUERTE EN GENERAL<\/p>\n<p>Riego Fuerte elaborado ARTESANALMENTE por SANTEROS EXPERTOS y hecho con EXTRACTOS DE HIERBAS Y ACEITES ESENCIALES.<\/p>\n<p>&nbsp;<\/p>\n<p>&nbsp;<\/p>\n<p>&nbsp;<\/p>\n<p><strong>BAZAR MERLIN<\/strong><br \/>\n<strong>El Lugar M\u00e1s M\u00edstico de Guadalajara<\/strong><br \/>\n<strong>ENVIAMOS A TODO M\u00c9XICO&#8230;<\/strong><\/p>\n<!-- AddThis Advanced Settings generic via filter on the_content --><!-- AddThis Share Buttons generic via filter on the_content -->","protected":false},"excerpt":{"rendered":"<p>RIEGO FUERTE Contenido: 1 Litro RIEGO FUERTE CONTRA TRABAJO NEGRO PARA RETIRAR ENVIDIAS Y MALAS VIBRAS MUY EFECTIVO PARA CASAS, NEGOCIOS, OFICINAS, AUTOM\u00d3VIL Y PROTECCI\u00d3N PERSONAL Indicado para las personas que son OBJETIVO continuo de BRUJER\u00cdAS que les impiden que sus asuntos tengan \u00c9XITO Al usarla tendr\u00e1 en su vida TRIUNFO, FORTUNA, PROTECCI\u00d3N Y VICTORIA&hellip;<!-- AddThis Advanced Settings generic via filter on get_the_excerpt --><!-- AddThis Share Buttons generic via filter on get_the_excerpt --><\/p>\n","protected":false},"featured_media":9440,"template":"","meta":[],"product_cat":[14],"product_tag":[2031,2030],"_links":{"self":[{"href":"https:\/\/www.bazarmerlin.com\/inicio\/wp-json\/wp\/v2\/product\/8935"}],"collection":[{"href":"https:\/\/www.bazarmerlin.com\/inicio\/wp-json\/wp\/v2\/product"}],"about":[{"href":"https:\/\/www.bazarmerlin.com\/inicio\/wp-json\/wp\/v2\/types\/product"}],"wp:featuredmedia":[{"embeddable":true,"href":"https:\/\/www.bazarmerlin.com\/inicio\/wp-json\/wp\/v2\/media\/9440"}],"wp:attachment":[{"href":"https:\/\/www.bazarmerlin.com\/inicio\/wp-json\/wp\/v2\/media?parent=8935"}],"wp:term":[{"taxonomy":"product_cat","embeddable":true,"href":"https:\/\/www.bazarmerlin.com\/inicio\/wp-json\/wp\/v2\/product_cat?post=8935"},{"taxonomy":"product_tag","embeddable":true,"href":"https:\/\/www.bazarmerlin.com\/inicio\/wp-json\/wp\/v2\/product_tag?post=8935"}],"curies":[{"name":"wp","href":"https:\/\/api.w.org\/{rel}","templated":true}]}}