{"id":8941,"date":"2022-05-26T22:20:56","date_gmt":"2022-05-26T22:20:56","guid":{"rendered":"https:\/\/www.bazarmerlin.com\/inicio\/?post_type=product&#038;p=8941"},"modified":"2024-08-12T02:13:52","modified_gmt":"2024-08-12T02:13:52","slug":"unico-amuleto-cubano-para-abundancia-preparado-por-santeros","status":"publish","type":"product","link":"https:\/\/www.bazarmerlin.com\/inicio\/producto\/unico-amuleto-cubano-para-abundancia-preparado-por-santeros\/","title":{"rendered":"Amuleto Para Abundancia Preparado"},"content":{"rendered":"<p><strong>PODEROSO AMULETO DE LA ABUNDANCIA Y PROTECCION<\/strong><br \/>\n<em><strong>PREPARADO\u00a0<\/strong><\/em><\/p>\n<p>Totalmente hecho a mano para cada persona de acuerdo a sus ascendentes astrol\u00f3gicos activando as\u00ed su energ\u00eda para cada persona y abriendo caminos al \u00c9XITO Y LA ABUNDANCIA.<\/p>\n<p>Cada amuleto tiene su propia influencia \u00fanica en materia de energ\u00eda en la direcci\u00f3n correcta.<\/p>\n<p>Este es el poderoso talism\u00e1n de la abundancia SE PREPARA A MANO PARA QUIEN LO USARA, a\u00f1adiendo los ingredientes que son correctos y que te ayudara a atraer \u00e9xito a todo lo que emprendas econ\u00f3micamente como laboral mente. Si la buena suerte es lo que est\u00e1s buscando,con este poderoso talism\u00e1n lo obtendr\u00e1s.<\/p>\n<p>Ademas de darte protecci\u00f3n contra el mal, accidentes y mala suerte te abrir\u00e1 caminos en todo lo que emprendas ya que fuerza espiritual del AMULETO DE LA ABUNDANCIA te dar\u00e1 eso y mas, como el \u00e9xito anelado en tu negocio, mas ventas o clientes a tu negocio,<br \/>\ncomo ademas el dinero te rendir\u00e1 mas y se multiplicara f\u00e1cilmente y r\u00e1pidamente.<\/p>\n<p>Aleja de tu entorno y de tus familiares queridos la mala suerte y atrae todo lo que siempre so\u00f1aste.<\/p>\n<p>&nbsp;<\/p>\n<p>&nbsp;<\/p>\n<p>&nbsp;<\/p>\n<p><strong>BAZAR MERL\u00cdN<\/strong><br \/>\n<strong>El Lugar M\u00e1s M\u00edstico de Guadalajara<\/strong><br \/>\n<strong>ENVIAMOS A TODO M\u00c9XICO&#8230;<\/strong><\/p>\n<!-- AddThis Advanced Settings generic via filter on the_content --><!-- AddThis Share Buttons generic via filter on the_content -->","protected":false},"excerpt":{"rendered":"<p>PODEROSO AMULETO DE LA ABUNDANCIA Y PROTECCION PREPARADO\u00a0 Totalmente hecho a mano para cada persona de acuerdo a sus ascendentes astrol\u00f3gicos activando as\u00ed su energ\u00eda para cada persona y abriendo caminos al \u00c9XITO Y LA ABUNDANCIA. Cada amuleto tiene su propia influencia \u00fanica en materia de energ\u00eda en la direcci\u00f3n correcta. Este es el poderoso&hellip;<!-- AddThis Advanced Settings generic via filter on get_the_excerpt --><!-- AddThis Share Buttons generic via filter on get_the_excerpt --><\/p>\n","protected":false},"featured_media":10773,"template":"","meta":[],"product_cat":[12],"product_tag":[2032],"_links":{"self":[{"href":"https:\/\/www.bazarmerlin.com\/inicio\/wp-json\/wp\/v2\/product\/8941"}],"collection":[{"href":"https:\/\/www.bazarmerlin.com\/inicio\/wp-json\/wp\/v2\/product"}],"about":[{"href":"https:\/\/www.bazarmerlin.com\/inicio\/wp-json\/wp\/v2\/types\/product"}],"wp:featuredmedia":[{"embeddable":true,"href":"https:\/\/www.bazarmerlin.com\/inicio\/wp-json\/wp\/v2\/media\/10773"}],"wp:attachment":[{"href":"https:\/\/www.bazarmerlin.com\/inicio\/wp-json\/wp\/v2\/media?parent=8941"}],"wp:term":[{"taxonomy":"product_cat","embeddable":true,"href":"https:\/\/www.bazarmerlin.com\/inicio\/wp-json\/wp\/v2\/product_cat?post=8941"},{"taxonomy":"product_tag","embeddable":true,"href":"https:\/\/www.bazarmerlin.com\/inicio\/wp-json\/wp\/v2\/product_tag?post=8941"}],"curies":[{"name":"wp","href":"https:\/\/api.w.org\/{rel}","templated":true}]}}