{"id":8945,"date":"2022-05-26T22:35:07","date_gmt":"2022-05-26T22:35:07","guid":{"rendered":"https:\/\/www.bazarmerlin.com\/inicio\/?post_type=product&#038;p=8945"},"modified":"2022-11-04T00:06:55","modified_gmt":"2022-11-04T00:06:55","slug":"elefante-de-cuarzos-altura-7cm-buena-suerte-y-proteccion","status":"publish","type":"product","link":"https:\/\/www.bazarmerlin.com\/inicio\/producto\/elefante-de-cuarzos-altura-7cm-buena-suerte-y-proteccion\/","title":{"rendered":"Elefante De Cuarzos Altura 7cm &#8211; Buena Suerte Y Protecci\u00f3n"},"content":{"rendered":"<p><strong>AMULETO ELEFANTE DE CUARZOS PARA BUENA SUERTE Y PROTECCI\u00d3N<\/strong><br \/>\n<em><strong>7 Cm de Altura Aproximado<\/strong><\/em><\/p>\n<p>OJO: los cuarzos de cada Elefante pueden variar<br \/>\npor ser una figura hecha artesanalmente.<\/p>\n<p>EL ELEFANTE COMO AMULETO tiene una procedencia hind\u00fa y surge de la leyenda Ganesha, el dios con cabeza de elefante del pante\u00f3n hind\u00fa, quien ERA HIJO DEL DIOS SHIVA Y LA DIOSA PARVATI.<\/p>\n<p>Por esta leyenda, las figurillas de elefante en su forma animal est\u00e1n tan estrechamente relacionadas con la protecci\u00f3n del hogar y de la familia. Adem\u00e1s, en la India se cree que el elefante es un animal que posee una gran inteligencia, por este motivo a Ganesha en su calidad de dios de la sabidur\u00eda, se lo invoca al iniciar una empresa de importancia o una nueva etapa.<\/p>\n<p>Se pide la inteligencia, el talento y la sabidur\u00eda para emprender estas acciones con los m\u00ednimos obst\u00e1culos, ya que con su trompa aplasta todo tipo de dificultades.<\/p>\n<p>PARA QUE EL AMULETO DE BUENA SUERTE, la figura del elefante tiene que adoptar una postura determinada: de posici\u00f3n de marcha y con la trompo levantada y doblada hac\u00eda atr\u00e1s. La trompa levantada impide que la buena suerte se escape, adem\u00e1s, el que lleve al elefante ser\u00e1 bendecido con riqueza, trabajo y buena memoria.<\/p>\n<p>&nbsp;<\/p>\n<p>&nbsp;<\/p>\n<div class=\"ui-pdp-container__row ui-pdp-container__row--description\">\n<div class=\"ui-pdp-description\">\n<p><strong>BAZAR MERLIN<\/strong><br \/>\n<strong>El Lugar M\u00e1s M\u00edstico de Guadalajara<\/strong><br \/>\n<strong>ENVIAMOS A TODO M\u00c9XICO&#8230;<\/strong><\/p>\n<\/div>\n<\/div>\n<!-- AddThis Advanced Settings generic via filter on the_content --><!-- AddThis Share Buttons generic via filter on the_content -->","protected":false},"excerpt":{"rendered":"<p>AMULETO ELEFANTE DE CUARZOS PARA BUENA SUERTE Y PROTECCI\u00d3N 7 Cm de Altura Aproximado OJO: los cuarzos de cada Elefante pueden variar por ser una figura hecha artesanalmente. EL ELEFANTE COMO AMULETO tiene una procedencia hind\u00fa y surge de la leyenda Ganesha, el dios con cabeza de elefante del pante\u00f3n hind\u00fa, quien ERA HIJO DEL&hellip;<!-- AddThis Advanced Settings generic via filter on get_the_excerpt --><!-- AddThis Share Buttons generic via filter on get_the_excerpt --><\/p>\n","protected":false},"featured_media":10658,"template":"","meta":[],"product_cat":[12],"product_tag":[2035,2034],"_links":{"self":[{"href":"https:\/\/www.bazarmerlin.com\/inicio\/wp-json\/wp\/v2\/product\/8945"}],"collection":[{"href":"https:\/\/www.bazarmerlin.com\/inicio\/wp-json\/wp\/v2\/product"}],"about":[{"href":"https:\/\/www.bazarmerlin.com\/inicio\/wp-json\/wp\/v2\/types\/product"}],"wp:featuredmedia":[{"embeddable":true,"href":"https:\/\/www.bazarmerlin.com\/inicio\/wp-json\/wp\/v2\/media\/10658"}],"wp:attachment":[{"href":"https:\/\/www.bazarmerlin.com\/inicio\/wp-json\/wp\/v2\/media?parent=8945"}],"wp:term":[{"taxonomy":"product_cat","embeddable":true,"href":"https:\/\/www.bazarmerlin.com\/inicio\/wp-json\/wp\/v2\/product_cat?post=8945"},{"taxonomy":"product_tag","embeddable":true,"href":"https:\/\/www.bazarmerlin.com\/inicio\/wp-json\/wp\/v2\/product_tag?post=8945"}],"curies":[{"name":"wp","href":"https:\/\/api.w.org\/{rel}","templated":true}]}}